{"id":10596,"date":"2023-02-23T10:09:42","date_gmt":"2023-02-23T09:09:42","guid":{"rendered":"https:\/\/kvoev-actp.ch\/manifestations\/manifestation-nationale-ch-1-2023\/"},"modified":"2024-02-26T16:00:29","modified_gmt":"2024-02-26T15:00:29","slug":"manifestation-nationale-ch-1-2023","status":"publish","type":"page","link":"https:\/\/www.kvoev-actp.ch\/fr\/manifestations\/manifestation-nationale-ch-1-2023\/","title":{"rendered":"Manifestation nationale CH-1 \/ 2023"},"content":{"rendered":"\t\t<div data-elementor-type=\"wp-page\" data-elementor-id=\"10596\" class=\"elementor elementor-10596 elementor-10576\" data-elementor-post-type=\"page\">\n\t\t\t\t\t\t<section class=\"elementor-section elementor-top-section elementor-element elementor-element-692a7aa elementor-section-boxed elementor-section-height-default elementor-section-height-default\" data-id=\"692a7aa\" data-element_type=\"section\" data-e-type=\"section\">\n\t\t\t\t\t\t<div class=\"elementor-container elementor-column-gap-default\">\n\t\t\t\t\t<div class=\"elementor-column elementor-col-100 elementor-top-column elementor-element elementor-element-4ce95e6\" data-id=\"4ce95e6\" data-element_type=\"column\" data-e-type=\"column\">\n\t\t\t<div class=\"elementor-widget-wrap elementor-element-populated\">\n\t\t\t\t\t\t<div class=\"elementor-element elementor-element-4c85422 elementor-widget elementor-widget-spacer\" data-id=\"4c85422\" data-element_type=\"widget\" data-e-type=\"widget\" data-widget_type=\"spacer.default\">\n\t\t\t\t<div class=\"elementor-widget-container\">\n\t\t\t\t\t\t\t<div class=\"elementor-spacer\">\n\t\t\t<div class=\"elementor-spacer-inner\"><\/div>\n\t\t<\/div>\n\t\t\t\t\t\t<\/div>\n\t\t\t\t<\/div>\n\t\t\t\t\t<\/div>\n\t\t<\/div>\n\t\t\t\t\t<\/div>\n\t\t<\/section>\n\t\t\t\t<section class=\"elementor-section elementor-top-section elementor-element elementor-element-cad4272 elementor-section-boxed elementor-section-height-default elementor-section-height-default\" data-id=\"cad4272\" data-element_type=\"section\" data-e-type=\"section\">\n\t\t\t\t\t\t<div class=\"elementor-container elementor-column-gap-default\">\n\t\t\t\t\t<div class=\"elementor-column elementor-col-100 elementor-top-column elementor-element elementor-element-4f12459\" data-id=\"4f12459\" data-element_type=\"column\" data-e-type=\"column\">\n\t\t\t<div class=\"elementor-widget-wrap elementor-element-populated\">\n\t\t\t\t\t\t<div class=\"elementor-element elementor-element-ee5a179 elementor-widget elementor-widget-heading\" data-id=\"ee5a179\" data-element_type=\"widget\" data-e-type=\"widget\" data-widget_type=\"heading.default\">\n\t\t\t\t<div class=\"elementor-widget-container\">\n\t\t\t\t\t<h1 class=\"elementor-heading-title elementor-size-default\">Manifestation nationale CH-1 \/ 2023<\/h1>\t\t\t\t<\/div>\n\t\t\t\t<\/div>\n\t\t\t\t\t<\/div>\n\t\t<\/div>\n\t\t\t\t\t<\/div>\n\t\t<\/section>\n\t\t\t\t<section class=\"elementor-section elementor-top-section elementor-element elementor-element-f86014d elementor-section-boxed elementor-section-height-default elementor-section-height-default\" data-id=\"f86014d\" data-element_type=\"section\" data-e-type=\"section\">\n\t\t\t\t\t\t<div class=\"elementor-container elementor-column-gap-default\">\n\t\t\t\t\t<div class=\"elementor-column elementor-col-100 elementor-top-column elementor-element elementor-element-4a7e824\" data-id=\"4a7e824\" data-element_type=\"column\" data-e-type=\"column\">\n\t\t\t<div class=\"elementor-widget-wrap elementor-element-populated\">\n\t\t\t\t\t\t<div class=\"elementor-element elementor-element-8364422 elementor-widget elementor-widget-text-editor\" data-id=\"8364422\" data-element_type=\"widget\" data-e-type=\"widget\" data-widget_type=\"text-editor.default\">\n\t\t\t\t<div class=\"elementor-widget-container\">\n\t\t\t\t\t\t\t\t\t<h2><strong><span style=\"color: #993300;\">\u00ab D\u00e9fis strat\u00e9giques du BLS \u00bb<\/span><\/strong><\/h2>\n<h3><strong><span style=\"color: #993300;\">Intervenant Daniel Schafer, CEO du BLS SA <\/span><\/strong><\/h3>\n\t\t\t\t\t\t\t\t<\/div>\n\t\t\t\t<\/div>\n\t\t\t\t\t<\/div>\n\t\t<\/div>\n\t\t\t\t\t<\/div>\n\t\t<\/section>\n\t\t\t\t<section class=\"elementor-section elementor-top-section elementor-element elementor-element-09641b2 elementor-section-boxed elementor-section-height-default elementor-section-height-default\" data-id=\"09641b2\" data-element_type=\"section\" data-e-type=\"section\">\n\t\t\t\t\t\t<div class=\"elementor-container elementor-column-gap-default\">\n\t\t\t\t\t<div class=\"elementor-column elementor-col-33 elementor-top-column elementor-element elementor-element-9c46ee6\" data-id=\"9c46ee6\" data-element_type=\"column\" data-e-type=\"column\">\n\t\t\t<div class=\"elementor-widget-wrap elementor-element-populated\">\n\t\t\t\t\t\t<div class=\"elementor-element elementor-element-5314417 elementor-widget elementor-widget-image\" data-id=\"5314417\" data-element_type=\"widget\" data-e-type=\"widget\" data-widget_type=\"image.default\">\n\t\t\t\t<div class=\"elementor-widget-container\">\n\t\t\t\t\t\t\t\t\t\t\t\t\t\t\t<img fetchpriority=\"high\" decoding=\"async\" width=\"300\" height=\"300\" src=\"https:\/\/www.kvoev-actp.ch\/wp-content\/uploads\/2023\/02\/schafer-ceo-bls-300.jpg\" class=\"attachment-large size-large wp-image-10573\" alt=\"\" srcset=\"https:\/\/www.kvoev-actp.ch\/wp-content\/uploads\/2023\/02\/schafer-ceo-bls-300.jpg 300w, https:\/\/www.kvoev-actp.ch\/wp-content\/uploads\/2023\/02\/schafer-ceo-bls-300-150x150.jpg 150w, https:\/\/www.kvoev-actp.ch\/wp-content\/uploads\/2023\/02\/schafer-ceo-bls-300-285x285.jpg 285w\" sizes=\"(max-width: 300px) 100vw, 300px\" \/>\t\t\t\t\t\t\t\t\t\t\t\t\t\t\t<\/div>\n\t\t\t\t<\/div>\n\t\t\t\t\t<\/div>\n\t\t<\/div>\n\t\t\t\t<div class=\"elementor-column elementor-col-66 elementor-top-column elementor-element elementor-element-4b69638\" data-id=\"4b69638\" data-element_type=\"column\" data-e-type=\"column\">\n\t\t\t<div class=\"elementor-widget-wrap elementor-element-populated\">\n\t\t\t\t\t\t<div class=\"elementor-element elementor-element-1f3b3b8 elementor-widget elementor-widget-text-editor\" data-id=\"1f3b3b8\" data-element_type=\"widget\" data-e-type=\"widget\" data-widget_type=\"text-editor.default\">\n\t\t\t\t<div class=\"elementor-widget-container\">\n\t\t\t\t\t\t\t\t\t<p>Nous avons le plaisir d&#8217;accueillir M. Daniel Schafer, CEO du BLS, en tant qu\u2019intervenant sur ce th\u00e8me. L&#8217;ancien chef d\u2019Energie Wasser Bern (EWB), le fournisseur d\u2019\u00e9nergie de la Ville de Berne, dirige le BLS depuis septembre 2021. Il a suivi des \u00e9tudes d&#8217;\u00e9lectrotechnique \u00e0 l&#8217;EPFL de Lausanne ainsi que plusieurs formations continues en gestion d&#8217;entreprise, notamment \u00e0 l&#8217;INSEAD. Il habite \u00e0 Nieder\u00f6nz dans le canton de Berne.<\/p>\n<p>Par son expos\u00e9, il nous expliquera quels sont les d\u00e9fis strat\u00e9giques auxquels le BLS doit faire face et comment il a l&#8217;intention de les aborder.<\/p>\n\t\t\t\t\t\t\t\t<\/div>\n\t\t\t\t<\/div>\n\t\t\t\t\t<\/div>\n\t\t<\/div>\n\t\t\t\t\t<\/div>\n\t\t<\/section>\n\t\t\t\t<section class=\"elementor-section elementor-top-section elementor-element elementor-element-ef5f5e5 elementor-section-boxed elementor-section-height-default elementor-section-height-default\" data-id=\"ef5f5e5\" data-element_type=\"section\" data-e-type=\"section\">\n\t\t\t\t\t\t<div class=\"elementor-container elementor-column-gap-default\">\n\t\t\t\t\t<div class=\"elementor-column elementor-col-100 elementor-top-column elementor-element elementor-element-fec02f1\" data-id=\"fec02f1\" data-element_type=\"column\" data-e-type=\"column\">\n\t\t\t<div class=\"elementor-widget-wrap elementor-element-populated\">\n\t\t\t\t\t\t<div class=\"elementor-element elementor-element-99959e3 elementor-widget elementor-widget-spacer\" data-id=\"99959e3\" data-element_type=\"widget\" data-e-type=\"widget\" data-widget_type=\"spacer.default\">\n\t\t\t\t<div class=\"elementor-widget-container\">\n\t\t\t\t\t\t\t<div class=\"elementor-spacer\">\n\t\t\t<div class=\"elementor-spacer-inner\"><\/div>\n\t\t<\/div>\n\t\t\t\t\t\t<\/div>\n\t\t\t\t<\/div>\n\t\t\t\t\t<\/div>\n\t\t<\/div>\n\t\t\t\t\t<\/div>\n\t\t<\/section>\n\t\t\t\t<section class=\"elementor-section elementor-top-section elementor-element elementor-element-fdb2002 elementor-section-boxed elementor-section-height-default elementor-section-height-default\" data-id=\"fdb2002\" data-element_type=\"section\" data-e-type=\"section\">\n\t\t\t\t\t\t<div class=\"elementor-container elementor-column-gap-default\">\n\t\t\t\t\t<div class=\"elementor-column elementor-col-100 elementor-top-column elementor-element elementor-element-d969153\" data-id=\"d969153\" data-element_type=\"column\" data-e-type=\"column\">\n\t\t\t<div class=\"elementor-widget-wrap elementor-element-populated\">\n\t\t\t\t\t\t<div class=\"elementor-element elementor-element-0c2f5ae elementor-widget elementor-widget-button\" data-id=\"0c2f5ae\" data-element_type=\"widget\" data-e-type=\"widget\" data-widget_type=\"button.default\">\n\t\t\t\t<div class=\"elementor-widget-container\">\n\t\t\t\t\t\t\t\t\t<div class=\"elementor-button-wrapper\">\n\t\t\t\t\t<a class=\"elementor-button elementor-button-link elementor-size-sm\" href=\"https:\/\/www.kvoev-actp.ch\/wp-content\/uploads\/2023\/04\/230330_Praesentation-BLS-KVoeV-Anlass-CH-1-2023-vom-30-mar-23.pdf\">\n\t\t\t\t\t\t<span class=\"elementor-button-content-wrapper\">\n\t\t\t\t\t\t\t\t\t<span class=\"elementor-button-text\">Expos\u00e9 BLS<\/span>\n\t\t\t\t\t<\/span>\n\t\t\t\t\t<\/a>\n\t\t\t\t<\/div>\n\t\t\t\t\t\t\t\t<\/div>\n\t\t\t\t<\/div>\n\t\t\t\t\t<\/div>\n\t\t<\/div>\n\t\t\t\t\t<\/div>\n\t\t<\/section>\n\t\t\t\t<section class=\"elementor-section elementor-top-section elementor-element elementor-element-12c16f7 elementor-section-boxed elementor-section-height-default elementor-section-height-default\" data-id=\"12c16f7\" data-element_type=\"section\" data-e-type=\"section\">\n\t\t\t\t\t\t<div class=\"elementor-container elementor-column-gap-default\">\n\t\t\t\t\t<div class=\"elementor-column elementor-col-100 elementor-top-column elementor-element elementor-element-c4d4fb4\" data-id=\"c4d4fb4\" data-element_type=\"column\" data-e-type=\"column\">\n\t\t\t<div class=\"elementor-widget-wrap elementor-element-populated\">\n\t\t\t\t\t\t<div class=\"elementor-element elementor-element-0239b29 elementor-widget elementor-widget-spacer\" data-id=\"0239b29\" data-element_type=\"widget\" data-e-type=\"widget\" data-widget_type=\"spacer.default\">\n\t\t\t\t<div class=\"elementor-widget-container\">\n\t\t\t\t\t\t\t<div class=\"elementor-spacer\">\n\t\t\t<div class=\"elementor-spacer-inner\"><\/div>\n\t\t<\/div>\n\t\t\t\t\t\t<\/div>\n\t\t\t\t<\/div>\n\t\t\t\t\t<\/div>\n\t\t<\/div>\n\t\t\t\t\t<\/div>\n\t\t<\/section>\n\t\t\t\t<section class=\"elementor-section elementor-top-section elementor-element elementor-element-56c0123 elementor-section-boxed elementor-section-height-default elementor-section-height-default\" data-id=\"56c0123\" data-element_type=\"section\" data-e-type=\"section\">\n\t\t\t\t\t\t<div class=\"elementor-container elementor-column-gap-default\">\n\t\t\t\t\t<div class=\"elementor-column elementor-col-100 elementor-top-column elementor-element elementor-element-03981f8\" data-id=\"03981f8\" data-element_type=\"column\" data-e-type=\"column\">\n\t\t\t<div class=\"elementor-widget-wrap elementor-element-populated\">\n\t\t\t\t\t\t<div class=\"elementor-element elementor-element-a16beb9 elementor-widget elementor-widget-gallery\" data-id=\"a16beb9\" data-element_type=\"widget\" data-e-type=\"widget\" data-settings=\"{&quot;lazyload&quot;:&quot;yes&quot;,&quot;gallery_layout&quot;:&quot;grid&quot;,&quot;columns&quot;:4,&quot;columns_tablet&quot;:2,&quot;columns_mobile&quot;:1,&quot;gap&quot;:{&quot;unit&quot;:&quot;px&quot;,&quot;size&quot;:10,&quot;sizes&quot;:[]},&quot;gap_tablet&quot;:{&quot;unit&quot;:&quot;px&quot;,&quot;size&quot;:10,&quot;sizes&quot;:[]},&quot;gap_mobile&quot;:{&quot;unit&quot;:&quot;px&quot;,&quot;size&quot;:10,&quot;sizes&quot;:[]},&quot;link_to&quot;:&quot;file&quot;,&quot;aspect_ratio&quot;:&quot;3:2&quot;,&quot;overlay_background&quot;:&quot;yes&quot;,&quot;content_hover_animation&quot;:&quot;fade-in&quot;}\" data-widget_type=\"gallery.default\">\n\t\t\t\t<div class=\"elementor-widget-container\">\n\t\t\t\t\t\t\t<div class=\"elementor-gallery__container\">\n\t\t\t\t\t\t\t<a class=\"e-gallery-item elementor-gallery-item elementor-animated-content\" href=\"https:\/\/www.kvoev-actp.ch\/wp-content\/uploads\/2023\/04\/CH1-23-Anlass_30-mar-23-0-1200.jpg\" data-elementor-open-lightbox=\"yes\" data-elementor-lightbox-slideshow=\"a16beb9\" data-e-action-hash=\"#elementor-action%3Aaction%3Dlightbox%26settings%3DeyJpZCI6MTExNzUsInVybCI6Imh0dHBzOlwvXC93d3cua3ZvZXYtYWN0cC5jaFwvd3AtY29udGVudFwvdXBsb2Fkc1wvMjAyM1wvMDRcL0NIMS0yMy1Bbmxhc3NfMzAtbWFyLTIzLTAtMTIwMC5qcGciLCJzbGlkZXNob3ciOiJhMTZiZWI5In0%3D\">\n\t\t\t\t\t<div class=\"e-gallery-image elementor-gallery-item__image\" data-thumbnail=\"https:\/\/www.kvoev-actp.ch\/wp-content\/uploads\/2023\/04\/CH1-23-Anlass_30-mar-23-0-1200-300x190.jpg\" data-width=\"300\" data-height=\"190\" aria-label=\"\" role=\"img\" ><\/div>\n\t\t\t\t\t\t\t\t\t\t\t<div class=\"elementor-gallery-item__overlay\"><\/div>\n\t\t\t\t\t\t\t\t\t\t\t\t\t\t<\/a>\n\t\t\t\t\t\t\t<a class=\"e-gallery-item elementor-gallery-item elementor-animated-content\" href=\"https:\/\/www.kvoev-actp.ch\/wp-content\/uploads\/2023\/04\/CH1_23-Anlass_30-mar-23-12-1200.jpg\" data-elementor-open-lightbox=\"yes\" data-elementor-lightbox-slideshow=\"a16beb9\" data-e-action-hash=\"#elementor-action%3Aaction%3Dlightbox%26settings%3DeyJpZCI6MTExNzMsInVybCI6Imh0dHBzOlwvXC93d3cua3ZvZXYtYWN0cC5jaFwvd3AtY29udGVudFwvdXBsb2Fkc1wvMjAyM1wvMDRcL0NIMV8yMy1Bbmxhc3NfMzAtbWFyLTIzLTEyLTEyMDAuanBnIiwic2xpZGVzaG93IjoiYTE2YmViOSJ9\">\n\t\t\t\t\t<div class=\"e-gallery-image elementor-gallery-item__image\" data-thumbnail=\"https:\/\/www.kvoev-actp.ch\/wp-content\/uploads\/2023\/04\/CH1_23-Anlass_30-mar-23-12-1200-300x300.jpg\" data-width=\"300\" data-height=\"300\" aria-label=\"\" role=\"img\" ><\/div>\n\t\t\t\t\t\t\t\t\t\t\t<div class=\"elementor-gallery-item__overlay\"><\/div>\n\t\t\t\t\t\t\t\t\t\t\t\t\t\t<\/a>\n\t\t\t\t\t\t\t<a class=\"e-gallery-item elementor-gallery-item elementor-animated-content\" href=\"https:\/\/www.kvoev-actp.ch\/wp-content\/uploads\/2023\/04\/CH1_23-Anlass_30-mar-23-11-1200.jpg\" data-elementor-open-lightbox=\"yes\" data-elementor-lightbox-slideshow=\"a16beb9\" data-e-action-hash=\"#elementor-action%3Aaction%3Dlightbox%26settings%3DeyJpZCI6MTExNzEsInVybCI6Imh0dHBzOlwvXC93d3cua3ZvZXYtYWN0cC5jaFwvd3AtY29udGVudFwvdXBsb2Fkc1wvMjAyM1wvMDRcL0NIMV8yMy1Bbmxhc3NfMzAtbWFyLTIzLTExLTEyMDAuanBnIiwic2xpZGVzaG93IjoiYTE2YmViOSJ9\">\n\t\t\t\t\t<div class=\"e-gallery-image elementor-gallery-item__image\" data-thumbnail=\"https:\/\/www.kvoev-actp.ch\/wp-content\/uploads\/2023\/04\/CH1_23-Anlass_30-mar-23-11-1200-300x169.jpg\" data-width=\"300\" data-height=\"169\" aria-label=\"\" role=\"img\" ><\/div>\n\t\t\t\t\t\t\t\t\t\t\t<div class=\"elementor-gallery-item__overlay\"><\/div>\n\t\t\t\t\t\t\t\t\t\t\t\t\t\t<\/a>\n\t\t\t\t\t\t\t<a class=\"e-gallery-item elementor-gallery-item elementor-animated-content\" href=\"https:\/\/www.kvoev-actp.ch\/wp-content\/uploads\/2023\/04\/CH1_23-Anlass_30-mar-23-10-1200.jpg\" data-elementor-open-lightbox=\"yes\" data-elementor-lightbox-slideshow=\"a16beb9\" data-e-action-hash=\"#elementor-action%3Aaction%3Dlightbox%26settings%3DeyJpZCI6MTExNjksInVybCI6Imh0dHBzOlwvXC93d3cua3ZvZXYtYWN0cC5jaFwvd3AtY29udGVudFwvdXBsb2Fkc1wvMjAyM1wvMDRcL0NIMV8yMy1Bbmxhc3NfMzAtbWFyLTIzLTEwLTEyMDAuanBnIiwic2xpZGVzaG93IjoiYTE2YmViOSJ9\">\n\t\t\t\t\t<div class=\"e-gallery-image elementor-gallery-item__image\" data-thumbnail=\"https:\/\/www.kvoev-actp.ch\/wp-content\/uploads\/2023\/04\/CH1_23-Anlass_30-mar-23-10-1200-300x169.jpg\" data-width=\"300\" data-height=\"169\" aria-label=\"\" role=\"img\" ><\/div>\n\t\t\t\t\t\t\t\t\t\t\t<div class=\"elementor-gallery-item__overlay\"><\/div>\n\t\t\t\t\t\t\t\t\t\t\t\t\t\t<\/a>\n\t\t\t\t\t\t\t<a class=\"e-gallery-item elementor-gallery-item elementor-animated-content\" href=\"https:\/\/www.kvoev-actp.ch\/wp-content\/uploads\/2023\/04\/CH1_23-Anlass_30-mar-23-9-1200.jpg\" data-elementor-open-lightbox=\"yes\" data-elementor-lightbox-slideshow=\"a16beb9\" data-e-action-hash=\"#elementor-action%3Aaction%3Dlightbox%26settings%3DeyJpZCI6MTExNjcsInVybCI6Imh0dHBzOlwvXC93d3cua3ZvZXYtYWN0cC5jaFwvd3AtY29udGVudFwvdXBsb2Fkc1wvMjAyM1wvMDRcL0NIMV8yMy1Bbmxhc3NfMzAtbWFyLTIzLTktMTIwMC5qcGciLCJzbGlkZXNob3ciOiJhMTZiZWI5In0%3D\">\n\t\t\t\t\t<div class=\"e-gallery-image elementor-gallery-item__image\" data-thumbnail=\"https:\/\/www.kvoev-actp.ch\/wp-content\/uploads\/2023\/04\/CH1_23-Anlass_30-mar-23-9-1200-300x300.jpg\" data-width=\"300\" data-height=\"300\" aria-label=\"\" role=\"img\" ><\/div>\n\t\t\t\t\t\t\t\t\t\t\t<div class=\"elementor-gallery-item__overlay\"><\/div>\n\t\t\t\t\t\t\t\t\t\t\t\t\t\t<\/a>\n\t\t\t\t\t\t\t<a class=\"e-gallery-item elementor-gallery-item elementor-animated-content\" href=\"https:\/\/www.kvoev-actp.ch\/wp-content\/uploads\/2023\/04\/CH1_23-Anlass_30-mar-23-8-1200.jpg\" data-elementor-open-lightbox=\"yes\" data-elementor-lightbox-slideshow=\"a16beb9\" data-e-action-hash=\"#elementor-action%3Aaction%3Dlightbox%26settings%3DeyJpZCI6MTExNjUsInVybCI6Imh0dHBzOlwvXC93d3cua3ZvZXYtYWN0cC5jaFwvd3AtY29udGVudFwvdXBsb2Fkc1wvMjAyM1wvMDRcL0NIMV8yMy1Bbmxhc3NfMzAtbWFyLTIzLTgtMTIwMC5qcGciLCJzbGlkZXNob3ciOiJhMTZiZWI5In0%3D\">\n\t\t\t\t\t<div class=\"e-gallery-image elementor-gallery-item__image\" data-thumbnail=\"https:\/\/www.kvoev-actp.ch\/wp-content\/uploads\/2023\/04\/CH1_23-Anlass_30-mar-23-8-1200-300x169.jpg\" data-width=\"300\" data-height=\"169\" aria-label=\"\" role=\"img\" ><\/div>\n\t\t\t\t\t\t\t\t\t\t\t<div class=\"elementor-gallery-item__overlay\"><\/div>\n\t\t\t\t\t\t\t\t\t\t\t\t\t\t<\/a>\n\t\t\t\t\t\t\t<a class=\"e-gallery-item elementor-gallery-item elementor-animated-content\" href=\"https:\/\/www.kvoev-actp.ch\/wp-content\/uploads\/2023\/04\/CH1_23-Anlass_30-mar-23-7-1200.jpg\" data-elementor-open-lightbox=\"yes\" data-elementor-lightbox-slideshow=\"a16beb9\" data-e-action-hash=\"#elementor-action%3Aaction%3Dlightbox%26settings%3DeyJpZCI6MTExNjMsInVybCI6Imh0dHBzOlwvXC93d3cua3ZvZXYtYWN0cC5jaFwvd3AtY29udGVudFwvdXBsb2Fkc1wvMjAyM1wvMDRcL0NIMV8yMy1Bbmxhc3NfMzAtbWFyLTIzLTctMTIwMC5qcGciLCJzbGlkZXNob3ciOiJhMTZiZWI5In0%3D\">\n\t\t\t\t\t<div class=\"e-gallery-image elementor-gallery-item__image\" data-thumbnail=\"https:\/\/www.kvoev-actp.ch\/wp-content\/uploads\/2023\/04\/CH1_23-Anlass_30-mar-23-7-1200-300x169.jpg\" data-width=\"300\" data-height=\"169\" aria-label=\"\" role=\"img\" ><\/div>\n\t\t\t\t\t\t\t\t\t\t\t<div class=\"elementor-gallery-item__overlay\"><\/div>\n\t\t\t\t\t\t\t\t\t\t\t\t\t\t<\/a>\n\t\t\t\t\t\t\t<a class=\"e-gallery-item elementor-gallery-item elementor-animated-content\" href=\"https:\/\/www.kvoev-actp.ch\/wp-content\/uploads\/2023\/04\/CH1_23-Anlass_30-mar-23-6-1200.jpg\" data-elementor-open-lightbox=\"yes\" data-elementor-lightbox-slideshow=\"a16beb9\" data-e-action-hash=\"#elementor-action%3Aaction%3Dlightbox%26settings%3DeyJpZCI6MTExNjEsInVybCI6Imh0dHBzOlwvXC93d3cua3ZvZXYtYWN0cC5jaFwvd3AtY29udGVudFwvdXBsb2Fkc1wvMjAyM1wvMDRcL0NIMV8yMy1Bbmxhc3NfMzAtbWFyLTIzLTYtMTIwMC5qcGciLCJzbGlkZXNob3ciOiJhMTZiZWI5In0%3D\">\n\t\t\t\t\t<div class=\"e-gallery-image elementor-gallery-item__image\" data-thumbnail=\"https:\/\/www.kvoev-actp.ch\/wp-content\/uploads\/2023\/04\/CH1_23-Anlass_30-mar-23-6-1200-300x169.jpg\" data-width=\"300\" data-height=\"169\" aria-label=\"\" role=\"img\" ><\/div>\n\t\t\t\t\t\t\t\t\t\t\t<div class=\"elementor-gallery-item__overlay\"><\/div>\n\t\t\t\t\t\t\t\t\t\t\t\t\t\t<\/a>\n\t\t\t\t\t\t\t<a class=\"e-gallery-item elementor-gallery-item elementor-animated-content\" href=\"https:\/\/www.kvoev-actp.ch\/wp-content\/uploads\/2023\/04\/CH1_23-Anlass_30-mar-23-5-1200.jpg\" data-elementor-open-lightbox=\"yes\" data-elementor-lightbox-slideshow=\"a16beb9\" data-e-action-hash=\"#elementor-action%3Aaction%3Dlightbox%26settings%3DeyJpZCI6MTExNTksInVybCI6Imh0dHBzOlwvXC93d3cua3ZvZXYtYWN0cC5jaFwvd3AtY29udGVudFwvdXBsb2Fkc1wvMjAyM1wvMDRcL0NIMV8yMy1Bbmxhc3NfMzAtbWFyLTIzLTUtMTIwMC5qcGciLCJzbGlkZXNob3ciOiJhMTZiZWI5In0%3D\">\n\t\t\t\t\t<div class=\"e-gallery-image elementor-gallery-item__image\" data-thumbnail=\"https:\/\/www.kvoev-actp.ch\/wp-content\/uploads\/2023\/04\/CH1_23-Anlass_30-mar-23-5-1200-300x169.jpg\" data-width=\"300\" data-height=\"169\" aria-label=\"\" role=\"img\" ><\/div>\n\t\t\t\t\t\t\t\t\t\t\t<div class=\"elementor-gallery-item__overlay\"><\/div>\n\t\t\t\t\t\t\t\t\t\t\t\t\t\t<\/a>\n\t\t\t\t\t\t\t<a class=\"e-gallery-item elementor-gallery-item elementor-animated-content\" href=\"https:\/\/www.kvoev-actp.ch\/wp-content\/uploads\/2023\/04\/CH1_23-Anlass_30-mar-23-4-1200.jpg\" data-elementor-open-lightbox=\"yes\" data-elementor-lightbox-slideshow=\"a16beb9\" data-e-action-hash=\"#elementor-action%3Aaction%3Dlightbox%26settings%3DeyJpZCI6MTExNTcsInVybCI6Imh0dHBzOlwvXC93d3cua3ZvZXYtYWN0cC5jaFwvd3AtY29udGVudFwvdXBsb2Fkc1wvMjAyM1wvMDRcL0NIMV8yMy1Bbmxhc3NfMzAtbWFyLTIzLTQtMTIwMC5qcGciLCJzbGlkZXNob3ciOiJhMTZiZWI5In0%3D\">\n\t\t\t\t\t<div class=\"e-gallery-image elementor-gallery-item__image\" data-thumbnail=\"https:\/\/www.kvoev-actp.ch\/wp-content\/uploads\/2023\/04\/CH1_23-Anlass_30-mar-23-4-1200-300x169.jpg\" data-width=\"300\" data-height=\"169\" aria-label=\"\" role=\"img\" ><\/div>\n\t\t\t\t\t\t\t\t\t\t\t<div class=\"elementor-gallery-item__overlay\"><\/div>\n\t\t\t\t\t\t\t\t\t\t\t\t\t\t<\/a>\n\t\t\t\t\t\t\t<a class=\"e-gallery-item elementor-gallery-item elementor-animated-content\" href=\"https:\/\/www.kvoev-actp.ch\/wp-content\/uploads\/2023\/04\/CH1_23-Anlass_30-mar-23-3-1200.jpg\" data-elementor-open-lightbox=\"yes\" data-elementor-lightbox-slideshow=\"a16beb9\" data-e-action-hash=\"#elementor-action%3Aaction%3Dlightbox%26settings%3DeyJpZCI6MTExNTUsInVybCI6Imh0dHBzOlwvXC93d3cua3ZvZXYtYWN0cC5jaFwvd3AtY29udGVudFwvdXBsb2Fkc1wvMjAyM1wvMDRcL0NIMV8yMy1Bbmxhc3NfMzAtbWFyLTIzLTMtMTIwMC5qcGciLCJzbGlkZXNob3ciOiJhMTZiZWI5In0%3D\">\n\t\t\t\t\t<div class=\"e-gallery-image elementor-gallery-item__image\" data-thumbnail=\"https:\/\/www.kvoev-actp.ch\/wp-content\/uploads\/2023\/04\/CH1_23-Anlass_30-mar-23-3-1200-300x300.jpg\" data-width=\"300\" data-height=\"300\" aria-label=\"\" role=\"img\" ><\/div>\n\t\t\t\t\t\t\t\t\t\t\t<div class=\"elementor-gallery-item__overlay\"><\/div>\n\t\t\t\t\t\t\t\t\t\t\t\t\t\t<\/a>\n\t\t\t\t\t\t\t<a class=\"e-gallery-item elementor-gallery-item elementor-animated-content\" href=\"https:\/\/www.kvoev-actp.ch\/wp-content\/uploads\/2023\/04\/CH1_23-Anlass_30-mar-23-2-1200.jpg\" data-elementor-open-lightbox=\"yes\" data-elementor-lightbox-slideshow=\"a16beb9\" data-e-action-hash=\"#elementor-action%3Aaction%3Dlightbox%26settings%3DeyJpZCI6MTExNTMsInVybCI6Imh0dHBzOlwvXC93d3cua3ZvZXYtYWN0cC5jaFwvd3AtY29udGVudFwvdXBsb2Fkc1wvMjAyM1wvMDRcL0NIMV8yMy1Bbmxhc3NfMzAtbWFyLTIzLTItMTIwMC5qcGciLCJzbGlkZXNob3ciOiJhMTZiZWI5In0%3D\">\n\t\t\t\t\t<div class=\"e-gallery-image elementor-gallery-item__image\" data-thumbnail=\"https:\/\/www.kvoev-actp.ch\/wp-content\/uploads\/2023\/04\/CH1_23-Anlass_30-mar-23-2-1200-300x169.jpg\" data-width=\"300\" data-height=\"169\" aria-label=\"\" role=\"img\" ><\/div>\n\t\t\t\t\t\t\t\t\t\t\t<div class=\"elementor-gallery-item__overlay\"><\/div>\n\t\t\t\t\t\t\t\t\t\t\t\t\t\t<\/a>\n\t\t\t\t\t\t\t<a class=\"e-gallery-item elementor-gallery-item elementor-animated-content\" href=\"https:\/\/www.kvoev-actp.ch\/wp-content\/uploads\/2023\/04\/CH1_23-Anlass_30-mar-23-1-1200.jpg\" data-elementor-open-lightbox=\"yes\" data-elementor-lightbox-slideshow=\"a16beb9\" data-e-action-hash=\"#elementor-action%3Aaction%3Dlightbox%26settings%3DeyJpZCI6MTExNTEsInVybCI6Imh0dHBzOlwvXC93d3cua3ZvZXYtYWN0cC5jaFwvd3AtY29udGVudFwvdXBsb2Fkc1wvMjAyM1wvMDRcL0NIMV8yMy1Bbmxhc3NfMzAtbWFyLTIzLTEtMTIwMC5qcGciLCJzbGlkZXNob3ciOiJhMTZiZWI5In0%3D\">\n\t\t\t\t\t<div class=\"e-gallery-image elementor-gallery-item__image\" data-thumbnail=\"https:\/\/www.kvoev-actp.ch\/wp-content\/uploads\/2023\/04\/CH1_23-Anlass_30-mar-23-1-1200-300x169.jpg\" data-width=\"300\" data-height=\"169\" aria-label=\"\" role=\"img\" ><\/div>\n\t\t\t\t\t\t\t\t\t\t\t<div class=\"elementor-gallery-item__overlay\"><\/div>\n\t\t\t\t\t\t\t\t\t\t\t\t\t\t<\/a>\n\t\t\t\t\t<\/div>\n\t\t\t\t\t<\/div>\n\t\t\t\t<\/div>\n\t\t\t\t\t<\/div>\n\t\t<\/div>\n\t\t\t\t\t<\/div>\n\t\t<\/section>\n\t\t\t\t<\/div>\n\t\t","protected":false},"excerpt":{"rendered":"<p>Manifestation nationale CH-1 \/ 2023 \u00ab D\u00e9fis strat\u00e9giques du BLS \u00bb Intervenant Daniel Schafer, CEO du BLS SA Nous avons le plaisir d&#8217;accueillir M. Daniel Schafer, CEO du BLS, en tant qu\u2019intervenant sur ce th\u00e8me. L&#8217;ancien chef d\u2019Energie Wasser Bern (EWB), le fournisseur d\u2019\u00e9nergie de la Ville de Berne, dirige le BLS depuis septembre 2021. [&hellip;]<\/p>\n","protected":false},"author":1,"featured_media":0,"parent":1717,"menu_order":0,"comment_status":"closed","ping_status":"closed","template":"","meta":{"footnotes":""},"categories":[],"tags":[],"class_list":["post-10596","page","type-page","status-publish","hentry"],"_links":{"self":[{"href":"https:\/\/www.kvoev-actp.ch\/fr\/wp-json\/wp\/v2\/pages\/10596","targetHints":{"allow":["GET"]}}],"collection":[{"href":"https:\/\/www.kvoev-actp.ch\/fr\/wp-json\/wp\/v2\/pages"}],"about":[{"href":"https:\/\/www.kvoev-actp.ch\/fr\/wp-json\/wp\/v2\/types\/page"}],"author":[{"embeddable":true,"href":"https:\/\/www.kvoev-actp.ch\/fr\/wp-json\/wp\/v2\/users\/1"}],"replies":[{"embeddable":true,"href":"https:\/\/www.kvoev-actp.ch\/fr\/wp-json\/wp\/v2\/comments?post=10596"}],"version-history":[{"count":5,"href":"https:\/\/www.kvoev-actp.ch\/fr\/wp-json\/wp\/v2\/pages\/10596\/revisions"}],"predecessor-version":[{"id":14471,"href":"https:\/\/www.kvoev-actp.ch\/fr\/wp-json\/wp\/v2\/pages\/10596\/revisions\/14471"}],"up":[{"embeddable":true,"href":"https:\/\/www.kvoev-actp.ch\/fr\/wp-json\/wp\/v2\/pages\/1717"}],"wp:attachment":[{"href":"https:\/\/www.kvoev-actp.ch\/fr\/wp-json\/wp\/v2\/media?parent=10596"}],"wp:term":[{"taxonomy":"category","embeddable":true,"href":"https:\/\/www.kvoev-actp.ch\/fr\/wp-json\/wp\/v2\/categories?post=10596"},{"taxonomy":"post_tag","embeddable":true,"href":"https:\/\/www.kvoev-actp.ch\/fr\/wp-json\/wp\/v2\/tags?post=10596"}],"curies":[{"name":"wp","href":"https:\/\/api.w.org\/{rel}","templated":true}]}}