{"id":13320,"date":"2023-12-05T10:23:01","date_gmt":"2023-12-05T09:23:01","guid":{"rendered":"https:\/\/kvoev-actp.ch\/prestations\/assurances\/zurich\/"},"modified":"2024-07-11T13:44:47","modified_gmt":"2024-07-11T11:44:47","slug":"zurich","status":"publish","type":"page","link":"https:\/\/www.kvoev-actp.ch\/fr\/prestations\/assurances\/zurich\/","title":{"rendered":"Zurich"},"content":{"rendered":"\t\t<div data-elementor-type=\"wp-page\" data-elementor-id=\"13320\" class=\"elementor elementor-13320 elementor-13283\" data-elementor-post-type=\"page\">\n\t\t\t\t\t\t<section class=\"elementor-section elementor-top-section elementor-element elementor-element-f467532 elementor-section-boxed elementor-section-height-default elementor-section-height-default\" data-id=\"f467532\" data-element_type=\"section\" data-e-type=\"section\">\n\t\t\t\t\t\t<div class=\"elementor-container elementor-column-gap-default\">\n\t\t\t\t\t<div class=\"elementor-column elementor-col-100 elementor-top-column elementor-element elementor-element-8f58c33\" data-id=\"8f58c33\" data-element_type=\"column\" data-e-type=\"column\">\n\t\t\t<div class=\"elementor-widget-wrap elementor-element-populated\">\n\t\t\t\t\t\t<div class=\"elementor-element elementor-element-a72a37b elementor-widget elementor-widget-spacer\" data-id=\"a72a37b\" data-element_type=\"widget\" data-e-type=\"widget\" data-widget_type=\"spacer.default\">\n\t\t\t\t<div class=\"elementor-widget-container\">\n\t\t\t\t\t\t\t<div class=\"elementor-spacer\">\n\t\t\t<div class=\"elementor-spacer-inner\"><\/div>\n\t\t<\/div>\n\t\t\t\t\t\t<\/div>\n\t\t\t\t<\/div>\n\t\t\t\t\t<\/div>\n\t\t<\/div>\n\t\t\t\t\t<\/div>\n\t\t<\/section>\n\t\t\t\t<section class=\"elementor-section elementor-top-section elementor-element elementor-element-f79e42b elementor-section-boxed elementor-section-height-default elementor-section-height-default\" data-id=\"f79e42b\" data-element_type=\"section\" data-e-type=\"section\">\n\t\t\t\t\t\t<div class=\"elementor-container elementor-column-gap-default\">\n\t\t\t\t\t<div class=\"elementor-column elementor-col-100 elementor-top-column elementor-element elementor-element-6e9acb8\" data-id=\"6e9acb8\" data-element_type=\"column\" data-e-type=\"column\">\n\t\t\t<div class=\"elementor-widget-wrap elementor-element-populated\">\n\t\t\t\t\t\t<div class=\"elementor-element elementor-element-db505aa elementor-widget elementor-widget-heading\" data-id=\"db505aa\" data-element_type=\"widget\" data-e-type=\"widget\" data-widget_type=\"heading.default\">\n\t\t\t\t<div class=\"elementor-widget-container\">\n\t\t\t\t\t<h1 class=\"elementor-heading-title elementor-size-default\">ZURICH<\/h1>\t\t\t\t<\/div>\n\t\t\t\t<\/div>\n\t\t\t\t\t<\/div>\n\t\t<\/div>\n\t\t\t\t\t<\/div>\n\t\t<\/section>\n\t\t\t\t<section class=\"elementor-section elementor-top-section elementor-element elementor-element-fe26bb2 elementor-section-boxed elementor-section-height-default elementor-section-height-default\" data-id=\"fe26bb2\" data-element_type=\"section\" data-e-type=\"section\">\n\t\t\t\t\t\t<div class=\"elementor-container elementor-column-gap-default\">\n\t\t\t\t\t<div class=\"elementor-column elementor-col-100 elementor-top-column elementor-element elementor-element-73848f8\" data-id=\"73848f8\" data-element_type=\"column\" data-e-type=\"column\">\n\t\t\t<div class=\"elementor-widget-wrap elementor-element-populated\">\n\t\t\t\t\t\t<div class=\"elementor-element elementor-element-f93e8ab elementor-widget elementor-widget-image\" data-id=\"f93e8ab\" data-element_type=\"widget\" data-e-type=\"widget\" data-widget_type=\"image.default\">\n\t\t\t\t<div class=\"elementor-widget-container\">\n\t\t\t\t\t\t\t\t\t\t\t\t\t\t\t<img fetchpriority=\"high\" decoding=\"async\" width=\"1200\" height=\"250\" src=\"https:\/\/www.kvoev-actp.ch\/wp-content\/uploads\/2024\/07\/privatversicherung-header.jpg\" class=\"attachment-full size-full wp-image-16303\" alt=\"\" srcset=\"https:\/\/www.kvoev-actp.ch\/wp-content\/uploads\/2024\/07\/privatversicherung-header.jpg 1200w, https:\/\/www.kvoev-actp.ch\/wp-content\/uploads\/2024\/07\/privatversicherung-header-300x63.jpg 300w, https:\/\/www.kvoev-actp.ch\/wp-content\/uploads\/2024\/07\/privatversicherung-header-1024x213.jpg 1024w, https:\/\/www.kvoev-actp.ch\/wp-content\/uploads\/2024\/07\/privatversicherung-header-768x160.jpg 768w\" sizes=\"(max-width: 1200px) 100vw, 1200px\" \/>\t\t\t\t\t\t\t\t\t\t\t\t\t\t\t<\/div>\n\t\t\t\t<\/div>\n\t\t\t\t\t<\/div>\n\t\t<\/div>\n\t\t\t\t\t<\/div>\n\t\t<\/section>\n\t\t\t\t<section class=\"elementor-section elementor-top-section elementor-element elementor-element-cb9096c elementor-section-boxed elementor-section-height-default elementor-section-height-default\" data-id=\"cb9096c\" data-element_type=\"section\" data-e-type=\"section\">\n\t\t\t\t\t\t<div class=\"elementor-container elementor-column-gap-default\">\n\t\t\t\t\t<div class=\"elementor-column elementor-col-100 elementor-top-column elementor-element elementor-element-121146c\" data-id=\"121146c\" data-element_type=\"column\" data-e-type=\"column\">\n\t\t\t<div class=\"elementor-widget-wrap elementor-element-populated\">\n\t\t\t\t\t\t<div class=\"elementor-element elementor-element-2085cfe elementor-widget elementor-widget-image\" data-id=\"2085cfe\" data-element_type=\"widget\" data-e-type=\"widget\" data-widget_type=\"image.default\">\n\t\t\t\t<div class=\"elementor-widget-container\">\n\t\t\t\t\t\t\t\t\t\t\t\t\t\t\t<img decoding=\"async\" width=\"200\" height=\"125\" src=\"https:\/\/www.kvoev-actp.ch\/wp-content\/uploads\/2024\/07\/Zurich_Logo_200.jpg\" class=\"attachment-full size-full wp-image-16295\" alt=\"\" \/>\t\t\t\t\t\t\t\t\t\t\t\t\t\t\t<\/div>\n\t\t\t\t<\/div>\n\t\t\t\t\t<\/div>\n\t\t<\/div>\n\t\t\t\t\t<\/div>\n\t\t<\/section>\n\t\t\t\t<section class=\"elementor-section elementor-top-section elementor-element elementor-element-2d898a7 elementor-section-boxed elementor-section-height-default elementor-section-height-default\" data-id=\"2d898a7\" data-element_type=\"section\" data-e-type=\"section\">\n\t\t\t\t\t\t<div class=\"elementor-container elementor-column-gap-default\">\n\t\t\t\t\t<div class=\"elementor-column elementor-col-100 elementor-top-column elementor-element elementor-element-f9a3736\" data-id=\"f9a3736\" data-element_type=\"column\" data-e-type=\"column\">\n\t\t\t<div class=\"elementor-widget-wrap elementor-element-populated\">\n\t\t\t\t\t\t<div class=\"elementor-element elementor-element-81b70d7 elementor-widget elementor-widget-text-editor\" data-id=\"81b70d7\" data-element_type=\"widget\" data-e-type=\"widget\" data-widget_type=\"text-editor.default\">\n\t\t\t\t<div class=\"elementor-widget-container\">\n\t\t\t\t\t\t\t\t\t<p><span style=\"color: #993300;\"><strong>Conditions sp\u00e9ciales pour les membres de l&#8217;Association des cadres des transports publics : <\/strong><\/span><br \/><span style=\"color: #993300;\"><strong>10% de rabais sur les polices d\u2019assurance de Zurich<\/strong><\/span><\/p><p>En tant que membre de l&#8217;Association des <span style=\"color: #000000;\"><strong>cadres des transports publics<\/strong><\/span>, Zurich vous offre non seulement une protection de premier ordre, mais aussi une offre particuli\u00e8rement attrayante. Vous et votre partenaire du m\u00eame m\u00e9nage b\u00e9n\u00e9ficiez d\u2019un rabais de 10% sur toutes les assurances de Zurich. Cela vous donne de nombreux avantages :<\/p><ul><li>Assurance auto et moto avec un excellent service<\/li><li>Assurance inventaire du m\u00e9nage et responsabilit\u00e9 civile priv\u00e9e qui couvre votre logement de mani\u00e8re compl\u00e8te<\/li><li>Cyberprotection pour une navigation et des achats en toute s\u00e9curit\u00e9 sur le Web <\/li><li>Assurance objets de valeur pour vos objets pr\u00e9f\u00e9r\u00e9s tels que v\u00e9los, instruments de musique, etc.<\/li><li>Assurance b\u00e2timent modulaire pour vos besoins d\u2019assurance individuels<\/li><\/ul><p>En cas de souscription de plusieurs polices, un rabais combin\u00e9 allant jusqu\u2019\u00e0 30 % est possible.<\/p><p>N\u2019h\u00e9sitez pas \u00e0 contacter Zurich pour une offre sans engagement. Pour plus d\u2019informations, visitez le site Web ou appelez le 0840 32 32 32.<\/p><p><span style=\"color: #993300;\"><strong>\u21d2 Veuillez mentionner votre adh\u00e9sion \u00e0 l&#8217;Association des cadres des transports publics et notre partenariat avec Employ\u00e9s Suisse.<\/strong><\/span><\/p><p>Calculez <span style=\"color: #993300;\"><strong><a style=\"color: #993300;\" href=\"http:\/\/Link https:\/\/www.zurich.ch\/fr\/partenaire\/home?pac=mSCDM6px\" target=\"_blank\" rel=\"noopener\" data-wplink-url-error=\"true\">votre prime<\/a><\/strong><\/span> en ligne en cliquant ici.<\/p><p>Pour un conseil personnalis\u00e9, vous pouvez trouver l\u2019agence g\u00e9n\u00e9rale de Zurich la plus proche sous <span style=\"color: #993300;\"><strong><a style=\"color: #993300;\" href=\"https:\/\/www.zurich.ch\/fr\/ueber-uns\/standorte?filters=agency\" target=\"_blank\" rel=\"noopener\">zurich.ch\/agentur<\/a><\/strong><\/span>.<\/p>\t\t\t\t\t\t\t\t<\/div>\n\t\t\t\t<\/div>\n\t\t\t\t\t<\/div>\n\t\t<\/div>\n\t\t\t\t\t<\/div>\n\t\t<\/section>\n\t\t\t\t<section class=\"elementor-section elementor-top-section elementor-element elementor-element-2a51834 elementor-section-boxed elementor-section-height-default elementor-section-height-default\" data-id=\"2a51834\" data-element_type=\"section\" data-e-type=\"section\">\n\t\t\t\t\t\t<div class=\"elementor-container elementor-column-gap-default\">\n\t\t\t\t\t<div class=\"elementor-column elementor-col-100 elementor-top-column elementor-element elementor-element-19fef25\" data-id=\"19fef25\" data-element_type=\"column\" data-e-type=\"column\">\n\t\t\t<div class=\"elementor-widget-wrap elementor-element-populated\">\n\t\t\t\t\t\t<div class=\"elementor-element elementor-element-f56655e elementor-widget elementor-widget-spacer\" data-id=\"f56655e\" data-element_type=\"widget\" data-e-type=\"widget\" data-widget_type=\"spacer.default\">\n\t\t\t\t<div class=\"elementor-widget-container\">\n\t\t\t\t\t\t\t<div class=\"elementor-spacer\">\n\t\t\t<div class=\"elementor-spacer-inner\"><\/div>\n\t\t<\/div>\n\t\t\t\t\t\t<\/div>\n\t\t\t\t<\/div>\n\t\t\t\t\t<\/div>\n\t\t<\/div>\n\t\t\t\t\t<\/div>\n\t\t<\/section>\n\t\t\t\t<\/div>\n\t\t","protected":false},"excerpt":{"rendered":"<p>ZURICH Conditions sp\u00e9ciales pour les membres de l&#8217;Association des cadres des transports publics : 10% de rabais sur les polices d\u2019assurance de Zurich En tant que membre de l&#8217;Association des cadres des transports publics, Zurich vous offre non seulement une protection de premier ordre, mais aussi une offre particuli\u00e8rement attrayante. Vous et votre partenaire du [&hellip;]<\/p>\n","protected":false},"author":1,"featured_media":0,"parent":1412,"menu_order":0,"comment_status":"closed","ping_status":"closed","template":"","meta":{"footnotes":""},"categories":[],"tags":[],"class_list":["post-13320","page","type-page","status-publish","hentry"],"_links":{"self":[{"href":"https:\/\/www.kvoev-actp.ch\/fr\/wp-json\/wp\/v2\/pages\/13320","targetHints":{"allow":["GET"]}}],"collection":[{"href":"https:\/\/www.kvoev-actp.ch\/fr\/wp-json\/wp\/v2\/pages"}],"about":[{"href":"https:\/\/www.kvoev-actp.ch\/fr\/wp-json\/wp\/v2\/types\/page"}],"author":[{"embeddable":true,"href":"https:\/\/www.kvoev-actp.ch\/fr\/wp-json\/wp\/v2\/users\/1"}],"replies":[{"embeddable":true,"href":"https:\/\/www.kvoev-actp.ch\/fr\/wp-json\/wp\/v2\/comments?post=13320"}],"version-history":[{"count":5,"href":"https:\/\/www.kvoev-actp.ch\/fr\/wp-json\/wp\/v2\/pages\/13320\/revisions"}],"predecessor-version":[{"id":16309,"href":"https:\/\/www.kvoev-actp.ch\/fr\/wp-json\/wp\/v2\/pages\/13320\/revisions\/16309"}],"up":[{"embeddable":true,"href":"https:\/\/www.kvoev-actp.ch\/fr\/wp-json\/wp\/v2\/pages\/1412"}],"wp:attachment":[{"href":"https:\/\/www.kvoev-actp.ch\/fr\/wp-json\/wp\/v2\/media?parent=13320"}],"wp:term":[{"taxonomy":"category","embeddable":true,"href":"https:\/\/www.kvoev-actp.ch\/fr\/wp-json\/wp\/v2\/categories?post=13320"},{"taxonomy":"post_tag","embeddable":true,"href":"https:\/\/www.kvoev-actp.ch\/fr\/wp-json\/wp\/v2\/tags?post=13320"}],"curies":[{"name":"wp","href":"https:\/\/api.w.org\/{rel}","templated":true}]}}