{"id":13399,"date":"2023-12-11T11:07:32","date_gmt":"2023-12-11T10:07:32","guid":{"rendered":"https:\/\/kvoev-actp.ch\/prestations\/caisse-maladie\/atupri\/"},"modified":"2024-11-18T16:36:26","modified_gmt":"2024-11-18T15:36:26","slug":"atupri","status":"publish","type":"page","link":"https:\/\/www.kvoev-actp.ch\/fr\/prestations\/caisse-maladie\/atupri\/","title":{"rendered":"Atupri"},"content":{"rendered":"\t\t<div data-elementor-type=\"wp-page\" data-elementor-id=\"13399\" class=\"elementor elementor-13399 elementor-13388\" data-elementor-post-type=\"page\">\n\t\t\t\t\t\t<section class=\"elementor-section elementor-top-section elementor-element elementor-element-e071595 elementor-section-boxed elementor-section-height-default elementor-section-height-default\" data-id=\"e071595\" data-element_type=\"section\" data-e-type=\"section\">\n\t\t\t\t\t\t<div class=\"elementor-container elementor-column-gap-default\">\n\t\t\t\t\t<div class=\"elementor-column elementor-col-100 elementor-top-column elementor-element elementor-element-c5892ed\" data-id=\"c5892ed\" data-element_type=\"column\" data-e-type=\"column\">\n\t\t\t<div class=\"elementor-widget-wrap elementor-element-populated\">\n\t\t\t\t\t\t<div class=\"elementor-element elementor-element-b493c7e elementor-widget elementor-widget-spacer\" data-id=\"b493c7e\" data-element_type=\"widget\" data-e-type=\"widget\" data-widget_type=\"spacer.default\">\n\t\t\t\t<div class=\"elementor-widget-container\">\n\t\t\t\t\t\t\t<div class=\"elementor-spacer\">\n\t\t\t<div class=\"elementor-spacer-inner\"><\/div>\n\t\t<\/div>\n\t\t\t\t\t\t<\/div>\n\t\t\t\t<\/div>\n\t\t\t\t\t<\/div>\n\t\t<\/div>\n\t\t\t\t\t<\/div>\n\t\t<\/section>\n\t\t\t\t<section class=\"elementor-section elementor-top-section elementor-element elementor-element-5714963 elementor-section-boxed elementor-section-height-default elementor-section-height-default\" data-id=\"5714963\" data-element_type=\"section\" data-e-type=\"section\">\n\t\t\t\t\t\t<div class=\"elementor-container elementor-column-gap-default\">\n\t\t\t\t\t<div class=\"elementor-column elementor-col-100 elementor-top-column elementor-element elementor-element-d2e959f\" data-id=\"d2e959f\" data-element_type=\"column\" data-e-type=\"column\">\n\t\t\t<div class=\"elementor-widget-wrap elementor-element-populated\">\n\t\t\t\t\t\t<div class=\"elementor-element elementor-element-e252697 elementor-widget elementor-widget-heading\" data-id=\"e252697\" data-element_type=\"widget\" data-e-type=\"widget\" data-widget_type=\"heading.default\">\n\t\t\t\t<div class=\"elementor-widget-container\">\n\t\t\t\t\t<h1 class=\"elementor-heading-title elementor-size-default\">Atupri<\/h1>\t\t\t\t<\/div>\n\t\t\t\t<\/div>\n\t\t\t\t\t<\/div>\n\t\t<\/div>\n\t\t\t\t\t<\/div>\n\t\t<\/section>\n\t\t\t\t<section class=\"elementor-section elementor-top-section elementor-element elementor-element-48ab871 elementor-section-boxed elementor-section-height-default elementor-section-height-default\" data-id=\"48ab871\" data-element_type=\"section\" data-e-type=\"section\">\n\t\t\t\t\t\t<div class=\"elementor-container elementor-column-gap-default\">\n\t\t\t\t\t<div class=\"elementor-column elementor-col-100 elementor-top-column elementor-element elementor-element-dce80f3\" data-id=\"dce80f3\" data-element_type=\"column\" data-e-type=\"column\">\n\t\t\t<div class=\"elementor-widget-wrap elementor-element-populated\">\n\t\t\t\t\t\t<div class=\"elementor-element elementor-element-86fa0b1 elementor-widget elementor-widget-image\" data-id=\"86fa0b1\" data-element_type=\"widget\" data-e-type=\"widget\" data-widget_type=\"image.default\">\n\t\t\t\t<div class=\"elementor-widget-container\">\n\t\t\t\t\t\t\t\t\t\t\t\t\t\t\t<img fetchpriority=\"high\" decoding=\"async\" width=\"292\" height=\"200\" src=\"https:\/\/www.kvoev-actp.ch\/wp-content\/uploads\/2023\/06\/Logo-Atupri-292x200-1.png\" class=\"attachment-large size-large wp-image-11656\" alt=\"\" \/>\t\t\t\t\t\t\t\t\t\t\t\t\t\t\t<\/div>\n\t\t\t\t<\/div>\n\t\t\t\t\t<\/div>\n\t\t<\/div>\n\t\t\t\t\t<\/div>\n\t\t<\/section>\n\t\t\t\t<section class=\"elementor-section elementor-top-section elementor-element elementor-element-150a16c elementor-section-boxed elementor-section-height-default elementor-section-height-default\" data-id=\"150a16c\" data-element_type=\"section\" data-e-type=\"section\">\n\t\t\t\t\t\t<div class=\"elementor-container elementor-column-gap-default\">\n\t\t\t\t\t<div class=\"elementor-column elementor-col-100 elementor-top-column elementor-element elementor-element-7003bfb\" data-id=\"7003bfb\" data-element_type=\"column\" data-e-type=\"column\">\n\t\t\t<div class=\"elementor-widget-wrap elementor-element-populated\">\n\t\t\t\t\t\t<div class=\"elementor-element elementor-element-f8f2c76 elementor-widget elementor-widget-text-editor\" data-id=\"f8f2c76\" data-element_type=\"widget\" data-e-type=\"widget\" data-widget_type=\"text-editor.default\">\n\t\t\t\t<div class=\"elementor-widget-container\">\n\t\t\t\t\t\t\t\t\t<p><span style=\"color: #000000;\"><strong>En tant qu&#8217;ACTP, nous recommandons <span style=\"color: #993300;\"><a style=\"color: #993300;\" href=\"https:\/\/atupri.ch\/fr\/assurances\/entreprises\/actp\" target=\"_blank\" rel=\"noopener\">notre partenaire Atupri<\/a><\/span> comme votre caisse maladie. Seule Atupri vous permet de rester dans l&#8217;assurance collective avantageuse m\u00eame apr\u00e8s vos 65 ans.<\/strong><\/span><\/p><p><span style=\"color: #000000;\"><strong>Atupri : Les avantages pour les membres de l\u2019ACTP<\/strong><\/span><\/p><p>En tant qu\u2019ancienne caisse-maladie d\u2019entreprise des CFF, nous sommes aujourd\u2019hui encore li\u00e9s aux transports publics. Nous sommes fiers de pouvoir offrir maintenant des avantages uniques \u00e9galement aux membres de l\u2019ACTP.<\/p><p>En tant que membre de l&#8217;ACTP, vous b\u00e9n\u00e9ficiez de rabais avantageux sur des primes d\u00e9j\u00e0 avantageuses et tr\u00e8s stables depuis des ann\u00e9es, ainsi que de prestations compl\u00e8tes dans le domaine de la promotion de la sant\u00e9.<\/p><p><span style=\"color: #993300;\"><strong><a style=\"color: #993300;\" href=\"https:\/\/www.kvoev-actp.ch\/wp-content\/uploads\/2024\/09\/atupri_Rahmenvertraege_Firmenkunden_A4_f_2501.pdf\" target=\"_blank\" rel=\"noopener\">Cliquez ici pour les prestations aux membres pour 2025<\/a> <\/strong><\/span><\/p><p>Gr\u00e2ce aux services num\u00e9riques tels que l&#8217;application MyAtupri et le portail clients tr\u00e8s confortable \u00e0 utiliser, vous r\u00e9glez toutes les questions relatives \u00e0 votre sant\u00e9 en un tour de main<\/p><p><strong><span style=\"color: #993300;\"><a style=\"color: #993300;\" href=\"https:\/\/atupri.ch\/fr\/assurances\/entreprises\/actp\" target=\"_blank\" rel=\"noopener\">Demandez une offre non contraignante maintenant<\/a><\/span><\/strong><\/p>\t\t\t\t\t\t\t\t<\/div>\n\t\t\t\t<\/div>\n\t\t\t\t\t<\/div>\n\t\t<\/div>\n\t\t\t\t\t<\/div>\n\t\t<\/section>\n\t\t\t\t<section class=\"elementor-section elementor-top-section elementor-element elementor-element-2786133 elementor-section-boxed elementor-section-height-default elementor-section-height-default\" data-id=\"2786133\" data-element_type=\"section\" data-e-type=\"section\">\n\t\t\t\t\t\t<div class=\"elementor-container elementor-column-gap-default\">\n\t\t\t\t\t<div class=\"elementor-column elementor-col-100 elementor-top-column elementor-element elementor-element-bcea433\" data-id=\"bcea433\" data-element_type=\"column\" data-e-type=\"column\">\n\t\t\t<div class=\"elementor-widget-wrap elementor-element-populated\">\n\t\t\t\t\t\t<div class=\"elementor-element elementor-element-edefbd6 elementor-widget elementor-widget-spacer\" data-id=\"edefbd6\" data-element_type=\"widget\" data-e-type=\"widget\" data-widget_type=\"spacer.default\">\n\t\t\t\t<div class=\"elementor-widget-container\">\n\t\t\t\t\t\t\t<div class=\"elementor-spacer\">\n\t\t\t<div class=\"elementor-spacer-inner\"><\/div>\n\t\t<\/div>\n\t\t\t\t\t\t<\/div>\n\t\t\t\t<\/div>\n\t\t\t\t\t<\/div>\n\t\t<\/div>\n\t\t\t\t\t<\/div>\n\t\t<\/section>\n\t\t\t\t<\/div>\n\t\t","protected":false},"excerpt":{"rendered":"<p>Atupri En tant qu&#8217;ACTP, nous recommandons notre partenaire Atupri comme votre caisse maladie. Seule Atupri vous permet de rester dans l&#8217;assurance collective avantageuse m\u00eame apr\u00e8s vos 65 ans. Atupri : Les avantages pour les membres de l\u2019ACTP En tant qu\u2019ancienne caisse-maladie d\u2019entreprise des CFF, nous sommes aujourd\u2019hui encore li\u00e9s aux transports publics. Nous sommes fiers [&hellip;]<\/p>\n","protected":false},"author":1,"featured_media":0,"parent":1391,"menu_order":0,"comment_status":"closed","ping_status":"closed","template":"","meta":{"footnotes":""},"categories":[],"tags":[],"class_list":["post-13399","page","type-page","status-publish","hentry"],"_links":{"self":[{"href":"https:\/\/www.kvoev-actp.ch\/fr\/wp-json\/wp\/v2\/pages\/13399","targetHints":{"allow":["GET"]}}],"collection":[{"href":"https:\/\/www.kvoev-actp.ch\/fr\/wp-json\/wp\/v2\/pages"}],"about":[{"href":"https:\/\/www.kvoev-actp.ch\/fr\/wp-json\/wp\/v2\/types\/page"}],"author":[{"embeddable":true,"href":"https:\/\/www.kvoev-actp.ch\/fr\/wp-json\/wp\/v2\/users\/1"}],"replies":[{"embeddable":true,"href":"https:\/\/www.kvoev-actp.ch\/fr\/wp-json\/wp\/v2\/comments?post=13399"}],"version-history":[{"count":5,"href":"https:\/\/www.kvoev-actp.ch\/fr\/wp-json\/wp\/v2\/pages\/13399\/revisions"}],"predecessor-version":[{"id":17327,"href":"https:\/\/www.kvoev-actp.ch\/fr\/wp-json\/wp\/v2\/pages\/13399\/revisions\/17327"}],"up":[{"embeddable":true,"href":"https:\/\/www.kvoev-actp.ch\/fr\/wp-json\/wp\/v2\/pages\/1391"}],"wp:attachment":[{"href":"https:\/\/www.kvoev-actp.ch\/fr\/wp-json\/wp\/v2\/media?parent=13399"}],"wp:term":[{"taxonomy":"category","embeddable":true,"href":"https:\/\/www.kvoev-actp.ch\/fr\/wp-json\/wp\/v2\/categories?post=13399"},{"taxonomy":"post_tag","embeddable":true,"href":"https:\/\/www.kvoev-actp.ch\/fr\/wp-json\/wp\/v2\/tags?post=13399"}],"curies":[{"name":"wp","href":"https:\/\/api.w.org\/{rel}","templated":true}]}}