{"id":1358,"date":"2019-10-01T10:26:37","date_gmt":"2019-10-01T08:26:37","guid":{"rendered":"https:\/\/kvoev-actp.ch\/qualite-de-membre\/pensionierte\/"},"modified":"2024-04-02T15:00:04","modified_gmt":"2024-04-02T13:00:04","slug":"retraite","status":"publish","type":"page","link":"https:\/\/www.kvoev-actp.ch\/fr\/qualite-de-membre\/retraite\/","title":{"rendered":"Retrait\u00e9s"},"content":{"rendered":"\t\t<div data-elementor-type=\"wp-page\" data-elementor-id=\"1358\" class=\"elementor elementor-1358 elementor-82\" data-elementor-post-type=\"page\">\n\t\t\t\t\t\t<section class=\"elementor-section elementor-top-section elementor-element elementor-element-435204d elementor-section-boxed elementor-section-height-default elementor-section-height-default\" data-id=\"435204d\" data-element_type=\"section\" data-e-type=\"section\">\n\t\t\t\t\t\t<div class=\"elementor-container elementor-column-gap-default\">\n\t\t\t\t\t<div class=\"elementor-column elementor-col-100 elementor-top-column elementor-element elementor-element-ee04420\" data-id=\"ee04420\" data-element_type=\"column\" data-e-type=\"column\">\n\t\t\t<div class=\"elementor-widget-wrap elementor-element-populated\">\n\t\t\t\t\t\t<div class=\"elementor-element elementor-element-3e0ef4d elementor-widget elementor-widget-spacer\" data-id=\"3e0ef4d\" data-element_type=\"widget\" data-e-type=\"widget\" data-widget_type=\"spacer.default\">\n\t\t\t\t<div class=\"elementor-widget-container\">\n\t\t\t\t\t\t\t<div class=\"elementor-spacer\">\n\t\t\t<div class=\"elementor-spacer-inner\"><\/div>\n\t\t<\/div>\n\t\t\t\t\t\t<\/div>\n\t\t\t\t<\/div>\n\t\t\t\t\t<\/div>\n\t\t<\/div>\n\t\t\t\t\t<\/div>\n\t\t<\/section>\n\t\t\t\t<section class=\"elementor-section elementor-top-section elementor-element elementor-element-4b682db elementor-section-boxed elementor-section-height-default elementor-section-height-default\" data-id=\"4b682db\" data-element_type=\"section\" data-e-type=\"section\">\n\t\t\t\t\t\t<div class=\"elementor-container elementor-column-gap-default\">\n\t\t\t\t\t<div class=\"elementor-column elementor-col-100 elementor-top-column elementor-element elementor-element-8703f64\" data-id=\"8703f64\" data-element_type=\"column\" data-e-type=\"column\">\n\t\t\t<div class=\"elementor-widget-wrap elementor-element-populated\">\n\t\t\t\t\t\t<div class=\"elementor-element elementor-element-4e9fbbb elementor-widget elementor-widget-heading\" data-id=\"4e9fbbb\" data-element_type=\"widget\" data-e-type=\"widget\" data-widget_type=\"heading.default\">\n\t\t\t\t<div class=\"elementor-widget-container\">\n\t\t\t\t\t<h1 class=\"elementor-heading-title elementor-size-default\">Bient\u00f4t \u00e0 la retraite ? Reste fid\u00e8le \u00e0 l'ACTP - m\u00eames prestations mais cotisation r\u00e9duite<\/h1>\t\t\t\t<\/div>\n\t\t\t\t<\/div>\n\t\t\t\t\t<\/div>\n\t\t<\/div>\n\t\t\t\t\t<\/div>\n\t\t<\/section>\n\t\t\t\t<section class=\"elementor-section elementor-top-section elementor-element elementor-element-ffffb67 elementor-section-boxed elementor-section-height-default elementor-section-height-default\" data-id=\"ffffb67\" data-element_type=\"section\" data-e-type=\"section\">\n\t\t\t\t\t\t<div class=\"elementor-container elementor-column-gap-default\">\n\t\t\t\t\t<div class=\"elementor-column elementor-col-100 elementor-top-column elementor-element elementor-element-ce2dd0d\" data-id=\"ce2dd0d\" data-element_type=\"column\" data-e-type=\"column\">\n\t\t\t<div class=\"elementor-widget-wrap elementor-element-populated\">\n\t\t\t\t\t\t<div class=\"elementor-element elementor-element-100bc27 elementor-widget elementor-widget-image\" data-id=\"100bc27\" data-element_type=\"widget\" data-e-type=\"widget\" data-widget_type=\"image.default\">\n\t\t\t\t<div class=\"elementor-widget-container\">\n\t\t\t\t\t\t\t\t\t\t\t\t\t\t\t<img fetchpriority=\"high\" decoding=\"async\" width=\"1200\" height=\"498\" src=\"https:\/\/www.kvoev-actp.ch\/wp-content\/uploads\/2024\/03\/pensionierte.webp\" class=\"attachment-full size-full wp-image-14651\" alt=\"\" \/>\t\t\t\t\t\t\t\t\t\t\t\t\t\t\t<\/div>\n\t\t\t\t<\/div>\n\t\t\t\t\t<\/div>\n\t\t<\/div>\n\t\t\t\t\t<\/div>\n\t\t<\/section>\n\t\t\t\t<section class=\"elementor-section elementor-top-section elementor-element elementor-element-f0aefbc elementor-section-boxed elementor-section-height-default elementor-section-height-default\" data-id=\"f0aefbc\" data-element_type=\"section\" data-e-type=\"section\">\n\t\t\t\t\t\t<div class=\"elementor-container elementor-column-gap-default\">\n\t\t\t\t\t<div class=\"elementor-column elementor-col-100 elementor-top-column elementor-element elementor-element-021f740\" data-id=\"021f740\" data-element_type=\"column\" data-e-type=\"column\">\n\t\t\t<div class=\"elementor-widget-wrap elementor-element-populated\">\n\t\t\t\t\t\t<div class=\"elementor-element elementor-element-33552e9 elementor-widget elementor-widget-text-editor\" data-id=\"33552e9\" data-element_type=\"widget\" data-e-type=\"widget\" data-widget_type=\"text-editor.default\">\n\t\t\t\t<div class=\"elementor-widget-container\">\n\t\t\t\t\t\t\t\t\t<p>Savais-tu que tu peux continuer \u00e0 profiter de tous les avantages de notre association en tant que membre retrait\u00e9\u00b7e, et ce, pour une cotisation r\u00e9duite de seulement CHF 66.- par an, ce qui \u00e9quivaut au prix d&#8217;une tasse de caf\u00e9 par mois ! Aussi lors de ton passage \u00e0 la retraite, fais-le nous savoir : Cela en vaut la peine.<br \/><br \/>Comme il est courant que les coordonn\u00e9es en tant que retrait\u00e9\u00b7e subissent quelques changements et que, de plus, tes coordonn\u00e9es professionnelles ne sont plus valables, merci de nous communiquer ou de nous confirmer<strong> les num\u00e9ros de t\u00e9l\u00e9phone et adresse \u00e9lectronique priv\u00e9s<\/strong>.<br \/><br \/>Le formulaire ci-dessous te permet d\u2019effectuer ce changement de mani\u00e8re simple et rapide : Compl\u00e8tes-le et tape simplement sur &#8220;ENVOYER&#8221;.<\/p>\t\t\t\t\t\t\t\t<\/div>\n\t\t\t\t<\/div>\n\t\t\t\t\t<\/div>\n\t\t<\/div>\n\t\t\t\t\t<\/div>\n\t\t<\/section>\n\t\t\t\t<section class=\"elementor-section elementor-top-section elementor-element elementor-element-94a11b2 elementor-section-boxed elementor-section-height-default elementor-section-height-default\" data-id=\"94a11b2\" data-element_type=\"section\" data-e-type=\"section\">\n\t\t\t\t\t\t<div class=\"elementor-container elementor-column-gap-default\">\n\t\t\t\t\t<div class=\"elementor-column elementor-col-100 elementor-top-column elementor-element elementor-element-caec06d\" data-id=\"caec06d\" data-element_type=\"column\" data-e-type=\"column\">\n\t\t\t<div class=\"elementor-widget-wrap elementor-element-populated\">\n\t\t\t\t\t\t<div class=\"elementor-element elementor-element-fbac976 elementor-widget elementor-widget-heading\" data-id=\"fbac976\" data-element_type=\"widget\" data-e-type=\"widget\" data-widget_type=\"heading.default\">\n\t\t\t\t<div class=\"elementor-widget-container\">\n\t\t\t\t\t<h2 class=\"elementor-heading-title elementor-size-default\">Je pars \u00e0 la retraite <\/h2>\t\t\t\t<\/div>\n\t\t\t\t<\/div>\n\t\t\t\t\t<\/div>\n\t\t<\/div>\n\t\t\t\t\t<\/div>\n\t\t<\/section>\n\t\t\t\t<section class=\"elementor-section elementor-top-section elementor-element elementor-element-be8d941 elementor-section-boxed elementor-section-height-default elementor-section-height-default\" data-id=\"be8d941\" data-element_type=\"section\" data-e-type=\"section\">\n\t\t\t\t\t\t<div class=\"elementor-container elementor-column-gap-default\">\n\t\t\t\t\t<div class=\"elementor-column elementor-col-100 elementor-top-column elementor-element elementor-element-87a543d\" data-id=\"87a543d\" data-element_type=\"column\" data-e-type=\"column\">\n\t\t\t<div class=\"elementor-widget-wrap elementor-element-populated\">\n\t\t\t\t\t\t<div class=\"elementor-element elementor-element-b470a7b elementor-widget elementor-widget-text-editor\" data-id=\"b470a7b\" data-element_type=\"widget\" data-e-type=\"widget\" data-widget_type=\"text-editor.default\">\n\t\t\t\t<div class=\"elementor-widget-container\">\n\t\t\t\t\t\t\t\t\t<p><div class=\"wpforms-container wpforms-container-full\" id=\"wpforms-1355\"><form id=\"wpforms-form-1355\" class=\"wpforms-validate wpforms-form\" data-formid=\"1355\" method=\"post\" enctype=\"multipart\/form-data\" action=\"\/fr\/wp-json\/wp\/v2\/pages\/1358\" data-token=\"06096a7e8e2c239760dd18a2ecdb6bc6\" data-token-time=\"1777704692\"><noscript class=\"wpforms-error-noscript\">Veuillez activer JavaScript dans votre navigateur pour remplir ce formulaire.<\/noscript><div class=\"wpforms-field-container\"><div id=\"wpforms-1355-field_22-container\" class=\"wpforms-field wpforms-field-text\" data-field-id=\"22\"><label class=\"wpforms-field-label\" for=\"wpforms-1355-field_22\">Ton num\u00e9ro d&#039;adh\u00e9rent<\/label><input type=\"text\" id=\"wpforms-1355-field_22\" class=\"wpforms-field-medium\" name=\"wpforms[fields][22]\" ><\/div><div id=\"wpforms-1355-field_23-container\" class=\"wpforms-field wpforms-field-select wpforms-field-select-style-classic\" data-field-id=\"23\"><label class=\"wpforms-field-label\" for=\"wpforms-1355-field_23\">Titre de civilit\u00e9<\/label><select id=\"wpforms-1355-field_23\" class=\"wpforms-field-medium\" name=\"wpforms[fields][23]\"><option value=\"\" class=\"placeholder\" disabled  selected='selected'>Votre s\u00e9lection<\/option><option value=\"Madame\"  class=\"choice-1 depth-1\"  >Madame<\/option><option value=\"Monsieur\"  class=\"choice-2 depth-1\"  >Monsieur<\/option><\/select><\/div><div id=\"wpforms-1355-field_24-container\" class=\"wpforms-field wpforms-field-text\" data-field-id=\"24\"><label class=\"wpforms-field-label\" for=\"wpforms-1355-field_24\">Pr\u00e9nom <span class=\"wpforms-required-label\">*<\/span><\/label><input type=\"text\" id=\"wpforms-1355-field_24\" class=\"wpforms-field-medium wpforms-field-required\" name=\"wpforms[fields][24]\" required><\/div><div id=\"wpforms-1355-field_25-container\" class=\"wpforms-field wpforms-field-text\" data-field-id=\"25\"><label class=\"wpforms-field-label\" for=\"wpforms-1355-field_25\">Nom <span class=\"wpforms-required-label\">*<\/span><\/label><input type=\"text\" id=\"wpforms-1355-field_25\" class=\"wpforms-field-medium wpforms-field-required\" name=\"wpforms[fields][25]\" required><\/div><div id=\"wpforms-1355-field_39-container\" class=\"wpforms-field wpforms-field-text\" data-field-id=\"39\"><label class=\"wpforms-field-label\" for=\"wpforms-1355-field_39\">Adresse postale priv\u00e9e : Rue, no <span class=\"wpforms-required-label\">*<\/span><\/label><input type=\"text\" id=\"wpforms-1355-field_39\" class=\"wpforms-field-medium wpforms-field-required\" name=\"wpforms[fields][39]\" required><div class=\"wpforms-field-description\"> <\/div><\/div><div id=\"wpforms-1355-field_40-container\" class=\"wpforms-field wpforms-field-text\" data-field-id=\"40\"><label class=\"wpforms-field-label\" for=\"wpforms-1355-field_40\">NPA \/ Lieu <span class=\"wpforms-required-label\">*<\/span><\/label><input type=\"text\" id=\"wpforms-1355-field_40\" class=\"wpforms-field-medium wpforms-field-required\" name=\"wpforms[fields][40]\" required><div class=\"wpforms-field-description\"> <\/div><\/div><div id=\"wpforms-1355-field_31-container\" class=\"wpforms-field wpforms-field-email\" data-field-id=\"31\"><label class=\"wpforms-field-label\" for=\"wpforms-1355-field_31\">Adresse \u00e9lectronique priv\u00e9e (celle de votre ex-emploi n\u2019est plus valable) <span class=\"wpforms-required-label\">*<\/span><\/label><div class=\"wpforms-field-row wpforms-field-medium\"><div class=\"wpforms-field-row-block wpforms-one-half wpforms-first\"><input type=\"email\" id=\"wpforms-1355-field_31\" class=\"wpforms-field-required wpforms-field-email-primary\" name=\"wpforms[fields][31][primary]\" spellcheck=\"false\" required><label for=\"wpforms-1355-field_31\" class=\"wpforms-field-sublabel after wpforms-sublabel-hide\">E-mail<\/label><\/div><div class=\"wpforms-field-row-block wpforms-one-half\"><input type=\"email\" id=\"wpforms-1355-field_31-secondary\" class=\"wpforms-field-email-secondary wpforms-field-required\" data-rule-confirm=\"#wpforms-1355-field_31\" name=\"wpforms[fields][31][secondary]\" placeholder=\"Confirme l\u2019adresse \u00e9lectronique priv\u00e9e \" spellcheck=\"false\" required><label for=\"wpforms-1355-field_31-secondary\" class=\"wpforms-field-sublabel after wpforms-sublabel-hide\">Confirmez l\u2019e-mail<\/label><\/div><\/div><\/div><div id=\"wpforms-1355-field_42-container\" class=\"wpforms-field wpforms-field-text\" data-field-id=\"42\"><label class=\"wpforms-field-label\" for=\"wpforms-1355-field_42\">No. t\u00e9l\u00e9phone mobile <span class=\"wpforms-required-label\">*<\/span><\/label><input type=\"text\" id=\"wpforms-1355-field_42\" class=\"wpforms-field-medium wpforms-field-required\" name=\"wpforms[fields][42]\" required><\/div><div id=\"wpforms-1355-field_43-container\" class=\"wpforms-field wpforms-field-text\" data-field-id=\"43\"><label class=\"wpforms-field-label\" for=\"wpforms-1355-field_43\">No. t\u00e9l\u00e9phone fixe <span class=\"wpforms-required-label\">*<\/span><\/label><input type=\"text\" id=\"wpforms-1355-field_43\" class=\"wpforms-field-medium wpforms-field-required\" name=\"wpforms[fields][43]\" required><\/div><div id=\"wpforms-1355-field_38-container\" class=\"wpforms-field wpforms-field-date-time\" data-field-id=\"38\"><label class=\"wpforms-field-label\" for=\"wpforms-1355-field_38\">Date de la retraite <span class=\"wpforms-required-label\">*<\/span><\/label><div class=\"wpforms-datepicker-wrap\"><input type=\"text\" id=\"wpforms-1355-field_38\" class=\"wpforms-field-date-time-date wpforms-datepicker wpforms-field-required wpforms-field-medium\" data-date-format=\"d\/m\/Y\" data-disable-past-dates=\"0\" data-input=\"true\" name=\"wpforms[fields][38][date]\" required><a title=\"Effacer la date\" data-clear role=\"button\" tabindex=\"0\" class=\"wpforms-datepicker-clear\" aria-label=\"Effacer la date\" style=\"display:none;\"><\/a><\/div><\/div><\/div><!-- .wpforms-field-container --><div class=\"wpforms-field wpforms-field-hp\"><label for=\"wpforms-1355-field-hp\" class=\"wpforms-field-label\">Name<\/label><input type=\"text\" name=\"wpforms[hp]\" id=\"wpforms-1355-field-hp\" class=\"wpforms-field-medium\"><\/div><div class=\"wpforms-submit-container\" ><input type=\"hidden\" name=\"wpforms[id]\" value=\"1355\"><input type=\"hidden\" name=\"page_title\" value=\"\"><input type=\"hidden\" name=\"page_url\" value=\"https:\/\/www.kvoev-actp.ch\/fr\/wp-json\/wp\/v2\/pages\/1358\"><input type=\"hidden\" name=\"url_referer\" value=\"\"><button type=\"submit\" name=\"wpforms[submit]\" id=\"wpforms-submit-1355\" class=\"wpforms-submit\" data-alt-text=\"Envoyer...\" data-submit-text=\"Envoyer\" aria-live=\"assertive\" value=\"wpforms-submit\">Envoyer<\/button><\/div><\/form><\/div>  <!-- .wpforms-container --><\/p>\t\t\t\t\t\t\t\t<\/div>\n\t\t\t\t<\/div>\n\t\t\t\t\t<\/div>\n\t\t<\/div>\n\t\t\t\t\t<\/div>\n\t\t<\/section>\n\t\t\t\t<section class=\"elementor-section elementor-top-section elementor-element elementor-element-d55dfb9 elementor-section-boxed elementor-section-height-default elementor-section-height-default\" data-id=\"d55dfb9\" data-element_type=\"section\" data-e-type=\"section\">\n\t\t\t\t\t\t<div class=\"elementor-container elementor-column-gap-default\">\n\t\t\t\t\t<div class=\"elementor-column elementor-col-100 elementor-top-column elementor-element elementor-element-7b09079\" data-id=\"7b09079\" data-element_type=\"column\" data-e-type=\"column\">\n\t\t\t<div class=\"elementor-widget-wrap elementor-element-populated\">\n\t\t\t\t\t\t<div class=\"elementor-element elementor-element-aef0355 elementor-widget elementor-widget-spacer\" data-id=\"aef0355\" data-element_type=\"widget\" data-e-type=\"widget\" data-widget_type=\"spacer.default\">\n\t\t\t\t<div class=\"elementor-widget-container\">\n\t\t\t\t\t\t\t<div class=\"elementor-spacer\">\n\t\t\t<div class=\"elementor-spacer-inner\"><\/div>\n\t\t<\/div>\n\t\t\t\t\t\t<\/div>\n\t\t\t\t<\/div>\n\t\t\t\t\t<\/div>\n\t\t<\/div>\n\t\t\t\t\t<\/div>\n\t\t<\/section>\n\t\t\t\t<\/div>\n\t\t","protected":false},"excerpt":{"rendered":"<p>Bient\u00f4t \u00e0 la retraite ? Reste fid\u00e8le \u00e0 l&#8217;ACTP &#8211; m\u00eames prestations mais cotisation r\u00e9duite Savais-tu que tu peux continuer \u00e0 profiter de tous les avantages de notre association en tant que membre retrait\u00e9\u00b7e, et ce, pour une cotisation r\u00e9duite de seulement CHF 66.- par an, ce qui \u00e9quivaut au prix d&#8217;une tasse de caf\u00e9 [&hellip;]<\/p>\n","protected":false},"author":1,"featured_media":0,"parent":1331,"menu_order":0,"comment_status":"closed","ping_status":"closed","template":"","meta":{"footnotes":""},"categories":[],"tags":[],"class_list":["post-1358","page","type-page","status-publish","hentry"],"_links":{"self":[{"href":"https:\/\/www.kvoev-actp.ch\/fr\/wp-json\/wp\/v2\/pages\/1358","targetHints":{"allow":["GET"]}}],"collection":[{"href":"https:\/\/www.kvoev-actp.ch\/fr\/wp-json\/wp\/v2\/pages"}],"about":[{"href":"https:\/\/www.kvoev-actp.ch\/fr\/wp-json\/wp\/v2\/types\/page"}],"author":[{"embeddable":true,"href":"https:\/\/www.kvoev-actp.ch\/fr\/wp-json\/wp\/v2\/users\/1"}],"replies":[{"embeddable":true,"href":"https:\/\/www.kvoev-actp.ch\/fr\/wp-json\/wp\/v2\/comments?post=1358"}],"version-history":[{"count":5,"href":"https:\/\/www.kvoev-actp.ch\/fr\/wp-json\/wp\/v2\/pages\/1358\/revisions"}],"predecessor-version":[{"id":15234,"href":"https:\/\/www.kvoev-actp.ch\/fr\/wp-json\/wp\/v2\/pages\/1358\/revisions\/15234"}],"up":[{"embeddable":true,"href":"https:\/\/www.kvoev-actp.ch\/fr\/wp-json\/wp\/v2\/pages\/1331"}],"wp:attachment":[{"href":"https:\/\/www.kvoev-actp.ch\/fr\/wp-json\/wp\/v2\/media?parent=1358"}],"wp:term":[{"taxonomy":"category","embeddable":true,"href":"https:\/\/www.kvoev-actp.ch\/fr\/wp-json\/wp\/v2\/categories?post=1358"},{"taxonomy":"post_tag","embeddable":true,"href":"https:\/\/www.kvoev-actp.ch\/fr\/wp-json\/wp\/v2\/tags?post=1358"}],"curies":[{"name":"wp","href":"https:\/\/api.w.org\/{rel}","templated":true}]}}