{"id":14083,"date":"2024-02-01T16:01:51","date_gmt":"2024-02-01T15:01:51","guid":{"rendered":"https:\/\/kvoev-actp.ch\/manifestations\/assemblee-generale-du-groupe-regional-romandie-valais\/"},"modified":"2024-02-19T07:44:06","modified_gmt":"2024-02-19T06:44:06","slug":"assemblee-generale-du-groupe-regional-romandie-valais","status":"publish","type":"page","link":"https:\/\/www.kvoev-actp.ch\/fr\/manifestations\/assemblee-generale-du-groupe-regional-romandie-valais\/","title":{"rendered":"Assembl\u00e9e g\u00e9n\u00e9rale du groupe r\u00e9gional Romandie \/ Valais"},"content":{"rendered":"\t\t<div data-elementor-type=\"wp-page\" data-elementor-id=\"14083\" class=\"elementor elementor-14083 elementor-14069\" data-elementor-post-type=\"page\">\n\t\t\t\t\t\t<section class=\"elementor-section elementor-top-section elementor-element elementor-element-692a7aa elementor-section-boxed elementor-section-height-default elementor-section-height-default\" data-id=\"692a7aa\" data-element_type=\"section\" data-e-type=\"section\">\n\t\t\t\t\t\t<div class=\"elementor-container elementor-column-gap-default\">\n\t\t\t\t\t<div class=\"elementor-column elementor-col-100 elementor-top-column elementor-element elementor-element-4ce95e6\" data-id=\"4ce95e6\" data-element_type=\"column\" data-e-type=\"column\">\n\t\t\t<div class=\"elementor-widget-wrap elementor-element-populated\">\n\t\t\t\t\t\t<div class=\"elementor-element elementor-element-4c85422 elementor-widget elementor-widget-spacer\" data-id=\"4c85422\" data-element_type=\"widget\" data-e-type=\"widget\" data-widget_type=\"spacer.default\">\n\t\t\t\t<div class=\"elementor-widget-container\">\n\t\t\t\t\t\t\t<div class=\"elementor-spacer\">\n\t\t\t<div class=\"elementor-spacer-inner\"><\/div>\n\t\t<\/div>\n\t\t\t\t\t\t<\/div>\n\t\t\t\t<\/div>\n\t\t\t\t\t<\/div>\n\t\t<\/div>\n\t\t\t\t\t<\/div>\n\t\t<\/section>\n\t\t\t\t<section class=\"elementor-section elementor-top-section elementor-element elementor-element-cad4272 elementor-section-boxed elementor-section-height-default elementor-section-height-default\" data-id=\"cad4272\" data-element_type=\"section\" data-e-type=\"section\">\n\t\t\t\t\t\t<div class=\"elementor-container elementor-column-gap-default\">\n\t\t\t\t\t<div class=\"elementor-column elementor-col-100 elementor-top-column elementor-element elementor-element-4f12459\" data-id=\"4f12459\" data-element_type=\"column\" data-e-type=\"column\">\n\t\t\t<div class=\"elementor-widget-wrap elementor-element-populated\">\n\t\t\t\t\t\t<div class=\"elementor-element elementor-element-ee5a179 elementor-widget elementor-widget-heading\" data-id=\"ee5a179\" data-element_type=\"widget\" data-e-type=\"widget\" data-widget_type=\"heading.default\">\n\t\t\t\t<div class=\"elementor-widget-container\">\n\t\t\t\t\t<h1 class=\"elementor-heading-title elementor-size-default\">Assembl\u00e9e g\u00e9n\u00e9rale du groupe r\u00e9gional Romandie \/ Valais<\/h1>\t\t\t\t<\/div>\n\t\t\t\t<\/div>\n\t\t\t\t\t<\/div>\n\t\t<\/div>\n\t\t\t\t\t<\/div>\n\t\t<\/section>\n\t\t\t\t<section class=\"elementor-section elementor-top-section elementor-element elementor-element-7060869 elementor-section-boxed elementor-section-height-default elementor-section-height-default\" data-id=\"7060869\" data-element_type=\"section\" data-e-type=\"section\">\n\t\t\t\t\t\t<div class=\"elementor-container elementor-column-gap-default\">\n\t\t\t\t\t<div class=\"elementor-column elementor-col-100 elementor-top-column elementor-element elementor-element-f953e2f\" data-id=\"f953e2f\" data-element_type=\"column\" data-e-type=\"column\">\n\t\t\t<div class=\"elementor-widget-wrap elementor-element-populated\">\n\t\t\t\t\t\t<div class=\"elementor-element elementor-element-51da523 elementor-widget elementor-widget-heading\" data-id=\"51da523\" data-element_type=\"widget\" data-e-type=\"widget\" data-widget_type=\"heading.default\">\n\t\t\t\t<div class=\"elementor-widget-container\">\n\t\t\t\t\t<h1 class=\"elementor-heading-title elementor-size-default\">suivie d'une table ronde sur la durabilit\u00e9 dans le trafic marchandises<\/h1>\t\t\t\t<\/div>\n\t\t\t\t<\/div>\n\t\t\t\t\t<\/div>\n\t\t<\/div>\n\t\t\t\t\t<\/div>\n\t\t<\/section>\n\t\t\t\t<section class=\"elementor-section elementor-top-section elementor-element elementor-element-ba4794e elementor-section-boxed elementor-section-height-default elementor-section-height-default\" data-id=\"ba4794e\" data-element_type=\"section\" data-e-type=\"section\">\n\t\t\t\t\t\t<div class=\"elementor-container elementor-column-gap-default\">\n\t\t\t\t\t<div class=\"elementor-column elementor-col-33 elementor-top-column elementor-element elementor-element-70a4f18\" data-id=\"70a4f18\" data-element_type=\"column\" data-e-type=\"column\">\n\t\t\t<div class=\"elementor-widget-wrap elementor-element-populated\">\n\t\t\t\t\t\t<div class=\"elementor-element elementor-element-198747c elementor-widget elementor-widget-image\" data-id=\"198747c\" data-element_type=\"widget\" data-e-type=\"widget\" data-widget_type=\"image.default\">\n\t\t\t\t<div class=\"elementor-widget-container\">\n\t\t\t\t\t\t\t\t\t\t\t\t\t\t\t<img fetchpriority=\"high\" decoding=\"async\" width=\"600\" height=\"535\" src=\"https:\/\/www.kvoev-actp.ch\/wp-content\/uploads\/2024\/02\/mgv-romandie.jpg\" class=\"attachment-large size-large wp-image-14072\" alt=\"\" srcset=\"https:\/\/www.kvoev-actp.ch\/wp-content\/uploads\/2024\/02\/mgv-romandie.jpg 600w, https:\/\/www.kvoev-actp.ch\/wp-content\/uploads\/2024\/02\/mgv-romandie-300x268.jpg 300w\" sizes=\"(max-width: 600px) 100vw, 600px\" \/>\t\t\t\t\t\t\t\t\t\t\t\t\t\t\t<\/div>\n\t\t\t\t<\/div>\n\t\t\t\t\t<\/div>\n\t\t<\/div>\n\t\t\t\t<div class=\"elementor-column elementor-col-66 elementor-top-column elementor-element elementor-element-6fb9f4f\" data-id=\"6fb9f4f\" data-element_type=\"column\" data-e-type=\"column\">\n\t\t\t<div class=\"elementor-widget-wrap elementor-element-populated\">\n\t\t\t\t\t\t<div class=\"elementor-element elementor-element-83a8bec elementor-widget elementor-widget-text-editor\" data-id=\"83a8bec\" data-element_type=\"widget\" data-e-type=\"widget\" data-widget_type=\"text-editor.default\">\n\t\t\t\t<div class=\"elementor-widget-container\">\n\t\t\t\t\t\t\t\t\t<p>Que ce soit dans le domaine de l&#8217;infrastructure comme dans celui des transports, la th\u00e9matique de la durabilit\u00e9 est devenue incontournable. Si l&#8217;on prend comme exemple le transport marchandises \u00e0 travers les Alpes au niveau international, les Helv\u00e8tes sont \u00e0 la pointe du transfert modal de la route vers le rail gr\u00e2ce \u00e0 la construction des NLFA. La Suisse a donc l&#8217;\u00e2me particuli\u00e8rement \u00e9cologique. Mais ce n&#8217;est plus suffisant : le d\u00e9r\u00e8glement climatique n\u00e9cessite encore plus d&#8217;efforts et m\u00eame les entreprises de transports marchandises ferroviaires doivent s&#8217;appliquer \u00e0 trouver des r\u00e9ponses pour diminuer leurs \u00e9missions C02. Quelles sont les contraintes en mati\u00e8re de durabilit\u00e9 et quelles sont les pistes possibles ? Comment fait-on pour \u00eatre encore plus durable dans le ferroviaire ? Toutes ces questions et d&#8217;autres encore seront d\u00e9battues au cours d&#8217;une table ronde avec trois importants ac-teurs de la branche au niveau r\u00e9gional, national et \u00e0 l&#8217;international.<\/p>\n\t\t\t\t\t\t\t\t<\/div>\n\t\t\t\t<\/div>\n\t\t\t\t\t<\/div>\n\t\t<\/div>\n\t\t\t\t\t<\/div>\n\t\t<\/section>\n\t\t\t\t<section class=\"elementor-section elementor-top-section elementor-element elementor-element-2cd278a elementor-section-boxed elementor-section-height-default elementor-section-height-default\" data-id=\"2cd278a\" data-element_type=\"section\" data-e-type=\"section\">\n\t\t\t\t\t\t<div class=\"elementor-container elementor-column-gap-default\">\n\t\t\t\t\t<div class=\"elementor-column elementor-col-100 elementor-top-column elementor-element elementor-element-920c560\" data-id=\"920c560\" data-element_type=\"column\" data-e-type=\"column\">\n\t\t\t<div class=\"elementor-widget-wrap elementor-element-populated\">\n\t\t\t\t\t\t<div class=\"elementor-element elementor-element-0c36580 elementor-widget elementor-widget-text-editor\" data-id=\"0c36580\" data-element_type=\"widget\" data-e-type=\"widget\" data-widget_type=\"text-editor.default\">\n\t\t\t\t<div class=\"elementor-widget-container\">\n\t\t\t\t\t\t\t\t\t<p><span style=\"color: #800000;\"><strong>Lieu<\/strong> <\/span><br \/>Auditorium du Parc du Simplon \u00e0 Renens, B\u00e2timent Les Pl\u00e9iades<\/p><p><strong><span style=\"color: #800000;\">Date<\/span><\/strong> <br \/>Lundi 19 f\u00e9vrier 2024<\/p><p><strong><span style=\"color: #800000;\">Programme<\/span> <\/strong><br \/>17h30 &#8211; <strong>Accueil<\/strong> <br \/>17h45 &#8211; <strong>Assembl\u00e9e des membres du groupe r\u00e9gional Suisse Romande \/ Valais &#8211; partie statutaire :<\/strong><br \/>&#8211; Le mot du pr\u00e9sident (r\u00e9trospectives et perspectives)<br \/>&#8211; \u00c9lection d&#8217;un nouveau d\u00e9l\u00e9gu\u00e9<br \/>&#8211; Programmes 2024<br \/>&#8211; Divers<br \/>Env. 18h05 &#8211; <strong>Table ronde : La dimension durable dans le trafic marchandises : Une chance ou un casse-t\u00eate ?<\/strong><br \/>&#8211; <strong>Isabelle Betschart K\u00fchne<\/strong>, responsable de la production et membre de la direction de CFF Cargo<br \/>&#8211; <strong>Pierre-Alain Perren<\/strong>, Directeur du MBC<br \/>&#8211; <strong>Dirk Stahl<\/strong>, Directeur de BLS Cargo et membre de la direction de BLS<br \/>Mod\u00e9ration : <strong>Nicolas Steinmann<\/strong>, ACTP<br \/>Env. 19h15 &#8211; Ap\u00e9ro riche au restaurant Dufour, offert par l&#8217;ACTP<\/p><p>Venez nombreux et profitez de cette plateforme d\u2019\u00e9change que cet \u00e9v\u00e9nement nous offre en toute convivialit\u00e9.<\/p><p><strong>Association des cadres des transports publics ACTP <\/strong><br \/><strong>Nicolas Steinmann Pr\u00e9sident du groupe r\u00e9gional Romandie \/ Valais<\/strong><\/p>\t\t\t\t\t\t\t\t<\/div>\n\t\t\t\t<\/div>\n\t\t\t\t\t<\/div>\n\t\t<\/div>\n\t\t\t\t\t<\/div>\n\t\t<\/section>\n\t\t\t\t<section class=\"elementor-section elementor-top-section elementor-element elementor-element-c49d6b1 elementor-section-boxed elementor-section-height-default elementor-section-height-default\" data-id=\"c49d6b1\" data-element_type=\"section\" data-e-type=\"section\">\n\t\t\t\t\t\t<div class=\"elementor-container elementor-column-gap-default\">\n\t\t\t\t\t<div class=\"elementor-column elementor-col-50 elementor-top-column elementor-element elementor-element-ec787b3\" data-id=\"ec787b3\" data-element_type=\"column\" data-e-type=\"column\">\n\t\t\t<div class=\"elementor-widget-wrap elementor-element-populated\">\n\t\t\t\t\t\t<div class=\"elementor-element elementor-element-145b318 elementor-widget elementor-widget-button\" data-id=\"145b318\" data-element_type=\"widget\" data-e-type=\"widget\" data-widget_type=\"button.default\">\n\t\t\t\t<div class=\"elementor-widget-container\">\n\t\t\t\t\t\t\t\t\t<div class=\"elementor-button-wrapper\">\n\t\t\t\t\t<a class=\"elementor-button elementor-button-link elementor-size-sm\" href=\"https:\/\/www.kvoev-actp.ch\/wp-content\/uploads\/2024\/02\/240219-Invitation-Assemblee-generale-GR-ACTP-Suisse-romande-Valais-19-fev-24.pdf\">\n\t\t\t\t\t\t<span class=\"elementor-button-content-wrapper\">\n\t\t\t\t\t\t\t\t\t<span class=\"elementor-button-text\">Inscription (PDF)<\/span>\n\t\t\t\t\t<\/span>\n\t\t\t\t\t<\/a>\n\t\t\t\t<\/div>\n\t\t\t\t\t\t\t\t<\/div>\n\t\t\t\t<\/div>\n\t\t\t\t<div class=\"elementor-element elementor-element-b5f925e elementor-widget elementor-widget-button\" data-id=\"b5f925e\" data-element_type=\"widget\" data-e-type=\"widget\" data-widget_type=\"button.default\">\n\t\t\t\t<div class=\"elementor-widget-container\">\n\t\t\t\t\t\t\t\t\t<div class=\"elementor-button-wrapper\">\n\t\t\t\t\t<a class=\"elementor-button elementor-button-link elementor-size-sm\" href=\"https:\/\/www.kvoev-actp.ch\/wp-content\/uploads\/2024\/02\/Renens-Plan-dacces-a-lAuditorium-du-Parc-du-Simplon-Batiment-Les-Pleiades.PNG.pdf\">\n\t\t\t\t\t\t<span class=\"elementor-button-content-wrapper\">\n\t\t\t\t\t\t\t\t\t<span class=\"elementor-button-text\">Plan d'acc\u00e8s (PDF)<\/span>\n\t\t\t\t\t<\/span>\n\t\t\t\t\t<\/a>\n\t\t\t\t<\/div>\n\t\t\t\t\t\t\t\t<\/div>\n\t\t\t\t<\/div>\n\t\t\t\t\t<\/div>\n\t\t<\/div>\n\t\t\t\t<div class=\"elementor-column elementor-col-50 elementor-top-column elementor-element elementor-element-df3157c\" data-id=\"df3157c\" data-element_type=\"column\" data-e-type=\"column\">\n\t\t\t<div class=\"elementor-widget-wrap\">\n\t\t\t\t\t\t\t<\/div>\n\t\t<\/div>\n\t\t\t\t\t<\/div>\n\t\t<\/section>\n\t\t\t\t<section class=\"elementor-section elementor-top-section elementor-element elementor-element-6ab3f50 elementor-section-boxed elementor-section-height-default elementor-section-height-default\" data-id=\"6ab3f50\" data-element_type=\"section\" data-e-type=\"section\">\n\t\t\t\t\t\t<div class=\"elementor-container elementor-column-gap-default\">\n\t\t\t\t\t<div class=\"elementor-column elementor-col-100 elementor-top-column elementor-element elementor-element-6810458\" data-id=\"6810458\" data-element_type=\"column\" data-e-type=\"column\">\n\t\t\t<div class=\"elementor-widget-wrap elementor-element-populated\">\n\t\t\t\t\t\t<div class=\"elementor-element elementor-element-7e87f05 elementor-widget elementor-widget-text-editor\" data-id=\"7e87f05\" data-element_type=\"widget\" data-e-type=\"widget\" data-widget_type=\"text-editor.default\">\n\t\t\t\t<div class=\"elementor-widget-container\">\n\t\t\t\t\t\t\t\t\t<h2><strong><span style=\"color: #800000;\">Informations importantes<\/span><\/strong><\/h2><p><strong><span style=\"color: #800000;\">Cl\u00f4ture des inscriptions<\/span> <br \/><\/strong>Jeudi 15 f\u00e9vrier 2024<\/p><p><span style=\"color: #800000;\"><strong>Enregistrement<\/strong> <strong>vid\u00e9o, photos <\/strong> <\/span><br \/>Des photos et des vid\u00e9os peuvent \u00eatre prises pendant la manifestation. En vous inscrivant, vous donnez votre accord \u00e0 ce sujet.<\/p><p><strong><span style=\"color: #800000;\">Ap\u00e9ro riche <\/span><\/strong> <br \/>Si vous ne pouvez pas participer \u00e0 l&#8217;agape qui suivra la table ronde, veuil-lez nous l&#8217;indiquer explicitement lors de votre inscription.<\/p><p><span style=\"color: #800000;\"><strong>Retransmission de la Table ronde<\/strong><\/span><br \/>Il est pr\u00e9vu de retransmettre la Table ronde par Teams. Si vous ne pou-vez pas participer en pr\u00e9sentiel \u00e0 l&#8217;assembl\u00e9e, il vous est possible de vous inscrire en nous communiquant l&#8217;adresse courriel \u00e0 laquelle une invitation par \u00e9quipes vous sera adress\u00e9e. La participation ne sera toute-fois que passive (pas de possibilit\u00e9 de poser des questions par Teams). Il n\u2019est pas pr\u00e9vu de retransmettre la partie statutaire.<\/p><p><span style=\"color: #800000;\"><strong>En cas d\u2019emp\u00eachement<\/strong><\/span><br \/>Si vous avez un emp\u00eachement de derni\u00e8re minute <strong>le jour de la manifestation<\/strong>, nous vous prions d&#8217;annuler votre participation \u00e0 temps par SMS au 079 743 47 16.<\/p><p>Pour vous d\u00e9sinscrire au pr\u00e9alable, pri\u00e8re d\u2019envoyer un courriel \u00e0 <span style=\"color: #800000;\"><a style=\"color: #800000;\" href=\"mailto:info@kvoev-actp.ch\" target=\"_blank\" rel=\"noopener\"><strong>info@kvoev-actp.ch<\/strong><\/a><\/span>.<\/p><p><span style=\"color: #800000;\"><strong>Plan d&#8217;acc\u00e8s <\/strong> <\/span><br \/><span style=\"color: #000000;\"><strong><a style=\"color: #000000;\" href=\"https:\/\/www.kvoev-actp.ch\/wp-content\/uploads\/2024\/02\/Renens-Plan-dacces-a-lAuditorium-du-Parc-du-Simplon-Batiment-Les-Pleiades.PNG.pdf\" target=\"_blank\" rel=\"noopener\">Voir ici<\/a><br \/><\/strong><\/span><\/p><div>\u00a0<\/div>\t\t\t\t\t\t\t\t<\/div>\n\t\t\t\t<\/div>\n\t\t\t\t\t<\/div>\n\t\t<\/div>\n\t\t\t\t\t<\/div>\n\t\t<\/section>\n\t\t\t\t<\/div>\n\t\t","protected":false},"excerpt":{"rendered":"<p>Assembl\u00e9e g\u00e9n\u00e9rale du groupe r\u00e9gional Romandie \/ Valais suivie d&#8217;une table ronde sur la durabilit\u00e9 dans le trafic marchandises Que ce soit dans le domaine de l&#8217;infrastructure comme dans celui des transports, la th\u00e9matique de la durabilit\u00e9 est devenue incontournable. Si l&#8217;on prend comme exemple le transport marchandises \u00e0 travers les Alpes au niveau international, [&hellip;]<\/p>\n","protected":false},"author":1,"featured_media":0,"parent":1717,"menu_order":0,"comment_status":"closed","ping_status":"closed","template":"","meta":{"footnotes":""},"categories":[],"tags":[],"class_list":["post-14083","page","type-page","status-publish","hentry"],"_links":{"self":[{"href":"https:\/\/www.kvoev-actp.ch\/fr\/wp-json\/wp\/v2\/pages\/14083","targetHints":{"allow":["GET"]}}],"collection":[{"href":"https:\/\/www.kvoev-actp.ch\/fr\/wp-json\/wp\/v2\/pages"}],"about":[{"href":"https:\/\/www.kvoev-actp.ch\/fr\/wp-json\/wp\/v2\/types\/page"}],"author":[{"embeddable":true,"href":"https:\/\/www.kvoev-actp.ch\/fr\/wp-json\/wp\/v2\/users\/1"}],"replies":[{"embeddable":true,"href":"https:\/\/www.kvoev-actp.ch\/fr\/wp-json\/wp\/v2\/comments?post=14083"}],"version-history":[{"count":5,"href":"https:\/\/www.kvoev-actp.ch\/fr\/wp-json\/wp\/v2\/pages\/14083\/revisions"}],"predecessor-version":[{"id":14203,"href":"https:\/\/www.kvoev-actp.ch\/fr\/wp-json\/wp\/v2\/pages\/14083\/revisions\/14203"}],"up":[{"embeddable":true,"href":"https:\/\/www.kvoev-actp.ch\/fr\/wp-json\/wp\/v2\/pages\/1717"}],"wp:attachment":[{"href":"https:\/\/www.kvoev-actp.ch\/fr\/wp-json\/wp\/v2\/media?parent=14083"}],"wp:term":[{"taxonomy":"category","embeddable":true,"href":"https:\/\/www.kvoev-actp.ch\/fr\/wp-json\/wp\/v2\/categories?post=14083"},{"taxonomy":"post_tag","embeddable":true,"href":"https:\/\/www.kvoev-actp.ch\/fr\/wp-json\/wp\/v2\/tags?post=14083"}],"curies":[{"name":"wp","href":"https:\/\/api.w.org\/{rel}","templated":true}]}}