{"id":1455,"date":"2019-10-01T10:35:45","date_gmt":"2019-10-01T08:35:45","guid":{"rendered":"https:\/\/kvoev-actp.ch\/prestations\/volvo\/"},"modified":"2026-02-12T09:53:12","modified_gmt":"2026-02-12T08:53:12","slug":"volvo","status":"publish","type":"page","link":"https:\/\/www.kvoev-actp.ch\/fr\/prestations\/voitures\/volvo\/","title":{"rendered":"Volvo"},"content":{"rendered":"\t\t<div data-elementor-type=\"wp-page\" data-elementor-id=\"1455\" class=\"elementor elementor-1455 elementor-106\" data-elementor-post-type=\"page\">\n\t\t\t\t\t\t<section class=\"elementor-section elementor-top-section elementor-element elementor-element-7f352a1 elementor-section-boxed elementor-section-height-default elementor-section-height-default\" data-id=\"7f352a1\" data-element_type=\"section\" data-e-type=\"section\">\n\t\t\t\t\t\t<div class=\"elementor-container elementor-column-gap-default\">\n\t\t\t\t\t<div class=\"elementor-column elementor-col-100 elementor-top-column elementor-element elementor-element-9e828cf\" data-id=\"9e828cf\" data-element_type=\"column\" data-e-type=\"column\">\n\t\t\t<div class=\"elementor-widget-wrap elementor-element-populated\">\n\t\t\t\t\t\t<div class=\"elementor-element elementor-element-51b63fe elementor-widget elementor-widget-spacer\" data-id=\"51b63fe\" data-element_type=\"widget\" data-e-type=\"widget\" data-widget_type=\"spacer.default\">\n\t\t\t\t<div class=\"elementor-widget-container\">\n\t\t\t\t\t\t\t<div class=\"elementor-spacer\">\n\t\t\t<div class=\"elementor-spacer-inner\"><\/div>\n\t\t<\/div>\n\t\t\t\t\t\t<\/div>\n\t\t\t\t<\/div>\n\t\t\t\t\t<\/div>\n\t\t<\/div>\n\t\t\t\t\t<\/div>\n\t\t<\/section>\n\t\t\t\t<section class=\"elementor-section elementor-top-section elementor-element elementor-element-2b8ccac elementor-section-boxed elementor-section-height-default elementor-section-height-default\" data-id=\"2b8ccac\" data-element_type=\"section\" data-e-type=\"section\">\n\t\t\t\t\t\t<div class=\"elementor-container elementor-column-gap-default\">\n\t\t\t\t\t<div class=\"elementor-column elementor-col-100 elementor-top-column elementor-element elementor-element-e0cd8eb\" data-id=\"e0cd8eb\" data-element_type=\"column\" data-e-type=\"column\">\n\t\t\t<div class=\"elementor-widget-wrap elementor-element-populated\">\n\t\t\t\t\t\t<div class=\"elementor-element elementor-element-4bc69b2 elementor-widget elementor-widget-heading\" data-id=\"4bc69b2\" data-element_type=\"widget\" data-e-type=\"widget\" data-widget_type=\"heading.default\">\n\t\t\t\t<div class=\"elementor-widget-container\">\n\t\t\t\t\t<h1 class=\"elementor-heading-title elementor-size-default\">Volvo et ACTP - Deux valeurs s\u00fbres. Rabais et conditions sp\u00e9ciales de Volvo Car Switzerland AG <\/h1>\t\t\t\t<\/div>\n\t\t\t\t<\/div>\n\t\t\t\t\t<\/div>\n\t\t<\/div>\n\t\t\t\t\t<\/div>\n\t\t<\/section>\n\t\t\t\t<section class=\"elementor-section elementor-top-section elementor-element elementor-element-0c0ed70 elementor-section-boxed elementor-section-height-default elementor-section-height-default\" data-id=\"0c0ed70\" data-element_type=\"section\" data-e-type=\"section\">\n\t\t\t\t\t\t<div class=\"elementor-container elementor-column-gap-default\">\n\t\t\t\t\t<div class=\"elementor-column elementor-col-100 elementor-top-column elementor-element elementor-element-3022c52\" data-id=\"3022c52\" data-element_type=\"column\" data-e-type=\"column\">\n\t\t\t<div class=\"elementor-widget-wrap elementor-element-populated\">\n\t\t\t\t\t\t<div class=\"elementor-element elementor-element-bb393f5 elementor-widget elementor-widget-text-editor\" data-id=\"bb393f5\" data-element_type=\"widget\" data-e-type=\"widget\" data-widget_type=\"text-editor.default\">\n\t\t\t\t<div class=\"elementor-widget-container\">\n\t\t\t\t\t\t\t\t\t<p><img fetchpriority=\"high\" decoding=\"async\" class=\"alignnone size-full wp-image-3482\" src=\"https:\/\/www.kvoev-actp.ch\/wp-content\/uploads\/2020\/11\/volvo-2020-f.jpg\" alt=\"\" width=\"600\" height=\"223\" srcset=\"https:\/\/www.kvoev-actp.ch\/wp-content\/uploads\/2020\/11\/volvo-2020-f.jpg 600w, https:\/\/www.kvoev-actp.ch\/wp-content\/uploads\/2020\/11\/volvo-2020-f-300x112.jpg 300w\" sizes=\"(max-width: 600px) 100vw, 600px\" \/><\/p><p><strong>Volvo, en tant que fournisseur de premier plan, d\u00e9fend des valeurs analogues \u00e0 celles de l\u2019ACTP : L\u2019Humain au centre, le respect pour l&#8217;environnement, la s\u00e9curit\u00e9, l\u2019innovation. Cette analogie a encourag\u00e9 l\u2019ACTP \u00e0 choisir Volvo comme partenaire.<\/strong><\/p><p><span style=\"color: #742a2e;\"><strong>L\u2019accord-cadre avec l\u2019ACTP garantit \u00e0 nos membres<\/strong><\/span><\/p><ul><li>Lors de l\u2019achat <strong>d\u2019une voiture neuve<\/strong>, une remise pouvant atteindre <strong>19 %<\/strong>, valable chez le concessionnaire Volvo de votre choix.<\/li><li><strong>Leasing de voitures neuves<\/strong> \u00e0 0,9 % pour les mod\u00e8les enti\u00e8rement \u00e9lectriques, voire jusqu&#8217;\u00e0 0,0 % pour les autres mod\u00e8les.<\/li><li><strong>Mod\u00e8les en action<\/strong> avec des d\u00e9ductions cumul\u00e9es.<\/li><\/ul><p><span style=\"color: #742a2e;\"><strong>Les offres de Volvo Car Switzerland SA \u00e0 un coup d\u2019\u0153il<\/strong><\/span><\/p><p>Vous trouverez toute la palette des mod\u00e8les, les offres de leasing et les promotions sp\u00e9ciales de Volvo Car Switzerland SA sur notre site web <span style=\"background-color: rgba(116,42,46,0.25); padding: 4px;\"><strong><span style=\"color: #800000;\"><a style=\"color: #800000;\" href=\"http:\/\/fleet.volvocars-tools.ch\/461\/81527072196\/kaderverband-des-%C3%B6ffentlichen-verkehrs-kv%C3%B6v\" target=\"_blank\" rel=\"noopener\">ACTP-VOLVO offres<\/a><\/span><\/strong>.<\/span><br \/>.<br \/><span style=\"color: #742a2e;\"><strong>Voici comment profiter du rabais pour les membres<\/strong><\/span><\/p><p>Si vous d\u00e9sirez profiter du rabais Volvo destin\u00e9 aux membres, envoyez-nous un bref e-mail avec le mot-cl\u00e9 \u00abRabais Volvo\u00bb \u00e0<span style=\"color: #800000;\"><strong><a style=\"color: #800000;\" href=\"mailto:info@kvoev-actp.ch\" target=\"_blank\" rel=\"noopener\"> info@kvoev-actp.ch<\/a><\/strong><\/span>, avec votre nom et votre adresse e-mail. Nous vous enverrons ensuite par e-mail une attestation de votre affiliation \u00e0 l\u2019ACTP que vous pourrez pr\u00e9senter \u00e0 votre concessionnaire Volvo \u2013 et c\u2019est tout.<\/p><p><span style=\"color: #742a2e;\"><strong>Les r\u00e8gles du jeu<\/strong><\/span><\/p><ul><li>Le rabais est calcul\u00e9 \u00e0 partir du prix catalogue brut du v\u00e9hicule y compris les options d\u2019usine. S\u2019appliquent exclusivement les prix, conditions et d\u00e9lais de livraison convenus avec le concessionnaire Volvo.<\/li><li>La livraison des v\u00e9hicules est effectu\u00e9e exclusivement par le biais des agences Volvo officielles en Suisse.<\/li><li>Les v\u00e9hicules doivent \u00eatre immatricul\u00e9s au moins six mois et 6&#8217;000 km au nom du membre ayant droit.<\/li><\/ul>\t\t\t\t\t\t\t\t<\/div>\n\t\t\t\t<\/div>\n\t\t\t\t\t<\/div>\n\t\t<\/div>\n\t\t\t\t\t<\/div>\n\t\t<\/section>\n\t\t\t\t<section class=\"elementor-section elementor-top-section elementor-element elementor-element-ed0be47 elementor-section-boxed elementor-section-height-default elementor-section-height-default\" data-id=\"ed0be47\" data-element_type=\"section\" data-e-type=\"section\">\n\t\t\t\t\t\t<div class=\"elementor-container elementor-column-gap-default\">\n\t\t\t\t\t<div class=\"elementor-column elementor-col-100 elementor-top-column elementor-element elementor-element-dd982cd\" data-id=\"dd982cd\" data-element_type=\"column\" data-e-type=\"column\">\n\t\t\t<div class=\"elementor-widget-wrap elementor-element-populated\">\n\t\t\t\t\t\t<div class=\"elementor-element elementor-element-28ad112 elementor-widget elementor-widget-spacer\" data-id=\"28ad112\" data-element_type=\"widget\" data-e-type=\"widget\" data-widget_type=\"spacer.default\">\n\t\t\t\t<div class=\"elementor-widget-container\">\n\t\t\t\t\t\t\t<div class=\"elementor-spacer\">\n\t\t\t<div class=\"elementor-spacer-inner\"><\/div>\n\t\t<\/div>\n\t\t\t\t\t\t<\/div>\n\t\t\t\t<\/div>\n\t\t\t\t\t<\/div>\n\t\t<\/div>\n\t\t\t\t\t<\/div>\n\t\t<\/section>\n\t\t\t\t<\/div>\n\t\t","protected":false},"excerpt":{"rendered":"<p>Volvo et ACTP &#8211; Deux valeurs s\u00fbres. Rabais et conditions sp\u00e9ciales de Volvo Car Switzerland AG Volvo, en tant que fournisseur de premier plan, d\u00e9fend des valeurs analogues \u00e0 celles de l\u2019ACTP : L\u2019Humain au centre, le respect pour l&#8217;environnement, la s\u00e9curit\u00e9, l\u2019innovation. Cette analogie a encourag\u00e9 l\u2019ACTP \u00e0 choisir Volvo comme partenaire. L\u2019accord-cadre avec [&hellip;]<\/p>\n","protected":false},"author":1,"featured_media":0,"parent":5855,"menu_order":0,"comment_status":"closed","ping_status":"closed","template":"","meta":{"footnotes":""},"categories":[],"tags":[],"class_list":["post-1455","page","type-page","status-publish","hentry"],"_links":{"self":[{"href":"https:\/\/www.kvoev-actp.ch\/fr\/wp-json\/wp\/v2\/pages\/1455","targetHints":{"allow":["GET"]}}],"collection":[{"href":"https:\/\/www.kvoev-actp.ch\/fr\/wp-json\/wp\/v2\/pages"}],"about":[{"href":"https:\/\/www.kvoev-actp.ch\/fr\/wp-json\/wp\/v2\/types\/page"}],"author":[{"embeddable":true,"href":"https:\/\/www.kvoev-actp.ch\/fr\/wp-json\/wp\/v2\/users\/1"}],"replies":[{"embeddable":true,"href":"https:\/\/www.kvoev-actp.ch\/fr\/wp-json\/wp\/v2\/comments?post=1455"}],"version-history":[{"count":5,"href":"https:\/\/www.kvoev-actp.ch\/fr\/wp-json\/wp\/v2\/pages\/1455\/revisions"}],"predecessor-version":[{"id":21102,"href":"https:\/\/www.kvoev-actp.ch\/fr\/wp-json\/wp\/v2\/pages\/1455\/revisions\/21102"}],"up":[{"embeddable":true,"href":"https:\/\/www.kvoev-actp.ch\/fr\/wp-json\/wp\/v2\/pages\/5855"}],"wp:attachment":[{"href":"https:\/\/www.kvoev-actp.ch\/fr\/wp-json\/wp\/v2\/media?parent=1455"}],"wp:term":[{"taxonomy":"category","embeddable":true,"href":"https:\/\/www.kvoev-actp.ch\/fr\/wp-json\/wp\/v2\/categories?post=1455"},{"taxonomy":"post_tag","embeddable":true,"href":"https:\/\/www.kvoev-actp.ch\/fr\/wp-json\/wp\/v2\/tags?post=1455"}],"curies":[{"name":"wp","href":"https:\/\/api.w.org\/{rel}","templated":true}]}}