{"id":14740,"date":"2024-03-11T08:36:14","date_gmt":"2024-03-11T07:36:14","guid":{"rendered":"https:\/\/kvoev-actp.ch\/les-membres-parrainent-des-membres-2024\/"},"modified":"2026-03-26T07:12:01","modified_gmt":"2026-03-26T06:12:01","slug":"pum_2026","status":"publish","type":"page","link":"https:\/\/www.kvoev-actp.ch\/fr\/pum_2026\/","title":{"rendered":"Les membres parrainent des membres 2026"},"content":{"rendered":"\t\t<div data-elementor-type=\"wp-page\" data-elementor-id=\"14740\" class=\"elementor elementor-14740 elementor-14631\" data-elementor-post-type=\"page\">\n\t\t\t\t\t\t<section class=\"elementor-section elementor-top-section elementor-element elementor-element-f62de57 elementor-section-boxed elementor-section-height-default elementor-section-height-default\" data-id=\"f62de57\" data-element_type=\"section\" data-e-type=\"section\">\n\t\t\t\t\t\t<div class=\"elementor-container elementor-column-gap-default\">\n\t\t\t\t\t<div class=\"elementor-column elementor-col-100 elementor-top-column elementor-element elementor-element-7c1446b\" data-id=\"7c1446b\" data-element_type=\"column\" data-e-type=\"column\">\n\t\t\t<div class=\"elementor-widget-wrap elementor-element-populated\">\n\t\t\t\t\t\t<div class=\"elementor-element elementor-element-cf0267a elementor-widget elementor-widget-spacer\" data-id=\"cf0267a\" data-element_type=\"widget\" data-e-type=\"widget\" data-widget_type=\"spacer.default\">\n\t\t\t\t<div class=\"elementor-widget-container\">\n\t\t\t\t\t\t\t<div class=\"elementor-spacer\">\n\t\t\t<div class=\"elementor-spacer-inner\"><\/div>\n\t\t<\/div>\n\t\t\t\t\t\t<\/div>\n\t\t\t\t<\/div>\n\t\t\t\t\t<\/div>\n\t\t<\/div>\n\t\t\t\t\t<\/div>\n\t\t<\/section>\n\t\t\t\t<section class=\"elementor-section elementor-top-section elementor-element elementor-element-af3420d elementor-section-boxed elementor-section-height-default elementor-section-height-default\" data-id=\"af3420d\" data-element_type=\"section\" data-e-type=\"section\">\n\t\t\t\t\t\t<div class=\"elementor-container elementor-column-gap-default\">\n\t\t\t\t\t<div class=\"elementor-column elementor-col-100 elementor-top-column elementor-element elementor-element-e7647fa\" data-id=\"e7647fa\" data-element_type=\"column\" data-e-type=\"column\">\n\t\t\t<div class=\"elementor-widget-wrap elementor-element-populated\">\n\t\t\t\t\t\t<div class=\"elementor-element elementor-element-bc61a62 elementor-widget elementor-widget-heading\" data-id=\"bc61a62\" data-element_type=\"widget\" data-e-type=\"widget\" data-widget_type=\"heading.default\">\n\t\t\t\t<div class=\"elementor-widget-container\">\n\t\t\t\t\t<h1 class=\"elementor-heading-title elementor-size-default\">Parrainez un membre: Participer et gagner des prime!\n<\/h1>\t\t\t\t<\/div>\n\t\t\t\t<\/div>\n\t\t\t\t\t<\/div>\n\t\t<\/div>\n\t\t\t\t\t<\/div>\n\t\t<\/section>\n\t\t\t\t<section class=\"elementor-section elementor-top-section elementor-element elementor-element-49df32b elementor-section-boxed elementor-section-height-default elementor-section-height-default\" data-id=\"49df32b\" data-element_type=\"section\" data-e-type=\"section\">\n\t\t\t\t\t\t<div class=\"elementor-container elementor-column-gap-default\">\n\t\t\t\t\t<div class=\"elementor-column elementor-col-100 elementor-top-column elementor-element elementor-element-9164d37\" data-id=\"9164d37\" data-element_type=\"column\" data-e-type=\"column\">\n\t\t\t<div class=\"elementor-widget-wrap elementor-element-populated\">\n\t\t\t\t\t\t<div class=\"elementor-element elementor-element-eb22115 elementor-widget elementor-widget-image\" data-id=\"eb22115\" data-element_type=\"widget\" data-e-type=\"widget\" data-widget_type=\"image.default\">\n\t\t\t\t<div class=\"elementor-widget-container\">\n\t\t\t\t\t\t\t\t\t\t\t\t\t\t\t<img fetchpriority=\"high\" decoding=\"async\" width=\"600\" height=\"300\" src=\"https:\/\/www.kvoev-actp.ch\/wp-content\/uploads\/2024\/03\/mwm-2024-fr.jpg\" class=\"attachment-full size-full wp-image-14758\" alt=\"\" srcset=\"https:\/\/www.kvoev-actp.ch\/wp-content\/uploads\/2024\/03\/mwm-2024-fr.jpg 600w, https:\/\/www.kvoev-actp.ch\/wp-content\/uploads\/2024\/03\/mwm-2024-fr-300x150.jpg 300w, https:\/\/www.kvoev-actp.ch\/wp-content\/uploads\/2024\/03\/mwm-2024-fr-570x285.jpg 570w, https:\/\/www.kvoev-actp.ch\/wp-content\/uploads\/2024\/03\/mwm-2024-fr-380x190.jpg 380w, https:\/\/www.kvoev-actp.ch\/wp-content\/uploads\/2024\/03\/mwm-2024-fr-285x143.jpg 285w\" sizes=\"(max-width: 600px) 100vw, 600px\" \/>\t\t\t\t\t\t\t\t\t\t\t\t\t\t\t<\/div>\n\t\t\t\t<\/div>\n\t\t\t\t\t<\/div>\n\t\t<\/div>\n\t\t\t\t\t<\/div>\n\t\t<\/section>\n\t\t\t\t<section class=\"elementor-section elementor-top-section elementor-element elementor-element-17e8b7b elementor-section-boxed elementor-section-height-default elementor-section-height-default\" data-id=\"17e8b7b\" data-element_type=\"section\" data-e-type=\"section\">\n\t\t\t\t\t\t<div class=\"elementor-container elementor-column-gap-default\">\n\t\t\t\t\t<div class=\"elementor-column elementor-col-100 elementor-top-column elementor-element elementor-element-6dc597c\" data-id=\"6dc597c\" data-element_type=\"column\" data-e-type=\"column\">\n\t\t\t<div class=\"elementor-widget-wrap elementor-element-populated\">\n\t\t\t\t\t\t<div class=\"elementor-element elementor-element-a0a5840 elementor-widget elementor-widget-text-editor\" data-id=\"a0a5840\" data-element_type=\"widget\" data-e-type=\"widget\" data-widget_type=\"text-editor.default\">\n\t\t\t\t<div class=\"elementor-widget-container\">\n\t\t\t\t\t\t\t\t\t<p>Y participons tous et toutes ! Avec la campagne actuelle, tout le monde est gagnant : en soutenant l&#8217;action \u00ab Les membres parrainent des membres \u00bb, vous gagnez une prime en tant que recruteur et le nouveau membre que vous avez recrut\u00e9 b\u00e9n\u00e9ficie des nombreux avantages d&#8217;une adh\u00e9sion \u00e0 l&#8217;Association des cadres. \u00ab Win \u2013 win \u00bb pour tous !<\/p><p>Plus l\u2019effectif des membres sera \u00e9lev\u00e9, mieux notre vois se fera entendre dans les entreprises et mieux nous pourrons repr\u00e9senter les int\u00e9r\u00eats de nos membres. Merci de participer et de nous soutenir.<\/p><p><strong>L&#8217;union fait la force &#8211; merci de votre soutien &#8211; participez \u00e0 nouveau.<\/strong><\/p><p>L&#8217;action se d\u00e9roule du 12 mars au 30 juin 2026.<\/p><p><strong><span style=\"color: #800000;\">AIDEZ-NOUS \u00c0 RECRUTER DE NOUVEAUX MEMBRES \u2013 GAGNEZ DES PRIMES !<\/span><\/strong><\/p><ul><li><span style=\"color: #993300;\"><strong>Nouveau!<\/strong><\/span> En guise de r\u00e9compense imm\u00e9diate, nous vous enverrons une petite surprise apr\u00e8s l&#8217;inscription du nouveau membre qui aura indiqu\u00e9 votre nom sous \u00ab J&#8217;ai \u00e9t\u00e9 recrut\u00e9 par \u00bb.<\/li><\/ul><p><img decoding=\"async\" class=\"alignnone size-full wp-image-21446\" src=\"https:\/\/www.kvoev-actp.ch\/wp-content\/uploads\/2026\/03\/Pochette-Macadamia.jpg\" alt=\"Pochette Macadamia\" width=\"200\" height=\"113\" \/><\/p><ul><li>Pour chaque membre recrut\u00e9, vous recevrez <strong>une prime de remerciement de 60 CHF<\/strong> par virement bancaire apr\u00e8s la fin de la campagne d\u00e9but juillet 2026.<\/li><li>Si vous recrutez au moins 3 nouveaux membres, vous recevrez \u00e9galement <strong>une prime suppl\u00e9mentaire de 60 CHF<\/strong>. 3 nouveaux membres vous rapporteront donc 240 CHF.<\/li><li>La mani\u00e8re la plus simple pour les nouveaux membres de s\u2019inscrire est de le faire en ligne, en appuyant sur le bouton \u00ab Devenir membre \u00bb.<\/li><\/ul><p><a href=\"https:\/\/www.kvoev-actp.ch\/fr\/qualite-de-membre\/devenir-membre\/\" rel=\"noopener\"><img decoding=\"async\" class=\"alignnone wp-image-21364\" src=\"https:\/\/www.kvoev-actp.ch\/wp-content\/uploads\/2026\/03\/Icon-Devenir-membre.png\" alt=\"Devenir membre\" width=\"200\" height=\"66\" \/><\/a><\/p><ul><li>Lorsque le nouveau membre s\u2019inscrit, assurez-vous que<strong>votre nom<\/strong> appara\u00eet dans la rubrique \u00ab J&#8217;ai \u00e9t\u00e9 recommand\u00e9 par \u00bb afin que nous puissions attribuer les primes.<\/li><li><strong>Pour le nouveau membre, l&#8217;Association de cadre paiera la cotisation de l&#8217;ann\u00e9e 2026 en cours en guise de bienvenue.<\/strong><\/li><\/ul><p><strong><span style=\"color: #800000;\">LES INFORMATIONS SUIVANTES SUR L\u2019ACTP VOUS AIDENT \u00c0 LA CAMPAGNE<\/span><\/strong><\/p><p>Faites une publicit\u00e9 convaincante : ces documents vous y aideront :<\/p><p><a href=\"https:\/\/www.kvoev-actp.ch\/wp-content\/uploads\/2024\/03\/240310-Facts-Sheet-Association-de-cadres-des-TP-publics-ACTP-FR.pdf\" target=\"_blank\" rel=\"noopener\"><img loading=\"lazy\" decoding=\"async\" class=\"alignnone wp-image-281\" src=\"https:\/\/www.kvoev-actp.ch\/wp-content\/uploads\/2019\/11\/pdf-128.png\" alt=\"\" width=\"42\" height=\"42\" \/><\/a> <a href=\"https:\/\/www.kvoev-actp.ch\/wp-content\/uploads\/2026\/03\/Fact-Sheet-ACTP-Ton-compagnon-de-route-dans-les-TP.pdf\" target=\"_blank\" rel=\"noopener\"><strong><span style=\"color: #800000;\">L\u2019Association des cadres des transports publics \u2013 le tout en un clin d\u2019\u0153il<\/span><\/strong><\/a><\/p><p><strong><span style=\"color: #800000;\"><a style=\"color: #800000;\" href=\"https:\/\/www.kvoev-actp.ch\/wp-content\/uploads\/2026\/03\/ACTP-Prestations-pour-nos-membres-Etat-Mars-2026.pdf\" target=\"_blank\" rel=\"noopener\"><img loading=\"lazy\" decoding=\"async\" class=\"alignnone wp-image-281\" src=\"https:\/\/www.kvoev-actp.ch\/wp-content\/uploads\/2019\/11\/pdf-128.png\" alt=\"\" width=\"42\" height=\"42\" \/>\u00a0Offre de prestations pour nos membres<\/a><\/span><\/strong><\/p>\t\t\t\t\t\t\t\t<\/div>\n\t\t\t\t<\/div>\n\t\t\t\t<div class=\"elementor-element elementor-element-51a5443 elementor-widget elementor-widget-video\" data-id=\"51a5443\" data-element_type=\"widget\" data-e-type=\"widget\" data-settings=\"{&quot;video_type&quot;:&quot;vimeo&quot;}\" data-widget_type=\"video.default\">\n\t\t\t\t<div class=\"elementor-widget-container\">\n\t\t\t\t\t\t\t<div class=\"elementor-wrapper elementor-open-inline\">\n\t\t\t<iframe class=\"elementor-video-iframe\" allowfullscreen allow=\"clipboard-write\" title=\"Lecteur vid\u00e9o vimeo\" src=\"https:\/\/player.vimeo.com\/video\/751167469?color&amp;autopause=0&amp;loop=0&amp;muted=0&amp;title=1&amp;portrait=1&amp;byline=1&amp;h=f53642f31a#t=\"><\/iframe>\t\t<\/div>\n\t\t\t\t\t\t<\/div>\n\t\t\t\t<\/div>\n\t\t\t\t\t<\/div>\n\t\t<\/div>\n\t\t\t\t\t<\/div>\n\t\t<\/section>\n\t\t\t\t<section class=\"elementor-section elementor-top-section elementor-element elementor-element-bebd303 elementor-section-boxed elementor-section-height-default elementor-section-height-default\" data-id=\"bebd303\" data-element_type=\"section\" data-e-type=\"section\">\n\t\t\t\t\t\t<div class=\"elementor-container elementor-column-gap-default\">\n\t\t\t\t\t<div class=\"elementor-column elementor-col-100 elementor-top-column elementor-element elementor-element-374ebaf\" data-id=\"374ebaf\" data-element_type=\"column\" data-e-type=\"column\">\n\t\t\t<div class=\"elementor-widget-wrap elementor-element-populated\">\n\t\t\t\t\t\t<div class=\"elementor-element elementor-element-dc37f39 elementor-widget elementor-widget-text-editor\" data-id=\"dc37f39\" data-element_type=\"widget\" data-e-type=\"widget\" data-widget_type=\"text-editor.default\">\n\t\t\t\t<div class=\"elementor-widget-container\">\n\t\t\t\t\t\t\t\t\t<h2><span style=\"color: #993300;\"><strong>Merci pour votre soutien et bonne chance pour la r\u00e9ussite de votre campagne publicitaire.<\/strong><\/span><\/h2>\t\t\t\t\t\t\t\t<\/div>\n\t\t\t\t<\/div>\n\t\t\t\t\t<\/div>\n\t\t<\/div>\n\t\t\t\t\t<\/div>\n\t\t<\/section>\n\t\t\t\t<\/div>\n\t\t","protected":false},"excerpt":{"rendered":"<p>Parrainez un membre: Participer et gagner des prime! Y participons tous et toutes ! Avec la campagne actuelle, tout le monde est gagnant : en soutenant l&#8217;action \u00ab Les membres parrainent des membres \u00bb, vous gagnez une prime en tant que recruteur et le nouveau membre que vous avez recrut\u00e9 b\u00e9n\u00e9ficie des nombreux avantages d&#8217;une [&hellip;]<\/p>\n","protected":false},"author":1,"featured_media":0,"parent":0,"menu_order":0,"comment_status":"closed","ping_status":"closed","template":"","meta":{"footnotes":""},"categories":[1],"tags":[],"class_list":["post-14740","page","type-page","status-publish","hentry","category-unkategorisiert"],"_links":{"self":[{"href":"https:\/\/www.kvoev-actp.ch\/fr\/wp-json\/wp\/v2\/pages\/14740","targetHints":{"allow":["GET"]}}],"collection":[{"href":"https:\/\/www.kvoev-actp.ch\/fr\/wp-json\/wp\/v2\/pages"}],"about":[{"href":"https:\/\/www.kvoev-actp.ch\/fr\/wp-json\/wp\/v2\/types\/page"}],"author":[{"embeddable":true,"href":"https:\/\/www.kvoev-actp.ch\/fr\/wp-json\/wp\/v2\/users\/1"}],"replies":[{"embeddable":true,"href":"https:\/\/www.kvoev-actp.ch\/fr\/wp-json\/wp\/v2\/comments?post=14740"}],"version-history":[{"count":5,"href":"https:\/\/www.kvoev-actp.ch\/fr\/wp-json\/wp\/v2\/pages\/14740\/revisions"}],"predecessor-version":[{"id":21452,"href":"https:\/\/www.kvoev-actp.ch\/fr\/wp-json\/wp\/v2\/pages\/14740\/revisions\/21452"}],"wp:attachment":[{"href":"https:\/\/www.kvoev-actp.ch\/fr\/wp-json\/wp\/v2\/media?parent=14740"}],"wp:term":[{"taxonomy":"category","embeddable":true,"href":"https:\/\/www.kvoev-actp.ch\/fr\/wp-json\/wp\/v2\/categories?post=14740"},{"taxonomy":"post_tag","embeddable":true,"href":"https:\/\/www.kvoev-actp.ch\/fr\/wp-json\/wp\/v2\/tags?post=14740"}],"curies":[{"name":"wp","href":"https:\/\/api.w.org\/{rel}","templated":true}]}}