{"id":1492,"date":"2019-10-01T09:33:51","date_gmt":"2019-10-01T07:33:51","guid":{"rendered":"https:\/\/kvoev-actp.ch\/informationen\/"},"modified":"2024-02-26T15:30:42","modified_gmt":"2024-02-26T14:30:42","slug":"information","status":"publish","type":"page","link":"https:\/\/www.kvoev-actp.ch\/fr\/information\/","title":{"rendered":"Information"},"content":{"rendered":"\t\t<div data-elementor-type=\"wp-page\" data-elementor-id=\"1492\" class=\"elementor elementor-1492 elementor-46\" data-elementor-post-type=\"page\">\n\t\t\t\t\t\t<section class=\"elementor-section elementor-top-section elementor-element elementor-element-13decac elementor-section-boxed elementor-section-height-default elementor-section-height-default\" data-id=\"13decac\" data-element_type=\"section\" data-e-type=\"section\">\n\t\t\t\t\t\t<div class=\"elementor-container elementor-column-gap-default\">\n\t\t\t\t\t<div class=\"elementor-column elementor-col-100 elementor-top-column elementor-element elementor-element-cc1ff7a\" data-id=\"cc1ff7a\" data-element_type=\"column\" data-e-type=\"column\">\n\t\t\t<div class=\"elementor-widget-wrap elementor-element-populated\">\n\t\t\t\t\t\t<div class=\"elementor-element elementor-element-5dff33c elementor-widget elementor-widget-spacer\" data-id=\"5dff33c\" data-element_type=\"widget\" data-e-type=\"widget\" data-widget_type=\"spacer.default\">\n\t\t\t\t<div class=\"elementor-widget-container\">\n\t\t\t\t\t\t\t<div class=\"elementor-spacer\">\n\t\t\t<div class=\"elementor-spacer-inner\"><\/div>\n\t\t<\/div>\n\t\t\t\t\t\t<\/div>\n\t\t\t\t<\/div>\n\t\t\t\t\t<\/div>\n\t\t<\/div>\n\t\t\t\t\t<\/div>\n\t\t<\/section>\n\t\t\t\t<section class=\"elementor-section elementor-top-section elementor-element elementor-element-846435a elementor-section-boxed elementor-section-height-default elementor-section-height-default\" data-id=\"846435a\" data-element_type=\"section\" data-e-type=\"section\">\n\t\t\t\t\t\t<div class=\"elementor-container elementor-column-gap-default\">\n\t\t\t\t\t<div class=\"elementor-column elementor-col-100 elementor-top-column elementor-element elementor-element-47b77e2\" data-id=\"47b77e2\" data-element_type=\"column\" data-e-type=\"column\">\n\t\t\t<div class=\"elementor-widget-wrap elementor-element-populated\">\n\t\t\t\t\t\t<div class=\"elementor-element elementor-element-e0d0c59 elementor-widget elementor-widget-heading\" data-id=\"e0d0c59\" data-element_type=\"widget\" data-e-type=\"widget\" data-widget_type=\"heading.default\">\n\t\t\t\t<div class=\"elementor-widget-container\">\n\t\t\t\t\t<h1 class=\"elementor-heading-title elementor-size-default\">Informations<\/h1>\t\t\t\t<\/div>\n\t\t\t\t<\/div>\n\t\t\t\t\t<\/div>\n\t\t<\/div>\n\t\t\t\t\t<\/div>\n\t\t<\/section>\n\t\t\t\t<section class=\"elementor-section elementor-top-section elementor-element elementor-element-c58702d elementor-section-boxed elementor-section-height-default elementor-section-height-default\" data-id=\"c58702d\" data-element_type=\"section\" data-e-type=\"section\">\n\t\t\t\t\t\t<div class=\"elementor-container elementor-column-gap-default\">\n\t\t\t\t\t<div class=\"elementor-column elementor-col-100 elementor-top-column elementor-element elementor-element-93b7768\" data-id=\"93b7768\" data-element_type=\"column\" data-e-type=\"column\">\n\t\t\t<div class=\"elementor-widget-wrap elementor-element-populated\">\n\t\t\t\t\t\t<div class=\"elementor-element elementor-element-26dd185 elementor-widget elementor-widget-text-editor\" data-id=\"26dd185\" data-element_type=\"widget\" data-e-type=\"widget\" data-widget_type=\"text-editor.default\">\n\t\t\t\t<div class=\"elementor-widget-container\">\n\t\t\t\t\t\t\t\t\t<p>En tant qu&#8217;Association de cadres, nous utilisons diff\u00e9rents canaux pour informer nos membres et le public. Nous montrons ce qui est d&#8217;actualit\u00e9 au niveau de l&#8217;association, dans le domaine du partenariat social et, de mani\u00e8re g\u00e9n\u00e9rale, sur les th\u00e8mes des transports \/ de la politique des transports ainsi que de la conduite, de la profession, de la technique et de la recherche.<\/p><p>Nos canaux de m\u00e9dias sont<\/p>\t\t\t\t\t\t\t\t<\/div>\n\t\t\t\t<\/div>\n\t\t\t\t\t<\/div>\n\t\t<\/div>\n\t\t\t\t\t<\/div>\n\t\t<\/section>\n\t\t\t\t<section class=\"elementor-section elementor-top-section elementor-element elementor-element-a5ea82f elementor-section-boxed elementor-section-height-default elementor-section-height-default\" data-id=\"a5ea82f\" data-element_type=\"section\" data-e-type=\"section\">\n\t\t\t\t\t\t<div class=\"elementor-container elementor-column-gap-default\">\n\t\t\t\t\t<div class=\"elementor-column elementor-col-33 elementor-top-column elementor-element elementor-element-4016adb\" data-id=\"4016adb\" data-element_type=\"column\" data-e-type=\"column\">\n\t\t\t<div class=\"elementor-widget-wrap elementor-element-populated\">\n\t\t\t\t\t\t<div class=\"elementor-element elementor-element-80921a6 elementor-widget elementor-widget-image\" data-id=\"80921a6\" data-element_type=\"widget\" data-e-type=\"widget\" data-widget_type=\"image.default\">\n\t\t\t\t<div class=\"elementor-widget-container\">\n\t\t\t\t\t\t\t\t\t\t\t\t\t\t\t<img fetchpriority=\"high\" decoding=\"async\" width=\"400\" height=\"300\" src=\"https:\/\/www.kvoev-actp.ch\/wp-content\/uploads\/2024\/01\/actp-bulletin-400.png\" class=\"attachment-large size-large wp-image-13680\" alt=\"\" srcset=\"https:\/\/www.kvoev-actp.ch\/wp-content\/uploads\/2024\/01\/actp-bulletin-400.png 400w, https:\/\/www.kvoev-actp.ch\/wp-content\/uploads\/2024\/01\/actp-bulletin-400-300x225.png 300w, https:\/\/www.kvoev-actp.ch\/wp-content\/uploads\/2024\/01\/actp-bulletin-400-380x285.png 380w, https:\/\/www.kvoev-actp.ch\/wp-content\/uploads\/2024\/01\/actp-bulletin-400-285x214.png 285w\" sizes=\"(max-width: 400px) 100vw, 400px\" \/>\t\t\t\t\t\t\t\t\t\t\t\t\t\t\t<\/div>\n\t\t\t\t<\/div>\n\t\t\t\t<div class=\"elementor-element elementor-element-f079546 elementor-widget elementor-widget-heading\" data-id=\"f079546\" data-element_type=\"widget\" data-e-type=\"widget\" data-widget_type=\"heading.default\">\n\t\t\t\t<div class=\"elementor-widget-container\">\n\t\t\t\t\t<h2 class=\"elementor-heading-title elementor-size-default\">LE BULLETIN DE L'ACTP<\/h2>\t\t\t\t<\/div>\n\t\t\t\t<\/div>\n\t\t\t\t<div class=\"elementor-element elementor-element-765c4c0 elementor-widget elementor-widget-text-editor\" data-id=\"765c4c0\" data-element_type=\"widget\" data-e-type=\"widget\" data-widget_type=\"text-editor.default\">\n\t\t\t\t<div class=\"elementor-widget-container\">\n\t\t\t\t\t\t\t\t\t<p>Notre bulletin para\u00eet quatre fois par an et est envoy\u00e9 par courriel \u00e0 nos membres. <br \/>Il est \u00e9galement toujours mis en ligne sur notre site Internet et peut \u00eatre consult\u00e9 en format PDF.<\/p><p><span style=\"color: #993300;\"><strong><a style=\"color: #993300;\" href=\"https:\/\/www.kvoev-actp.ch\/fr\/information\/bulletin\/\"><span style=\"color: #800000;\">Notre bulletin actuel<\/span><\/a><\/strong><\/span><\/p>\t\t\t\t\t\t\t\t<\/div>\n\t\t\t\t<\/div>\n\t\t\t\t\t<\/div>\n\t\t<\/div>\n\t\t\t\t<div class=\"elementor-column elementor-col-33 elementor-top-column elementor-element elementor-element-bc6cd41\" data-id=\"bc6cd41\" data-element_type=\"column\" data-e-type=\"column\">\n\t\t\t<div class=\"elementor-widget-wrap elementor-element-populated\">\n\t\t\t\t\t\t<div class=\"elementor-element elementor-element-3f21f53 elementor-widget elementor-widget-image\" data-id=\"3f21f53\" data-element_type=\"widget\" data-e-type=\"widget\" data-widget_type=\"image.default\">\n\t\t\t\t<div class=\"elementor-widget-container\">\n\t\t\t\t\t\t\t\t\t\t\t\t\t\t\t<img decoding=\"async\" width=\"400\" height=\"300\" src=\"https:\/\/www.kvoev-actp.ch\/wp-content\/uploads\/2023\/12\/info-newsletter.jpg\" class=\"attachment-large size-large wp-image-13606\" alt=\"\" srcset=\"https:\/\/www.kvoev-actp.ch\/wp-content\/uploads\/2023\/12\/info-newsletter.jpg 400w, https:\/\/www.kvoev-actp.ch\/wp-content\/uploads\/2023\/12\/info-newsletter-300x225.jpg 300w, https:\/\/www.kvoev-actp.ch\/wp-content\/uploads\/2023\/12\/info-newsletter-380x285.jpg 380w, https:\/\/www.kvoev-actp.ch\/wp-content\/uploads\/2023\/12\/info-newsletter-285x214.jpg 285w\" sizes=\"(max-width: 400px) 100vw, 400px\" \/>\t\t\t\t\t\t\t\t\t\t\t\t\t\t\t<\/div>\n\t\t\t\t<\/div>\n\t\t\t\t<div class=\"elementor-element elementor-element-c969b80 elementor-widget elementor-widget-heading\" data-id=\"c969b80\" data-element_type=\"widget\" data-e-type=\"widget\" data-widget_type=\"heading.default\">\n\t\t\t\t<div class=\"elementor-widget-container\">\n\t\t\t\t\t<h2 class=\"elementor-heading-title elementor-size-default\">NEWSLETTERS DE L'ACTP<\/h2>\t\t\t\t<\/div>\n\t\t\t\t<\/div>\n\t\t\t\t<div class=\"elementor-element elementor-element-fc08876 elementor-widget elementor-widget-text-editor\" data-id=\"fc08876\" data-element_type=\"widget\" data-e-type=\"widget\" data-widget_type=\"text-editor.default\">\n\t\t\t\t<div class=\"elementor-widget-container\">\n\t\t\t\t\t\t\t\t\t<p>Nous communiquons les \u00e9v\u00e9nements importants dans une newsletter. Elle ne contient pas seulement les faits, mais aussi la position de l&#8217;Association des cadres.<\/p><p>La newsletter est envoy\u00e9e automatiquement par courriel \u00e0 nos membres et mise en ligne sur notre site Internet. Vous pouvez \u00e9galement vous abonner \u00e0 la newsletter en tant que non-membre.<\/p><p><span style=\"color: #993300;\"><strong><a style=\"color: #993300;\" href=\"https:\/\/www.kvoev-actp.ch\/fr\/information\/sabonner-a-nos-bulletins\/\"><span style=\"color: #800000;\">Nos newsletters S&#8217;abonner \u00e0 la newsletter en tant que non-membre<\/span><\/a><\/strong><\/span><\/p>\t\t\t\t\t\t\t\t<\/div>\n\t\t\t\t<\/div>\n\t\t\t\t\t<\/div>\n\t\t<\/div>\n\t\t\t\t<div class=\"elementor-column elementor-col-33 elementor-top-column elementor-element elementor-element-5d5b842\" data-id=\"5d5b842\" data-element_type=\"column\" data-e-type=\"column\">\n\t\t\t<div class=\"elementor-widget-wrap elementor-element-populated\">\n\t\t\t\t\t\t<div class=\"elementor-element elementor-element-b3257cf elementor-widget elementor-widget-image\" data-id=\"b3257cf\" data-element_type=\"widget\" data-e-type=\"widget\" data-widget_type=\"image.default\">\n\t\t\t\t<div class=\"elementor-widget-container\">\n\t\t\t\t\t\t\t\t\t\t\t\t\t\t\t<img decoding=\"async\" width=\"400\" height=\"300\" src=\"https:\/\/www.kvoev-actp.ch\/wp-content\/uploads\/2024\/01\/kvoev-news-fr-400.png\" class=\"attachment-large size-large wp-image-13682\" alt=\"\" srcset=\"https:\/\/www.kvoev-actp.ch\/wp-content\/uploads\/2024\/01\/kvoev-news-fr-400.png 400w, https:\/\/www.kvoev-actp.ch\/wp-content\/uploads\/2024\/01\/kvoev-news-fr-400-300x225.png 300w, https:\/\/www.kvoev-actp.ch\/wp-content\/uploads\/2024\/01\/kvoev-news-fr-400-380x285.png 380w, https:\/\/www.kvoev-actp.ch\/wp-content\/uploads\/2024\/01\/kvoev-news-fr-400-285x214.png 285w\" sizes=\"(max-width: 400px) 100vw, 400px\" \/>\t\t\t\t\t\t\t\t\t\t\t\t\t\t\t<\/div>\n\t\t\t\t<\/div>\n\t\t\t\t<div class=\"elementor-element elementor-element-0da6561 elementor-widget elementor-widget-heading\" data-id=\"0da6561\" data-element_type=\"widget\" data-e-type=\"widget\" data-widget_type=\"heading.default\">\n\t\t\t\t<div class=\"elementor-widget-container\">\n\t\t\t\t\t<h2 class=\"elementor-heading-title elementor-size-default\">UPDATE NEWS DE L'ACTP<\/h2>\t\t\t\t<\/div>\n\t\t\t\t<\/div>\n\t\t\t\t<div class=\"elementor-element elementor-element-83683e5 elementor-widget elementor-widget-text-editor\" data-id=\"83683e5\" data-element_type=\"widget\" data-e-type=\"widget\" data-widget_type=\"text-editor.default\">\n\t\t\t\t<div class=\"elementor-widget-container\">\n\t\t\t\t\t\t\t\t\t<p>Nous publions des informations int\u00e9ressantes pour nos membres sous la forme d&#8217;une mise \u00e0 jour sur notre site web, souvent en m\u00eame temps que l&#8217;envoi de notre newsletter.<\/p><p><span style=\"color: #993300;\"><strong><a style=\"color: #993300;\" href=\"https:\/\/www.kvoev-actp.ch\/fr\/information\/actuel\/\"><span style=\"color: #800000;\">Visitez nos informations actuelles<\/span><\/a><\/strong><\/span><\/p>\t\t\t\t\t\t\t\t<\/div>\n\t\t\t\t<\/div>\n\t\t\t\t\t<\/div>\n\t\t<\/div>\n\t\t\t\t\t<\/div>\n\t\t<\/section>\n\t\t\t\t<section class=\"elementor-section elementor-top-section elementor-element elementor-element-ab653e6 elementor-section-boxed elementor-section-height-default elementor-section-height-default\" data-id=\"ab653e6\" data-element_type=\"section\" data-e-type=\"section\">\n\t\t\t\t\t\t<div class=\"elementor-container elementor-column-gap-default\">\n\t\t\t\t\t<div class=\"elementor-column elementor-col-33 elementor-top-column elementor-element elementor-element-2220a32\" data-id=\"2220a32\" data-element_type=\"column\" data-e-type=\"column\">\n\t\t\t<div class=\"elementor-widget-wrap elementor-element-populated\">\n\t\t\t\t\t\t<div class=\"elementor-element elementor-element-3f7ecd9 elementor-widget elementor-widget-image\" data-id=\"3f7ecd9\" data-element_type=\"widget\" data-e-type=\"widget\" data-widget_type=\"image.default\">\n\t\t\t\t<div class=\"elementor-widget-container\">\n\t\t\t\t\t\t\t\t\t\t\t\t\t\t\t<img loading=\"lazy\" decoding=\"async\" width=\"400\" height=\"300\" src=\"https:\/\/www.kvoev-actp.ch\/wp-content\/uploads\/2023\/12\/info-dossier.jpg\" class=\"attachment-large size-large wp-image-13600\" alt=\"\" srcset=\"https:\/\/www.kvoev-actp.ch\/wp-content\/uploads\/2023\/12\/info-dossier.jpg 400w, https:\/\/www.kvoev-actp.ch\/wp-content\/uploads\/2023\/12\/info-dossier-300x225.jpg 300w, https:\/\/www.kvoev-actp.ch\/wp-content\/uploads\/2023\/12\/info-dossier-380x285.jpg 380w, https:\/\/www.kvoev-actp.ch\/wp-content\/uploads\/2023\/12\/info-dossier-285x214.jpg 285w\" sizes=\"(max-width: 400px) 100vw, 400px\" \/>\t\t\t\t\t\t\t\t\t\t\t\t\t\t\t<\/div>\n\t\t\t\t<\/div>\n\t\t\t\t<div class=\"elementor-element elementor-element-e3429e9 elementor-widget elementor-widget-heading\" data-id=\"e3429e9\" data-element_type=\"widget\" data-e-type=\"widget\" data-widget_type=\"heading.default\">\n\t\t\t\t<div class=\"elementor-widget-container\">\n\t\t\t\t\t<h2 class=\"elementor-heading-title elementor-size-default\">DOSSIERS DE L'ACTP<\/h2>\t\t\t\t<\/div>\n\t\t\t\t<\/div>\n\t\t\t\t<div class=\"elementor-element elementor-element-0e51ec8 elementor-widget elementor-widget-text-editor\" data-id=\"0e51ec8\" data-element_type=\"widget\" data-e-type=\"widget\" data-widget_type=\"text-editor.default\">\n\t\t\t\t<div class=\"elementor-widget-container\">\n\t\t\t\t\t\t\t\t\t<p>\u00a0Vous trouverez \u00e9galement des sujets importants avec plusieurs articles en continu dans nos dossiers<\/p><p><span style=\"color: #993300;\"><strong><a style=\"color: #993300;\" href=\"https:\/\/www.kvoev-actp.ch\/fr\/information\/dossiers\/\"><span style=\"color: #800000;\">Vers nos dossiers<\/span><\/a><\/strong><\/span><\/p>\t\t\t\t\t\t\t\t<\/div>\n\t\t\t\t<\/div>\n\t\t\t\t\t<\/div>\n\t\t<\/div>\n\t\t\t\t<div class=\"elementor-column elementor-col-33 elementor-top-column elementor-element elementor-element-db46fa7\" data-id=\"db46fa7\" data-element_type=\"column\" data-e-type=\"column\">\n\t\t\t<div class=\"elementor-widget-wrap elementor-element-populated\">\n\t\t\t\t\t\t<div class=\"elementor-element elementor-element-00eaa61 elementor-widget elementor-widget-image\" data-id=\"00eaa61\" data-element_type=\"widget\" data-e-type=\"widget\" data-widget_type=\"image.default\">\n\t\t\t\t<div class=\"elementor-widget-container\">\n\t\t\t\t\t\t\t\t\t\t\t\t\t\t\t<img loading=\"lazy\" decoding=\"async\" width=\"400\" height=\"300\" src=\"https:\/\/www.kvoev-actp.ch\/wp-content\/uploads\/2023\/12\/info-reglemente.jpg\" class=\"attachment-large size-large wp-image-13608\" alt=\"\" srcset=\"https:\/\/www.kvoev-actp.ch\/wp-content\/uploads\/2023\/12\/info-reglemente.jpg 400w, https:\/\/www.kvoev-actp.ch\/wp-content\/uploads\/2023\/12\/info-reglemente-300x225.jpg 300w, https:\/\/www.kvoev-actp.ch\/wp-content\/uploads\/2023\/12\/info-reglemente-380x285.jpg 380w, https:\/\/www.kvoev-actp.ch\/wp-content\/uploads\/2023\/12\/info-reglemente-285x214.jpg 285w\" sizes=\"(max-width: 400px) 100vw, 400px\" \/>\t\t\t\t\t\t\t\t\t\t\t\t\t\t\t<\/div>\n\t\t\t\t<\/div>\n\t\t\t\t<div class=\"elementor-element elementor-element-bf05b20 elementor-widget elementor-widget-heading\" data-id=\"bf05b20\" data-element_type=\"widget\" data-e-type=\"widget\" data-widget_type=\"heading.default\">\n\t\t\t\t<div class=\"elementor-widget-container\">\n\t\t\t\t\t<h2 class=\"elementor-heading-title elementor-size-default\">R\u00c8GLEMENTS<\/h2>\t\t\t\t<\/div>\n\t\t\t\t<\/div>\n\t\t\t\t<div class=\"elementor-element elementor-element-5e14cc5 elementor-widget elementor-widget-text-editor\" data-id=\"5e14cc5\" data-element_type=\"widget\" data-e-type=\"widget\" data-widget_type=\"text-editor.default\">\n\t\t\t\t<div class=\"elementor-widget-container\">\n\t\t\t\t\t\t\t\t\t<p>Nous mettons ici \u00e0 votre disposition des syst\u00e8mes de r\u00e9glementations actuelles, des r\u00e8glements et des contrats de travail \u00e0 consulter.<\/p><p><span style=\"color: #993300;\"><strong><a style=\"color: #993300;\" href=\"https:\/\/www.kvoev-actp.ch\/fr\/information\/reglements\/\"><span style=\"color: #800000;\">Voir les r\u00e8glements<\/span><\/a><\/strong><\/span><\/p>\t\t\t\t\t\t\t\t<\/div>\n\t\t\t\t<\/div>\n\t\t\t\t\t<\/div>\n\t\t<\/div>\n\t\t\t\t<div class=\"elementor-column elementor-col-33 elementor-top-column elementor-element elementor-element-524cfab\" data-id=\"524cfab\" data-element_type=\"column\" data-e-type=\"column\">\n\t\t\t<div class=\"elementor-widget-wrap elementor-element-populated\">\n\t\t\t\t\t\t<div class=\"elementor-element elementor-element-200ad6d elementor-widget elementor-widget-image\" data-id=\"200ad6d\" data-element_type=\"widget\" data-e-type=\"widget\" data-widget_type=\"image.default\">\n\t\t\t\t<div class=\"elementor-widget-container\">\n\t\t\t\t\t\t\t\t\t\t\t\t\t\t\t<img loading=\"lazy\" decoding=\"async\" width=\"400\" height=\"300\" src=\"https:\/\/www.kvoev-actp.ch\/wp-content\/uploads\/2023\/12\/info-linkedin.jpg\" class=\"attachment-large size-large wp-image-13602\" alt=\"\" srcset=\"https:\/\/www.kvoev-actp.ch\/wp-content\/uploads\/2023\/12\/info-linkedin.jpg 400w, https:\/\/www.kvoev-actp.ch\/wp-content\/uploads\/2023\/12\/info-linkedin-300x225.jpg 300w, https:\/\/www.kvoev-actp.ch\/wp-content\/uploads\/2023\/12\/info-linkedin-380x285.jpg 380w, https:\/\/www.kvoev-actp.ch\/wp-content\/uploads\/2023\/12\/info-linkedin-285x214.jpg 285w\" sizes=\"(max-width: 400px) 100vw, 400px\" \/>\t\t\t\t\t\t\t\t\t\t\t\t\t\t\t<\/div>\n\t\t\t\t<\/div>\n\t\t\t\t<div class=\"elementor-element elementor-element-cab7305 elementor-widget elementor-widget-heading\" data-id=\"cab7305\" data-element_type=\"widget\" data-e-type=\"widget\" data-widget_type=\"heading.default\">\n\t\t\t\t<div class=\"elementor-widget-container\">\n\t\t\t\t\t<h2 class=\"elementor-heading-title elementor-size-default\">L'ACTP SUR LES M\u00c9DIAS SOCIAUX - LINKEDIN<\/h2>\t\t\t\t<\/div>\n\t\t\t\t<\/div>\n\t\t\t\t<div class=\"elementor-element elementor-element-2fad0ae elementor-widget elementor-widget-text-editor\" data-id=\"2fad0ae\" data-element_type=\"widget\" data-e-type=\"widget\" data-widget_type=\"text-editor.default\">\n\t\t\t\t<div class=\"elementor-widget-container\">\n\t\t\t\t\t\t\t\t\t<p>L&#8217;ACTP est \u00e9galement active sur Linkedin.<br \/>Nos membres peuvent y donner leur avis, partager l&#8217;information et la diffuser.<\/p><p><span style=\"color: #993300;\"><strong><a style=\"color: #993300;\" href=\"https:\/\/www.linkedin.com\/company\/kvoev\/posts\/?feedView=all&amp;viewAsMember=true\" target=\"_blank\" rel=\"noopener\"><span style=\"color: #800000;\">Acc\u00e9der au r\u00e9seau Linkedin de l\u2019#ACTP<\/span><\/a><\/strong><\/span><\/p>\t\t\t\t\t\t\t\t<\/div>\n\t\t\t\t<\/div>\n\t\t\t\t\t<\/div>\n\t\t<\/div>\n\t\t\t\t\t<\/div>\n\t\t<\/section>\n\t\t\t\t<section class=\"elementor-section elementor-top-section elementor-element elementor-element-8d8d727 elementor-section-boxed elementor-section-height-default elementor-section-height-default\" data-id=\"8d8d727\" data-element_type=\"section\" data-e-type=\"section\">\n\t\t\t\t\t\t<div class=\"elementor-container elementor-column-gap-default\">\n\t\t\t\t\t<div class=\"elementor-column elementor-col-100 elementor-top-column elementor-element elementor-element-2d2a5c3\" data-id=\"2d2a5c3\" data-element_type=\"column\" data-e-type=\"column\">\n\t\t\t<div class=\"elementor-widget-wrap elementor-element-populated\">\n\t\t\t\t\t\t<div class=\"elementor-element elementor-element-4aa065c elementor-widget elementor-widget-spacer\" data-id=\"4aa065c\" data-element_type=\"widget\" data-e-type=\"widget\" data-widget_type=\"spacer.default\">\n\t\t\t\t<div class=\"elementor-widget-container\">\n\t\t\t\t\t\t\t<div class=\"elementor-spacer\">\n\t\t\t<div class=\"elementor-spacer-inner\"><\/div>\n\t\t<\/div>\n\t\t\t\t\t\t<\/div>\n\t\t\t\t<\/div>\n\t\t\t\t\t<\/div>\n\t\t<\/div>\n\t\t\t\t\t<\/div>\n\t\t<\/section>\n\t\t\t\t<\/div>\n\t\t","protected":false},"excerpt":{"rendered":"<p>Informations En tant qu&#8217;Association de cadres, nous utilisons diff\u00e9rents canaux pour informer nos membres et le public. Nous montrons ce qui est d&#8217;actualit\u00e9 au niveau de l&#8217;association, dans le domaine du partenariat social et, de mani\u00e8re g\u00e9n\u00e9rale, sur les th\u00e8mes des transports \/ de la politique des transports ainsi que de la conduite, de la [&hellip;]<\/p>\n","protected":false},"author":1,"featured_media":0,"parent":0,"menu_order":0,"comment_status":"closed","ping_status":"closed","template":"","meta":{"footnotes":""},"categories":[],"tags":[],"class_list":["post-1492","page","type-page","status-publish","hentry"],"_links":{"self":[{"href":"https:\/\/www.kvoev-actp.ch\/fr\/wp-json\/wp\/v2\/pages\/1492","targetHints":{"allow":["GET"]}}],"collection":[{"href":"https:\/\/www.kvoev-actp.ch\/fr\/wp-json\/wp\/v2\/pages"}],"about":[{"href":"https:\/\/www.kvoev-actp.ch\/fr\/wp-json\/wp\/v2\/types\/page"}],"author":[{"embeddable":true,"href":"https:\/\/www.kvoev-actp.ch\/fr\/wp-json\/wp\/v2\/users\/1"}],"replies":[{"embeddable":true,"href":"https:\/\/www.kvoev-actp.ch\/fr\/wp-json\/wp\/v2\/comments?post=1492"}],"version-history":[{"count":5,"href":"https:\/\/www.kvoev-actp.ch\/fr\/wp-json\/wp\/v2\/pages\/1492\/revisions"}],"predecessor-version":[{"id":14389,"href":"https:\/\/www.kvoev-actp.ch\/fr\/wp-json\/wp\/v2\/pages\/1492\/revisions\/14389"}],"wp:attachment":[{"href":"https:\/\/www.kvoev-actp.ch\/fr\/wp-json\/wp\/v2\/media?parent=1492"}],"wp:term":[{"taxonomy":"category","embeddable":true,"href":"https:\/\/www.kvoev-actp.ch\/fr\/wp-json\/wp\/v2\/categories?post=1492"},{"taxonomy":"post_tag","embeddable":true,"href":"https:\/\/www.kvoev-actp.ch\/fr\/wp-json\/wp\/v2\/tags?post=1492"}],"curies":[{"name":"wp","href":"https:\/\/api.w.org\/{rel}","templated":true}]}}