{"id":16402,"date":"2024-07-30T08:53:42","date_gmt":"2024-07-30T06:53:42","guid":{"rendered":"https:\/\/kvoev-actp.ch\/?page_id=16402"},"modified":"2024-08-16T06:56:38","modified_gmt":"2024-08-16T04:56:38","slug":"visite-du-chantier-du-tramway-lausannois-a-renens","status":"publish","type":"page","link":"https:\/\/www.kvoev-actp.ch\/fr\/manifestations\/visite-du-chantier-du-tramway-lausannois-a-renens\/","title":{"rendered":"Visite du chantier du tramway lausannois \u00e0 Renens"},"content":{"rendered":"\t\t<div data-elementor-type=\"wp-page\" data-elementor-id=\"16402\" class=\"elementor elementor-16402\" data-elementor-post-type=\"page\">\n\t\t\t\t\t\t<section class=\"elementor-section elementor-top-section elementor-element elementor-element-692a7aa elementor-section-boxed elementor-section-height-default elementor-section-height-default\" data-id=\"692a7aa\" data-element_type=\"section\" data-e-type=\"section\">\n\t\t\t\t\t\t<div class=\"elementor-container elementor-column-gap-default\">\n\t\t\t\t\t<div class=\"elementor-column elementor-col-100 elementor-top-column elementor-element elementor-element-4ce95e6\" data-id=\"4ce95e6\" data-element_type=\"column\" data-e-type=\"column\">\n\t\t\t<div class=\"elementor-widget-wrap elementor-element-populated\">\n\t\t\t\t\t\t<div class=\"elementor-element elementor-element-4c85422 elementor-widget elementor-widget-spacer\" data-id=\"4c85422\" data-element_type=\"widget\" data-e-type=\"widget\" data-widget_type=\"spacer.default\">\n\t\t\t\t<div class=\"elementor-widget-container\">\n\t\t\t\t\t\t\t<div class=\"elementor-spacer\">\n\t\t\t<div class=\"elementor-spacer-inner\"><\/div>\n\t\t<\/div>\n\t\t\t\t\t\t<\/div>\n\t\t\t\t<\/div>\n\t\t\t\t\t<\/div>\n\t\t<\/div>\n\t\t\t\t\t<\/div>\n\t\t<\/section>\n\t\t\t\t<section class=\"elementor-section elementor-top-section elementor-element elementor-element-cad4272 elementor-section-boxed elementor-section-height-default elementor-section-height-default\" data-id=\"cad4272\" data-element_type=\"section\" data-e-type=\"section\">\n\t\t\t\t\t\t<div class=\"elementor-container elementor-column-gap-default\">\n\t\t\t\t\t<div class=\"elementor-column elementor-col-100 elementor-top-column elementor-element elementor-element-4f12459\" data-id=\"4f12459\" data-element_type=\"column\" data-e-type=\"column\">\n\t\t\t<div class=\"elementor-widget-wrap elementor-element-populated\">\n\t\t\t\t\t\t<div class=\"elementor-element elementor-element-ee5a179 elementor-widget elementor-widget-heading\" data-id=\"ee5a179\" data-element_type=\"widget\" data-e-type=\"widget\" data-widget_type=\"heading.default\">\n\t\t\t\t<div class=\"elementor-widget-container\">\n\t\t\t\t\t<h1 class=\"elementor-heading-title elementor-size-default\">Visite du chantier du tramway lausannois \u00e0 Renens<\/h1>\t\t\t\t<\/div>\n\t\t\t\t<\/div>\n\t\t\t\t\t<\/div>\n\t\t<\/div>\n\t\t\t\t\t<\/div>\n\t\t<\/section>\n\t\t\t\t<section class=\"elementor-section elementor-top-section elementor-element elementor-element-0d41248 elementor-section-boxed elementor-section-height-default elementor-section-height-default\" data-id=\"0d41248\" data-element_type=\"section\" data-e-type=\"section\">\n\t\t\t\t\t\t<div class=\"elementor-container elementor-column-gap-default\">\n\t\t\t\t\t<div class=\"elementor-column elementor-col-50 elementor-top-column elementor-element elementor-element-2ab329a\" data-id=\"2ab329a\" data-element_type=\"column\" data-e-type=\"column\">\n\t\t\t<div class=\"elementor-widget-wrap elementor-element-populated\">\n\t\t\t\t\t\t<div class=\"elementor-element elementor-element-3dca761 elementor-widget elementor-widget-image\" data-id=\"3dca761\" data-element_type=\"widget\" data-e-type=\"widget\" data-widget_type=\"image.default\">\n\t\t\t\t<div class=\"elementor-widget-container\">\n\t\t\t\t\t\t\t\t\t\t\t\t\t\t\t<img fetchpriority=\"high\" decoding=\"async\" width=\"550\" height=\"360\" src=\"https:\/\/www.kvoev-actp.ch\/wp-content\/uploads\/2024\/07\/tramway-lausanne.jpg\" class=\"attachment-full size-full wp-image-16404\" alt=\"\" srcset=\"https:\/\/www.kvoev-actp.ch\/wp-content\/uploads\/2024\/07\/tramway-lausanne.jpg 550w, https:\/\/www.kvoev-actp.ch\/wp-content\/uploads\/2024\/07\/tramway-lausanne-300x196.jpg 300w\" sizes=\"(max-width: 550px) 100vw, 550px\" \/>\t\t\t\t\t\t\t\t\t\t\t\t\t\t\t<\/div>\n\t\t\t\t<\/div>\n\t\t\t\t<div class=\"elementor-element elementor-element-6c30366 elementor-widget elementor-widget-text-editor\" data-id=\"6c30366\" data-element_type=\"widget\" data-e-type=\"widget\" data-widget_type=\"text-editor.default\">\n\t\t\t\t<div class=\"elementor-widget-container\">\n\t\t\t\t\t\t\t\t\t<p><strong><span style=\"color: #993300;\"><a style=\"color: #993300;\" href=\"https:\/\/tramway-lausannois.ch\/le-chantier-de-lausanne-a-renens\/\" target=\"_blank\" rel=\"noopener\">Le chantier du Tramway lausannois de Lausanne \u00e0 Renens<\/a><\/span><\/strong><\/p>\t\t\t\t\t\t\t\t<\/div>\n\t\t\t\t<\/div>\n\t\t\t\t\t<\/div>\n\t\t<\/div>\n\t\t\t\t<div class=\"elementor-column elementor-col-50 elementor-top-column elementor-element elementor-element-bfcbee2\" data-id=\"bfcbee2\" data-element_type=\"column\" data-e-type=\"column\">\n\t\t\t<div class=\"elementor-widget-wrap elementor-element-populated\">\n\t\t\t\t\t\t<div class=\"elementor-element elementor-element-f9d4063 elementor-widget elementor-widget-text-editor\" data-id=\"f9d4063\" data-element_type=\"widget\" data-e-type=\"widget\" data-widget_type=\"text-editor.default\">\n\t\t\t\t<div class=\"elementor-widget-container\">\n\t\t\t\t\t\t\t\t\t<p>\u00c0 l\u2019horizon 2026, la mobilit\u00e9 urbaine dans l\u2019Ouest lausannois va conna\u00eetre une r\u00e9volution. C\u2019est dans le cadre du Projet d\u2019Agglom\u00e9ration Lausanne \u2013 Morges que s\u2019inscrit le tramway lausannois dont le chantier avance \u00e0 grands pas. <br \/><br \/>Afin de vous permettre un coup d\u2019\u0153il sur site de l\u2019avancement des travaux, les groupes r\u00e9gionaux Suisse romande \/ Valais de l\u2018AdI-SOV et de l\u2019ACTP vous convient \u00e0 la visite de ce grand chantier dans la zone de Prilly-Malley.<\/p>\t\t\t\t\t\t\t\t<\/div>\n\t\t\t\t<\/div>\n\t\t\t\t\t<\/div>\n\t\t<\/div>\n\t\t\t\t\t<\/div>\n\t\t<\/section>\n\t\t\t\t<section class=\"elementor-section elementor-top-section elementor-element elementor-element-85999e6 elementor-section-boxed elementor-section-height-default elementor-section-height-default\" data-id=\"85999e6\" data-element_type=\"section\" data-e-type=\"section\">\n\t\t\t\t\t\t<div class=\"elementor-container elementor-column-gap-default\">\n\t\t\t\t\t<div class=\"elementor-column elementor-col-100 elementor-top-column elementor-element elementor-element-8758e64\" data-id=\"8758e64\" data-element_type=\"column\" data-e-type=\"column\">\n\t\t\t<div class=\"elementor-widget-wrap elementor-element-populated\">\n\t\t\t\t\t\t<div class=\"elementor-element elementor-element-e286c3f elementor-widget elementor-widget-text-editor\" data-id=\"e286c3f\" data-element_type=\"widget\" data-e-type=\"widget\" data-widget_type=\"text-editor.default\">\n\t\t\t\t<div class=\"elementor-widget-container\">\n\t\t\t\t\t\t\t\t\t<p><span style=\"color: #993300;\"><strong>Lieu<\/strong> <\/span><br \/><strong>Si\u00e8ge des TL, chemin du Closel 15 \u00e0 Renens (plan ci-apr\u00e8s)<\/strong><br \/><span style=\"color: #993300;\"><strong>Date<\/strong> <\/span><br \/><strong>Mercredi 4 septembre 2024<\/strong><br \/><span style=\"color: #993300;\"><strong>Programme<\/strong> <\/span><br \/>16h20 &#8211; <strong>Accueil au si\u00e8ge des Transports Lausannois, arr\u00eat t-l Perrelet des lignes 17, 18 &amp; 19<\/strong><br \/>16h30 &#8211; <strong>Pr\u00e9sentation du projet par l\u2019\u00e9quipe de projet, suivie d\u2019une visite de chantier<\/strong><br \/>D\u00e8s 18h30 &#8211; <strong>Agape offerte par l\u2019ACTP et l\u2019AdI<\/strong><br \/>20h00 &#8211; <strong>Fin de la manifestation<\/strong><\/p><p>Le nombre de place \u00e9tant limit\u00e9, nous vous saurions reconnaissants de nous aviser au plus vite <strong>en cas d\u2019emp\u00eachement<\/strong> de sorte d\u2019autres personnes puissent profiter de cette visite.<\/p>\t\t\t\t\t\t\t\t<\/div>\n\t\t\t\t<\/div>\n\t\t\t\t\t<\/div>\n\t\t<\/div>\n\t\t\t\t\t<\/div>\n\t\t<\/section>\n\t\t\t\t<section class=\"elementor-section elementor-top-section elementor-element elementor-element-0c4fa09 elementor-section-boxed elementor-section-height-default elementor-section-height-default\" data-id=\"0c4fa09\" data-element_type=\"section\" data-e-type=\"section\">\n\t\t\t\t\t\t<div class=\"elementor-container elementor-column-gap-default\">\n\t\t\t\t\t<div class=\"elementor-column elementor-col-33 elementor-top-column elementor-element elementor-element-7ae385f\" data-id=\"7ae385f\" data-element_type=\"column\" data-e-type=\"column\">\n\t\t\t<div class=\"elementor-widget-wrap elementor-element-populated\">\n\t\t\t\t\t\t<div class=\"elementor-element elementor-element-06ce115 elementor-widget elementor-widget-text-editor\" data-id=\"06ce115\" data-element_type=\"widget\" data-e-type=\"widget\" data-widget_type=\"text-editor.default\">\n\t\t\t\t<div class=\"elementor-widget-container\">\n\t\t\t\t\t\t\t\t\t<p><strong>Association des Cadres <\/strong><br \/><strong>des Transports Publics ACTP<br \/><\/strong> <br \/><strong>Nicolas Steinmann<\/strong><br \/>Pr\u00e9sident du groupe r\u00e9gional <br \/>Romandie \/ Valais<\/p>\t\t\t\t\t\t\t\t<\/div>\n\t\t\t\t<\/div>\n\t\t\t\t\t<\/div>\n\t\t<\/div>\n\t\t\t\t<div class=\"elementor-column elementor-col-33 elementor-top-column elementor-element elementor-element-9b7d00c\" data-id=\"9b7d00c\" data-element_type=\"column\" data-e-type=\"column\">\n\t\t\t<div class=\"elementor-widget-wrap elementor-element-populated\">\n\t\t\t\t\t\t<div class=\"elementor-element elementor-element-d2f41a8 elementor-widget elementor-widget-text-editor\" data-id=\"d2f41a8\" data-element_type=\"widget\" data-e-type=\"widget\" data-widget_type=\"text-editor.default\">\n\t\t\t\t<div class=\"elementor-widget-container\">\n\t\t\t\t\t\t\t\t\t<p><strong>\u00a0Association des Ing\u00e9nieurs <\/strong><br \/><strong>des transports publics AdI<\/strong><\/p><p><strong>S\u00f2nia Domingo Ramos<\/strong><br \/>Pr\u00e9sidente du groupe r\u00e9gional <br \/>Suisse romande \/ Valais\u2003<\/p>\t\t\t\t\t\t\t\t<\/div>\n\t\t\t\t<\/div>\n\t\t\t\t\t<\/div>\n\t\t<\/div>\n\t\t\t\t<div class=\"elementor-column elementor-col-33 elementor-top-column elementor-element elementor-element-3c552f5\" data-id=\"3c552f5\" data-element_type=\"column\" data-e-type=\"column\">\n\t\t\t<div class=\"elementor-widget-wrap\">\n\t\t\t\t\t\t\t<\/div>\n\t\t<\/div>\n\t\t\t\t\t<\/div>\n\t\t<\/section>\n\t\t\t\t<section class=\"elementor-section elementor-top-section elementor-element elementor-element-babb884 elementor-section-boxed elementor-section-height-default elementor-section-height-default\" data-id=\"babb884\" data-element_type=\"section\" data-e-type=\"section\">\n\t\t\t\t\t\t<div class=\"elementor-container elementor-column-gap-default\">\n\t\t\t\t\t<div class=\"elementor-column elementor-col-100 elementor-top-column elementor-element elementor-element-bdd680b\" data-id=\"bdd680b\" data-element_type=\"column\" data-e-type=\"column\">\n\t\t\t<div class=\"elementor-widget-wrap elementor-element-populated\">\n\t\t\t\t\t\t<div class=\"elementor-element elementor-element-fafca9e elementor-widget elementor-widget-button\" data-id=\"fafca9e\" data-element_type=\"widget\" data-e-type=\"widget\" data-widget_type=\"button.default\">\n\t\t\t\t<div class=\"elementor-widget-container\">\n\t\t\t\t\t\t\t\t\t<div class=\"elementor-button-wrapper\">\n\t\t\t\t\t<a class=\"elementor-button elementor-button-link elementor-size-sm\" href=\"https:\/\/www.kvoev-actp.ch\/wp-content\/uploads\/2024\/07\/240904-Invitation-Visite-tramway-lausannois-AdI-SOV_ACTP-04-sep-24.pdf\" target=\"_blank\">\n\t\t\t\t\t\t<span class=\"elementor-button-content-wrapper\">\n\t\t\t\t\t\t\t\t\t<span class=\"elementor-button-text\">Invitation (PDF)<\/span>\n\t\t\t\t\t<\/span>\n\t\t\t\t\t<\/a>\n\t\t\t\t<\/div>\n\t\t\t\t\t\t\t\t<\/div>\n\t\t\t\t<\/div>\n\t\t\t\t\t<\/div>\n\t\t<\/div>\n\t\t\t\t\t<\/div>\n\t\t<\/section>\n\t\t\t\t<section class=\"elementor-section elementor-top-section elementor-element elementor-element-6749ebe elementor-section-boxed elementor-section-height-default elementor-section-height-default\" data-id=\"6749ebe\" data-element_type=\"section\" data-e-type=\"section\">\n\t\t\t\t\t\t<div class=\"elementor-container elementor-column-gap-default\">\n\t\t\t\t\t<div class=\"elementor-column elementor-col-100 elementor-top-column elementor-element elementor-element-ff512b3\" data-id=\"ff512b3\" data-element_type=\"column\" data-e-type=\"column\">\n\t\t\t<div class=\"elementor-widget-wrap elementor-element-populated\">\n\t\t\t\t\t\t<div class=\"elementor-element elementor-element-d0c64f9 elementor-widget elementor-widget-spacer\" data-id=\"d0c64f9\" data-element_type=\"widget\" data-e-type=\"widget\" data-widget_type=\"spacer.default\">\n\t\t\t\t<div class=\"elementor-widget-container\">\n\t\t\t\t\t\t\t<div class=\"elementor-spacer\">\n\t\t\t<div class=\"elementor-spacer-inner\"><\/div>\n\t\t<\/div>\n\t\t\t\t\t\t<\/div>\n\t\t\t\t<\/div>\n\t\t\t\t\t<\/div>\n\t\t<\/div>\n\t\t\t\t\t<\/div>\n\t\t<\/section>\n\t\t\t\t<section class=\"elementor-section elementor-top-section elementor-element elementor-element-a3fd7b1 elementor-section-boxed elementor-section-height-default elementor-section-height-default\" data-id=\"a3fd7b1\" data-element_type=\"section\" data-e-type=\"section\">\n\t\t\t\t\t\t<div class=\"elementor-container elementor-column-gap-default\">\n\t\t\t\t\t<div class=\"elementor-column elementor-col-100 elementor-top-column elementor-element elementor-element-9597475\" data-id=\"9597475\" data-element_type=\"column\" data-e-type=\"column\">\n\t\t\t<div class=\"elementor-widget-wrap elementor-element-populated\">\n\t\t\t\t\t\t<div class=\"elementor-element elementor-element-1e1b737 elementor-widget elementor-widget-text-editor\" data-id=\"1e1b737\" data-element_type=\"widget\" data-e-type=\"widget\" data-widget_type=\"text-editor.default\">\n\t\t\t\t<div class=\"elementor-widget-container\">\n\t\t\t\t\t\t\t\t\t<h2><strong><span style=\"color: #993300;\">Informations importantes<\/span><\/strong><\/h2><p><span style=\"color: #993300;\"><strong>Cl\u00f4ture des inscriptions<\/strong><\/span><\/p><p>Mercredi 28 ao\u00fbt 2024<\/p><p><span style=\"color: #993300;\"><strong>Enregistrement vid\u00e9o, photos<\/strong> <\/span><\/p><p>Des photos et des vid\u00e9os peuvent \u00eatre prises pendant la manifestation. En vous inscrivant, vous donnez votre accord \u00e0 ce sujet.<\/p><p><span style=\"color: #993300;\"><strong>Agape<\/strong> <\/span><\/p><p>Si vous ne pouvez pas participer \u00e0 l\u2019agape qui suivra la visite, veuillez nous l\u2019indiquer explicitement lors de votre inscription.<\/p><p><span style=\"color: #993300;\"><strong>En cas d\u2019emp\u00eachement<\/strong><\/span><\/p><p>Si vous avez un emp\u00eachement de derni\u00e8re minute <strong>le jour de la manifestation<\/strong>, nous vous prions d&#8217;annuler votre participation \u00e0 temps par SMS au 079 743 47 16.<br \/>Pour vous d\u00e9sinscrire au pr\u00e9alable, pri\u00e8re d\u2019envoyer un courriel \u00e0 <span style=\"color: #993300;\"><strong><a style=\"color: #993300;\" href=\"mailto:info@kvoev-actp.ch\" target=\"_blank\" rel=\"noopener\">info@kvoev-actp.ch<\/a><\/strong><\/span>.<\/p><p><span style=\"color: #993300;\"><strong>Plan d\u2019acc\u00e8s<\/strong><\/span><\/p><p><img decoding=\"async\" class=\"alignnone wp-image-16408 size-full\" src=\"https:\/\/www.kvoev-actp.ch\/wp-content\/uploads\/2024\/07\/Renens-Lageplan.jpg\" alt=\"\" width=\"550\" height=\"360\" srcset=\"https:\/\/www.kvoev-actp.ch\/wp-content\/uploads\/2024\/07\/Renens-Lageplan.jpg 550w, https:\/\/www.kvoev-actp.ch\/wp-content\/uploads\/2024\/07\/Renens-Lageplan-300x196.jpg 300w\" sizes=\"(max-width: 550px) 100vw, 550px\" \/><\/p>\t\t\t\t\t\t\t\t<\/div>\n\t\t\t\t<\/div>\n\t\t\t\t\t<\/div>\n\t\t<\/div>\n\t\t\t\t\t<\/div>\n\t\t<\/section>\n\t\t\t\t<section class=\"elementor-section elementor-top-section elementor-element elementor-element-cbce32e elementor-section-boxed elementor-section-height-default elementor-section-height-default\" data-id=\"cbce32e\" data-element_type=\"section\" data-e-type=\"section\">\n\t\t\t\t\t\t<div class=\"elementor-container elementor-column-gap-default\">\n\t\t\t\t\t<div class=\"elementor-column elementor-col-100 elementor-top-column elementor-element elementor-element-166ef4a\" data-id=\"166ef4a\" data-element_type=\"column\" data-e-type=\"column\">\n\t\t\t<div class=\"elementor-widget-wrap elementor-element-populated\">\n\t\t\t\t\t\t<div class=\"elementor-element elementor-element-b77119d elementor-widget elementor-widget-text-editor\" data-id=\"b77119d\" data-element_type=\"widget\" data-e-type=\"widget\" data-widget_type=\"text-editor.default\">\n\t\t\t\t<div class=\"elementor-widget-container\">\n\t\t\t\t\t\t\t\t\t<h2><span style=\"color: #993300;\"><strong>Inscription<\/strong><\/span><\/h2><p><strong>\u00abMalheureusement, la manifestation est d\u00e9j\u00e0 compl\u00e8te\u00bb<\/strong> <\/p>\t\t\t\t\t\t\t\t<\/div>\n\t\t\t\t<\/div>\n\t\t\t\t\t<\/div>\n\t\t<\/div>\n\t\t\t\t\t<\/div>\n\t\t<\/section>\n\t\t\t\t<\/div>\n\t\t","protected":false},"excerpt":{"rendered":"<p>Visite du chantier du tramway lausannois \u00e0 Renens Le chantier du Tramway lausannois de Lausanne \u00e0 Renens \u00c0 l\u2019horizon 2026, la mobilit\u00e9 urbaine dans l\u2019Ouest lausannois va conna\u00eetre une r\u00e9volution. C\u2019est dans le cadre du Projet d\u2019Agglom\u00e9ration Lausanne \u2013 Morges que s\u2019inscrit le tramway lausannois dont le chantier avance \u00e0 grands pas. Afin de vous [&hellip;]<\/p>\n","protected":false},"author":1,"featured_media":0,"parent":1717,"menu_order":0,"comment_status":"closed","ping_status":"closed","template":"","meta":{"footnotes":""},"categories":[],"tags":[],"class_list":["post-16402","page","type-page","status-publish","hentry"],"_links":{"self":[{"href":"https:\/\/www.kvoev-actp.ch\/fr\/wp-json\/wp\/v2\/pages\/16402","targetHints":{"allow":["GET"]}}],"collection":[{"href":"https:\/\/www.kvoev-actp.ch\/fr\/wp-json\/wp\/v2\/pages"}],"about":[{"href":"https:\/\/www.kvoev-actp.ch\/fr\/wp-json\/wp\/v2\/types\/page"}],"author":[{"embeddable":true,"href":"https:\/\/www.kvoev-actp.ch\/fr\/wp-json\/wp\/v2\/users\/1"}],"replies":[{"embeddable":true,"href":"https:\/\/www.kvoev-actp.ch\/fr\/wp-json\/wp\/v2\/comments?post=16402"}],"version-history":[{"count":5,"href":"https:\/\/www.kvoev-actp.ch\/fr\/wp-json\/wp\/v2\/pages\/16402\/revisions"}],"predecessor-version":[{"id":16529,"href":"https:\/\/www.kvoev-actp.ch\/fr\/wp-json\/wp\/v2\/pages\/16402\/revisions\/16529"}],"up":[{"embeddable":true,"href":"https:\/\/www.kvoev-actp.ch\/fr\/wp-json\/wp\/v2\/pages\/1717"}],"wp:attachment":[{"href":"https:\/\/www.kvoev-actp.ch\/fr\/wp-json\/wp\/v2\/media?parent=16402"}],"wp:term":[{"taxonomy":"category","embeddable":true,"href":"https:\/\/www.kvoev-actp.ch\/fr\/wp-json\/wp\/v2\/categories?post=16402"},{"taxonomy":"post_tag","embeddable":true,"href":"https:\/\/www.kvoev-actp.ch\/fr\/wp-json\/wp\/v2\/tags?post=16402"}],"curies":[{"name":"wp","href":"https:\/\/api.w.org\/{rel}","templated":true}]}}