{"id":17082,"date":"2024-10-28T09:16:41","date_gmt":"2024-10-28T08:16:41","guid":{"rendered":"https:\/\/kvoev-actp.ch\/prestations\/chocorange\/"},"modified":"2024-10-28T09:21:19","modified_gmt":"2024-10-28T08:21:19","slug":"chocorange","status":"publish","type":"page","link":"https:\/\/www.kvoev-actp.ch\/fr\/prestations\/chocorange\/","title":{"rendered":"Chocorange"},"content":{"rendered":"\t\t<div data-elementor-type=\"wp-page\" data-elementor-id=\"17082\" class=\"elementor elementor-17082 elementor-17066\" data-elementor-post-type=\"page\">\n\t\t\t\t\t\t<section class=\"elementor-section elementor-top-section elementor-element elementor-element-389247a elementor-section-boxed elementor-section-height-default elementor-section-height-default\" data-id=\"389247a\" data-element_type=\"section\" data-e-type=\"section\">\n\t\t\t\t\t\t<div class=\"elementor-container elementor-column-gap-default\">\n\t\t\t\t\t<div class=\"elementor-column elementor-col-100 elementor-top-column elementor-element elementor-element-fc615bb\" data-id=\"fc615bb\" data-element_type=\"column\" data-e-type=\"column\">\n\t\t\t<div class=\"elementor-widget-wrap elementor-element-populated\">\n\t\t\t\t\t\t<div class=\"elementor-element elementor-element-f56714e elementor-widget elementor-widget-spacer\" data-id=\"f56714e\" data-element_type=\"widget\" data-e-type=\"widget\" data-widget_type=\"spacer.default\">\n\t\t\t\t<div class=\"elementor-widget-container\">\n\t\t\t\t\t\t\t<div class=\"elementor-spacer\">\n\t\t\t<div class=\"elementor-spacer-inner\"><\/div>\n\t\t<\/div>\n\t\t\t\t\t\t<\/div>\n\t\t\t\t<\/div>\n\t\t\t\t\t<\/div>\n\t\t<\/div>\n\t\t\t\t\t<\/div>\n\t\t<\/section>\n\t\t\t\t<section class=\"elementor-section elementor-top-section elementor-element elementor-element-194bb75 elementor-section-boxed elementor-section-height-default elementor-section-height-default\" data-id=\"194bb75\" data-element_type=\"section\" data-e-type=\"section\">\n\t\t\t\t\t\t<div class=\"elementor-container elementor-column-gap-default\">\n\t\t\t\t\t<div class=\"elementor-column elementor-col-100 elementor-top-column elementor-element elementor-element-b24f7d4\" data-id=\"b24f7d4\" data-element_type=\"column\" data-e-type=\"column\">\n\t\t\t<div class=\"elementor-widget-wrap elementor-element-populated\">\n\t\t\t\t\t\t<div class=\"elementor-element elementor-element-32cad91 elementor-widget elementor-widget-heading\" data-id=\"32cad91\" data-element_type=\"widget\" data-e-type=\"widget\" data-widget_type=\"heading.default\">\n\t\t\t\t<div class=\"elementor-widget-container\">\n\t\t\t\t\t<h1 class=\"elementor-heading-title elementor-size-default\">CHOCOLAT SURFIN AVEC R\u00c9DUCTION POUR NOS MEMBRES<\/h1>\t\t\t\t<\/div>\n\t\t\t\t<\/div>\n\t\t\t\t<div class=\"elementor-element elementor-element-269c4ba elementor-widget elementor-widget-image\" data-id=\"269c4ba\" data-element_type=\"widget\" data-e-type=\"widget\" data-widget_type=\"image.default\">\n\t\t\t\t<div class=\"elementor-widget-container\">\n\t\t\t\t\t\t\t\t\t\t\t\t\t\t\t<img fetchpriority=\"high\" decoding=\"async\" width=\"1200\" height=\"250\" src=\"https:\/\/www.kvoev-actp.ch\/wp-content\/uploads\/2024\/10\/chocorange.jpg\" class=\"attachment-full size-full wp-image-17070\" alt=\"\" srcset=\"https:\/\/www.kvoev-actp.ch\/wp-content\/uploads\/2024\/10\/chocorange.jpg 1200w, https:\/\/www.kvoev-actp.ch\/wp-content\/uploads\/2024\/10\/chocorange-300x63.jpg 300w, https:\/\/www.kvoev-actp.ch\/wp-content\/uploads\/2024\/10\/chocorange-1024x213.jpg 1024w, https:\/\/www.kvoev-actp.ch\/wp-content\/uploads\/2024\/10\/chocorange-768x160.jpg 768w\" sizes=\"(max-width: 1200px) 100vw, 1200px\" \/>\t\t\t\t\t\t\t\t\t\t\t\t\t\t\t<\/div>\n\t\t\t\t<\/div>\n\t\t\t\t\t<\/div>\n\t\t<\/div>\n\t\t\t\t\t<\/div>\n\t\t<\/section>\n\t\t\t\t<section class=\"elementor-section elementor-top-section elementor-element elementor-element-2b6ea99 elementor-section-boxed elementor-section-height-default elementor-section-height-default\" data-id=\"2b6ea99\" data-element_type=\"section\" data-e-type=\"section\">\n\t\t\t\t\t\t<div class=\"elementor-container elementor-column-gap-default\">\n\t\t\t\t\t<div class=\"elementor-column elementor-col-100 elementor-top-column elementor-element elementor-element-ae627d9\" data-id=\"ae627d9\" data-element_type=\"column\" data-e-type=\"column\">\n\t\t\t<div class=\"elementor-widget-wrap elementor-element-populated\">\n\t\t\t\t\t\t<div class=\"elementor-element elementor-element-d6fe065 elementor-widget elementor-widget-text-editor\" data-id=\"d6fe065\" data-element_type=\"widget\" data-e-type=\"widget\" data-widget_type=\"text-editor.default\">\n\t\t\t\t<div class=\"elementor-widget-container\">\n\t\t\t\t\t\t\t\t\t<p>Chocorange, entreprise gourmande pour les passionn\u00e9s de chocolats, vous propose une exp\u00e9rience gustative exceptionnelle avec des cr\u00e9ations artisanales.<\/p><p>Les chocolats fa\u00e7onn\u00e9s avec soin, en accord avec les valeurs profondes ax\u00e9es sur la qualit\u00e9 et la provenance des ingr\u00e9dients.<\/p><p>En s&#8217;associant avec <span style=\"color: #993300;\"><strong>le fournisseur de renom, FELCHLIN<\/strong><\/span>, Chocorange garantit non seulement un produit d\u00e9licieux, mais \u00e9galement une d\u00e9marche \u00e9thique.<\/p>\t\t\t\t\t\t\t\t<\/div>\n\t\t\t\t<\/div>\n\t\t\t\t\t<\/div>\n\t\t<\/div>\n\t\t\t\t\t<\/div>\n\t\t<\/section>\n\t\t\t\t<section class=\"elementor-section elementor-top-section elementor-element elementor-element-1c63fce elementor-section-boxed elementor-section-height-default elementor-section-height-default\" data-id=\"1c63fce\" data-element_type=\"section\" data-e-type=\"section\">\n\t\t\t\t\t\t<div class=\"elementor-container elementor-column-gap-default\">\n\t\t\t\t\t<div class=\"elementor-column elementor-col-66 elementor-top-column elementor-element elementor-element-caf2e64\" data-id=\"caf2e64\" data-element_type=\"column\" data-e-type=\"column\">\n\t\t\t<div class=\"elementor-widget-wrap elementor-element-populated\">\n\t\t\t\t\t\t<div class=\"elementor-element elementor-element-dc08912 elementor-widget elementor-widget-text-editor\" data-id=\"dc08912\" data-element_type=\"widget\" data-e-type=\"widget\" data-widget_type=\"text-editor.default\">\n\t\t\t\t<div class=\"elementor-widget-container\">\n\t\t\t\t\t\t\t\t\t<p><span style=\"color: #993300;\"><strong>AVANTAGES POUR LES MEMBRES DE L&#8217;ACTP<br \/><\/strong><\/span><strong><br \/>Rabais de 10%<\/strong> sur toutes les commandes en ligne ou par t\u00e9l\u00e9phone.<\/p><p><span style=\"color: #993300;\"><strong>POUR COMMANDER ET PROFITER DU RABAIS <br \/><\/strong><\/span><br \/>Se rendre sur le site <strong><span style=\"color: #993300;\"><a style=\"color: #993300;\" href=\"https:\/\/www.chocorange.ch\/index\" target=\"_blank\" rel=\"noopener\">www.chocorange.ch<\/a><\/span><\/strong> et entrer le code \u00ab KVOVACTP24 \u00bb pour profiter du rabais \u00e0 la fin de la commande.<\/p><p>Dito pour la commande par t\u00e9l\u00e9phone au 079 875 29 12 en mentionnant le code \u00ab KVOVACTP24 \u00bb.<\/p><p><strong><span style=\"color: #993300;\">INFORMATIONS<br \/><\/span><\/strong><br \/>Pour de plus amples informations, visitez le site web <strong><span style=\"color: #993300;\"><a style=\"color: #993300;\" href=\"https:\/\/www.chocorange.ch\/presentation\" target=\"_blank\" rel=\"noopener\">www.chocorange.ch,<\/a><\/span><\/strong> ou mettez vous en contact directement avec notre membre B\u00e9at-Henri Alber, t\u00e9l. 079 875 29 12 ou <span style=\"color: #993300;\"><strong><a style=\"color: #993300;\" href=\"https:\/\/www.chocorange.ch\/contact\" target=\"_blank\" rel=\"noopener\">www.chocorange.ch.<\/a><\/strong><\/span><\/p>\t\t\t\t\t\t\t\t<\/div>\n\t\t\t\t<\/div>\n\t\t\t\t\t<\/div>\n\t\t<\/div>\n\t\t\t\t<div class=\"elementor-column elementor-col-33 elementor-top-column elementor-element elementor-element-8d72797\" data-id=\"8d72797\" data-element_type=\"column\" data-e-type=\"column\">\n\t\t\t<div class=\"elementor-widget-wrap elementor-element-populated\">\n\t\t\t\t\t\t<div class=\"elementor-element elementor-element-3f89330 elementor-widget elementor-widget-image\" data-id=\"3f89330\" data-element_type=\"widget\" data-e-type=\"widget\" data-widget_type=\"image.default\">\n\t\t\t\t<div class=\"elementor-widget-container\">\n\t\t\t\t\t\t\t\t\t\t\t\t\t\t\t<img decoding=\"async\" width=\"400\" height=\"558\" src=\"https:\/\/www.kvoev-actp.ch\/wp-content\/uploads\/2024\/10\/herz.jpg\" class=\"attachment-large size-large wp-image-17072\" alt=\"\" srcset=\"https:\/\/www.kvoev-actp.ch\/wp-content\/uploads\/2024\/10\/herz.jpg 400w, https:\/\/www.kvoev-actp.ch\/wp-content\/uploads\/2024\/10\/herz-215x300.jpg 215w\" sizes=\"(max-width: 400px) 100vw, 400px\" \/>\t\t\t\t\t\t\t\t\t\t\t\t\t\t\t<\/div>\n\t\t\t\t<\/div>\n\t\t\t\t\t<\/div>\n\t\t<\/div>\n\t\t\t\t\t<\/div>\n\t\t<\/section>\n\t\t\t\t<section class=\"elementor-section elementor-top-section elementor-element elementor-element-b2a4cd1 elementor-section-boxed elementor-section-height-default elementor-section-height-default\" data-id=\"b2a4cd1\" data-element_type=\"section\" data-e-type=\"section\">\n\t\t\t\t\t\t<div class=\"elementor-container elementor-column-gap-default\">\n\t\t\t\t\t<div class=\"elementor-column elementor-col-100 elementor-top-column elementor-element elementor-element-72c19f7\" data-id=\"72c19f7\" data-element_type=\"column\" data-e-type=\"column\">\n\t\t\t<div class=\"elementor-widget-wrap elementor-element-populated\">\n\t\t\t\t\t\t<div class=\"elementor-element elementor-element-c90f563 elementor-widget elementor-widget-spacer\" data-id=\"c90f563\" data-element_type=\"widget\" data-e-type=\"widget\" data-widget_type=\"spacer.default\">\n\t\t\t\t<div class=\"elementor-widget-container\">\n\t\t\t\t\t\t\t<div class=\"elementor-spacer\">\n\t\t\t<div class=\"elementor-spacer-inner\"><\/div>\n\t\t<\/div>\n\t\t\t\t\t\t<\/div>\n\t\t\t\t<\/div>\n\t\t\t\t\t<\/div>\n\t\t<\/div>\n\t\t\t\t\t<\/div>\n\t\t<\/section>\n\t\t\t\t<\/div>\n\t\t","protected":false},"excerpt":{"rendered":"<p>CHOCOLAT SURFIN AVEC R\u00c9DUCTION POUR NOS MEMBRES Chocorange, entreprise gourmande pour les passionn\u00e9s de chocolats, vous propose une exp\u00e9rience gustative exceptionnelle avec des cr\u00e9ations artisanales. Les chocolats fa\u00e7onn\u00e9s avec soin, en accord avec les valeurs profondes ax\u00e9es sur la qualit\u00e9 et la provenance des ingr\u00e9dients. En s&#8217;associant avec le fournisseur de renom, FELCHLIN, Chocorange garantit [&hellip;]<\/p>\n","protected":false},"author":1,"featured_media":0,"parent":1364,"menu_order":0,"comment_status":"closed","ping_status":"closed","template":"","meta":{"footnotes":""},"categories":[],"tags":[],"class_list":["post-17082","page","type-page","status-publish","hentry"],"_links":{"self":[{"href":"https:\/\/www.kvoev-actp.ch\/fr\/wp-json\/wp\/v2\/pages\/17082","targetHints":{"allow":["GET"]}}],"collection":[{"href":"https:\/\/www.kvoev-actp.ch\/fr\/wp-json\/wp\/v2\/pages"}],"about":[{"href":"https:\/\/www.kvoev-actp.ch\/fr\/wp-json\/wp\/v2\/types\/page"}],"author":[{"embeddable":true,"href":"https:\/\/www.kvoev-actp.ch\/fr\/wp-json\/wp\/v2\/users\/1"}],"replies":[{"embeddable":true,"href":"https:\/\/www.kvoev-actp.ch\/fr\/wp-json\/wp\/v2\/comments?post=17082"}],"version-history":[{"count":5,"href":"https:\/\/www.kvoev-actp.ch\/fr\/wp-json\/wp\/v2\/pages\/17082\/revisions"}],"predecessor-version":[{"id":17089,"href":"https:\/\/www.kvoev-actp.ch\/fr\/wp-json\/wp\/v2\/pages\/17082\/revisions\/17089"}],"up":[{"embeddable":true,"href":"https:\/\/www.kvoev-actp.ch\/fr\/wp-json\/wp\/v2\/pages\/1364"}],"wp:attachment":[{"href":"https:\/\/www.kvoev-actp.ch\/fr\/wp-json\/wp\/v2\/media?parent=17082"}],"wp:term":[{"taxonomy":"category","embeddable":true,"href":"https:\/\/www.kvoev-actp.ch\/fr\/wp-json\/wp\/v2\/categories?post=17082"},{"taxonomy":"post_tag","embeddable":true,"href":"https:\/\/www.kvoev-actp.ch\/fr\/wp-json\/wp\/v2\/tags?post=17082"}],"curies":[{"name":"wp","href":"https:\/\/api.w.org\/{rel}","templated":true}]}}