{"id":1751,"date":"2019-10-01T09:34:40","date_gmt":"2019-10-01T07:34:40","guid":{"rendered":"https:\/\/kvoev-actp.ch\/partner-und-links\/"},"modified":"2025-01-20T13:51:35","modified_gmt":"2025-01-20T12:51:35","slug":"partenaires-et-liens","status":"publish","type":"page","link":"https:\/\/www.kvoev-actp.ch\/fr\/partenaires-et-liens\/","title":{"rendered":"Partenaires, sponsors, liens"},"content":{"rendered":"\t\t<div data-elementor-type=\"wp-page\" data-elementor-id=\"1751\" class=\"elementor elementor-1751 elementor-50\" data-elementor-post-type=\"page\">\n\t\t\t\t\t\t<section class=\"elementor-section elementor-top-section elementor-element elementor-element-818e3cf elementor-section-boxed elementor-section-height-default elementor-section-height-default\" data-id=\"818e3cf\" data-element_type=\"section\" data-e-type=\"section\">\n\t\t\t\t\t\t<div class=\"elementor-container elementor-column-gap-default\">\n\t\t\t\t\t<div class=\"elementor-column elementor-col-100 elementor-top-column elementor-element elementor-element-5d7c661\" data-id=\"5d7c661\" data-element_type=\"column\" data-e-type=\"column\">\n\t\t\t<div class=\"elementor-widget-wrap elementor-element-populated\">\n\t\t\t\t\t\t<div class=\"elementor-element elementor-element-69b0b5c elementor-widget elementor-widget-spacer\" data-id=\"69b0b5c\" data-element_type=\"widget\" data-e-type=\"widget\" data-widget_type=\"spacer.default\">\n\t\t\t\t<div class=\"elementor-widget-container\">\n\t\t\t\t\t\t\t<div class=\"elementor-spacer\">\n\t\t\t<div class=\"elementor-spacer-inner\"><\/div>\n\t\t<\/div>\n\t\t\t\t\t\t<\/div>\n\t\t\t\t<\/div>\n\t\t\t\t\t<\/div>\n\t\t<\/div>\n\t\t\t\t\t<\/div>\n\t\t<\/section>\n\t\t\t\t<section class=\"elementor-section elementor-top-section elementor-element elementor-element-12c18ee elementor-section-boxed elementor-section-height-default elementor-section-height-default\" data-id=\"12c18ee\" data-element_type=\"section\" data-e-type=\"section\">\n\t\t\t\t\t\t<div class=\"elementor-container elementor-column-gap-default\">\n\t\t\t\t\t<div class=\"elementor-column elementor-col-100 elementor-top-column elementor-element elementor-element-c5db506\" data-id=\"c5db506\" data-element_type=\"column\" data-e-type=\"column\">\n\t\t\t<div class=\"elementor-widget-wrap elementor-element-populated\">\n\t\t\t\t\t\t<div class=\"elementor-element elementor-element-2bfb6b0 elementor-widget elementor-widget-heading\" data-id=\"2bfb6b0\" data-element_type=\"widget\" data-e-type=\"widget\" data-widget_type=\"heading.default\">\n\t\t\t\t<div class=\"elementor-widget-container\">\n\t\t\t\t\t<h1 class=\"elementor-heading-title elementor-size-default\">Partenaires, sponsors, liens<\/h1>\t\t\t\t<\/div>\n\t\t\t\t<\/div>\n\t\t\t\t\t<\/div>\n\t\t<\/div>\n\t\t\t\t\t<\/div>\n\t\t<\/section>\n\t\t\t\t<section class=\"elementor-section elementor-top-section elementor-element elementor-element-57521a2 elementor-section-boxed elementor-section-height-default elementor-section-height-default\" data-id=\"57521a2\" data-element_type=\"section\" data-e-type=\"section\">\n\t\t\t\t\t\t<div class=\"elementor-container elementor-column-gap-default\">\n\t\t\t\t\t<div class=\"elementor-column elementor-col-100 elementor-top-column elementor-element elementor-element-a7cc1a6\" data-id=\"a7cc1a6\" data-element_type=\"column\" data-e-type=\"column\">\n\t\t\t<div class=\"elementor-widget-wrap elementor-element-populated\">\n\t\t\t\t\t\t<div class=\"elementor-element elementor-element-682355e elementor-widget elementor-widget-text-editor\" data-id=\"682355e\" data-element_type=\"widget\" data-e-type=\"widget\" data-widget_type=\"text-editor.default\">\n\t\t\t\t<div class=\"elementor-widget-container\">\n\t\t\t\t\t\t\t\t\t<p>L&#8217;ACTP collabore avec de nombreuses entreprises et organisations au b\u00e9n\u00e9fice de nos membres.<\/p><p><a href=\"https:\/\/www.kvoev-actp.ch\/fr\/partenaires-et-liens\/sponsors\/\"><strong><span style=\"color: #800000;\">SPONSORS<\/span><\/strong><\/a><br \/>Les sponsors soutiennent l&#8217;ACTP et ses activit\u00e9s de multiples mani\u00e8res.<\/p><p>Aimeriez-vous devenir sponsor ? Mettez-vous en relation directement avec nous : <a href=\"mailto:info@actp.ch\" target=\"_blank\" rel=\"noopener\"><strong><span style=\"color: #800000;\">info@actp.ch<\/span><\/strong><\/a><\/p><p><a href=\"https:\/\/www.kvoev-actp.ch\/fr\/partenaires-et-liens\/liens\/\"><strong><span style=\"color: #800000;\">LIENS<\/span><\/strong><\/a><br \/>Vous trouverez ici des liens int\u00e9ressants vers des sites Internet d&#8217;organisations partenaires nationales et internationales.<\/p><p>Vous trouverez \u00e9galement des liens vers des entreprises de transport suisses importantes et vers des fournisseurs d&#8217;autres prestations pour les transports publics.<\/p>\t\t\t\t\t\t\t\t<\/div>\n\t\t\t\t<\/div>\n\t\t\t\t\t<\/div>\n\t\t<\/div>\n\t\t\t\t\t<\/div>\n\t\t<\/section>\n\t\t\t\t<section class=\"elementor-section elementor-top-section elementor-element elementor-element-7cf640d elementor-section-boxed elementor-section-height-default elementor-section-height-default\" data-id=\"7cf640d\" data-element_type=\"section\" data-e-type=\"section\">\n\t\t\t\t\t\t<div class=\"elementor-container elementor-column-gap-default\">\n\t\t\t\t\t<div class=\"elementor-column elementor-col-100 elementor-top-column elementor-element elementor-element-237dca3\" data-id=\"237dca3\" data-element_type=\"column\" data-e-type=\"column\">\n\t\t\t<div class=\"elementor-widget-wrap elementor-element-populated\">\n\t\t\t\t\t\t<div class=\"elementor-element elementor-element-043f788 elementor-widget elementor-widget-spacer\" data-id=\"043f788\" data-element_type=\"widget\" data-e-type=\"widget\" data-widget_type=\"spacer.default\">\n\t\t\t\t<div class=\"elementor-widget-container\">\n\t\t\t\t\t\t\t<div class=\"elementor-spacer\">\n\t\t\t<div class=\"elementor-spacer-inner\"><\/div>\n\t\t<\/div>\n\t\t\t\t\t\t<\/div>\n\t\t\t\t<\/div>\n\t\t\t\t\t<\/div>\n\t\t<\/div>\n\t\t\t\t\t<\/div>\n\t\t<\/section>\n\t\t\t\t<\/div>\n\t\t","protected":false},"excerpt":{"rendered":"<p>Partenaires, sponsors, liens L&#8217;ACTP collabore avec de nombreuses entreprises et organisations au b\u00e9n\u00e9fice de nos membres. SPONSORSLes sponsors soutiennent l&#8217;ACTP et ses activit\u00e9s de multiples mani\u00e8res. Aimeriez-vous devenir sponsor ? Mettez-vous en relation directement avec nous : info@actp.ch LIENSVous trouverez ici des liens int\u00e9ressants vers des sites Internet d&#8217;organisations partenaires nationales et internationales. Vous trouverez [&hellip;]<\/p>\n","protected":false},"author":1,"featured_media":0,"parent":0,"menu_order":0,"comment_status":"closed","ping_status":"closed","template":"","meta":{"footnotes":""},"categories":[],"tags":[],"class_list":["post-1751","page","type-page","status-publish","hentry"],"_links":{"self":[{"href":"https:\/\/www.kvoev-actp.ch\/fr\/wp-json\/wp\/v2\/pages\/1751","targetHints":{"allow":["GET"]}}],"collection":[{"href":"https:\/\/www.kvoev-actp.ch\/fr\/wp-json\/wp\/v2\/pages"}],"about":[{"href":"https:\/\/www.kvoev-actp.ch\/fr\/wp-json\/wp\/v2\/types\/page"}],"author":[{"embeddable":true,"href":"https:\/\/www.kvoev-actp.ch\/fr\/wp-json\/wp\/v2\/users\/1"}],"replies":[{"embeddable":true,"href":"https:\/\/www.kvoev-actp.ch\/fr\/wp-json\/wp\/v2\/comments?post=1751"}],"version-history":[{"count":5,"href":"https:\/\/www.kvoev-actp.ch\/fr\/wp-json\/wp\/v2\/pages\/1751\/revisions"}],"predecessor-version":[{"id":17746,"href":"https:\/\/www.kvoev-actp.ch\/fr\/wp-json\/wp\/v2\/pages\/1751\/revisions\/17746"}],"wp:attachment":[{"href":"https:\/\/www.kvoev-actp.ch\/fr\/wp-json\/wp\/v2\/media?parent=1751"}],"wp:term":[{"taxonomy":"category","embeddable":true,"href":"https:\/\/www.kvoev-actp.ch\/fr\/wp-json\/wp\/v2\/categories?post=1751"},{"taxonomy":"post_tag","embeddable":true,"href":"https:\/\/www.kvoev-actp.ch\/fr\/wp-json\/wp\/v2\/tags?post=1751"}],"curies":[{"name":"wp","href":"https:\/\/api.w.org\/{rel}","templated":true}]}}