{"id":18068,"date":"2025-03-10T14:01:19","date_gmt":"2025-03-10T13:01:19","guid":{"rendered":"https:\/\/kvoev-actp.ch\/manifestations\/mitgliederversammlung-der-kvoev-regionalgruppe-mittelland-jura\/"},"modified":"2025-04-14T09:56:14","modified_gmt":"2025-04-14T07:56:14","slug":"mitgliederversammlung-der-kvoev-regionalgruppe-mittelland-jura","status":"publish","type":"page","link":"https:\/\/www.kvoev-actp.ch\/fr\/manifestations\/mitgliederversammlung-der-kvoev-regionalgruppe-mittelland-jura\/","title":{"rendered":"Mitgliederversammlung der KV\u00f6V Regionalgruppe Mittelland \/ Jura"},"content":{"rendered":"\t\t<div data-elementor-type=\"wp-page\" data-elementor-id=\"18068\" class=\"elementor elementor-18068 elementor-18058\" data-elementor-post-type=\"page\">\n\t\t\t\t\t\t<section class=\"elementor-section elementor-top-section elementor-element elementor-element-692a7aa elementor-section-boxed elementor-section-height-default elementor-section-height-default\" data-id=\"692a7aa\" data-element_type=\"section\" data-e-type=\"section\">\n\t\t\t\t\t\t<div class=\"elementor-container elementor-column-gap-default\">\n\t\t\t\t\t<div class=\"elementor-column elementor-col-100 elementor-top-column elementor-element elementor-element-4ce95e6\" data-id=\"4ce95e6\" data-element_type=\"column\" data-e-type=\"column\">\n\t\t\t<div class=\"elementor-widget-wrap elementor-element-populated\">\n\t\t\t\t\t\t<div class=\"elementor-element elementor-element-4c85422 elementor-widget elementor-widget-spacer\" data-id=\"4c85422\" data-element_type=\"widget\" data-e-type=\"widget\" data-widget_type=\"spacer.default\">\n\t\t\t\t<div class=\"elementor-widget-container\">\n\t\t\t\t\t\t\t<div class=\"elementor-spacer\">\n\t\t\t<div class=\"elementor-spacer-inner\"><\/div>\n\t\t<\/div>\n\t\t\t\t\t\t<\/div>\n\t\t\t\t<\/div>\n\t\t\t\t\t<\/div>\n\t\t<\/div>\n\t\t\t\t\t<\/div>\n\t\t<\/section>\n\t\t\t\t<section class=\"elementor-section elementor-top-section elementor-element elementor-element-cad4272 elementor-section-boxed elementor-section-height-default elementor-section-height-default\" data-id=\"cad4272\" data-element_type=\"section\" data-e-type=\"section\">\n\t\t\t\t\t\t<div class=\"elementor-container elementor-column-gap-default\">\n\t\t\t\t\t<div class=\"elementor-column elementor-col-100 elementor-top-column elementor-element elementor-element-4f12459\" data-id=\"4f12459\" data-element_type=\"column\" data-e-type=\"column\">\n\t\t\t<div class=\"elementor-widget-wrap elementor-element-populated\">\n\t\t\t\t\t\t<div class=\"elementor-element elementor-element-ee5a179 elementor-widget elementor-widget-heading\" data-id=\"ee5a179\" data-element_type=\"widget\" data-e-type=\"widget\" data-widget_type=\"heading.default\">\n\t\t\t\t<div class=\"elementor-widget-container\">\n\t\t\t\t\t<h1 class=\"elementor-heading-title elementor-size-default\">R\u00e9trospective de l'assembl\u00e9e g\u00e9n\u00e9rale du groupe r\u00e9gional Plateau \/ Jura avec l'expos\u00e9 \u00ab Cyber-attaques \u00bb du 8 avril 2025<\/h1>\t\t\t\t<\/div>\n\t\t\t\t<\/div>\n\t\t\t\t\t<\/div>\n\t\t<\/div>\n\t\t\t\t\t<\/div>\n\t\t<\/section>\n\t\t\t\t<section class=\"elementor-section elementor-top-section elementor-element elementor-element-a5bb153 elementor-section-boxed elementor-section-height-default elementor-section-height-default\" data-id=\"a5bb153\" data-element_type=\"section\" data-e-type=\"section\">\n\t\t\t\t\t\t<div class=\"elementor-container elementor-column-gap-default\">\n\t\t\t\t\t<div class=\"elementor-column elementor-col-100 elementor-top-column elementor-element elementor-element-843efb9\" data-id=\"843efb9\" data-element_type=\"column\" data-e-type=\"column\">\n\t\t\t<div class=\"elementor-widget-wrap elementor-element-populated\">\n\t\t\t\t\t\t<div class=\"elementor-element elementor-element-45ead3a elementor-widget elementor-widget-spacer\" data-id=\"45ead3a\" data-element_type=\"widget\" data-e-type=\"widget\" data-widget_type=\"spacer.default\">\n\t\t\t\t<div class=\"elementor-widget-container\">\n\t\t\t\t\t\t\t<div class=\"elementor-spacer\">\n\t\t\t<div class=\"elementor-spacer-inner\"><\/div>\n\t\t<\/div>\n\t\t\t\t\t\t<\/div>\n\t\t\t\t<\/div>\n\t\t\t\t\t<\/div>\n\t\t<\/div>\n\t\t\t\t\t<\/div>\n\t\t<\/section>\n\t\t\t\t<section class=\"elementor-section elementor-top-section elementor-element elementor-element-f30dae1 elementor-section-boxed elementor-section-height-default elementor-section-height-default\" data-id=\"f30dae1\" data-element_type=\"section\" data-e-type=\"section\">\n\t\t\t\t\t\t<div class=\"elementor-container elementor-column-gap-default\">\n\t\t\t\t\t<div class=\"elementor-column elementor-col-100 elementor-top-column elementor-element elementor-element-c5b40e3\" data-id=\"c5b40e3\" data-element_type=\"column\" data-e-type=\"column\">\n\t\t\t<div class=\"elementor-widget-wrap elementor-element-populated\">\n\t\t\t\t\t\t<div class=\"elementor-element elementor-element-e4fc875 elementor-widget elementor-widget-button\" data-id=\"e4fc875\" data-element_type=\"widget\" data-e-type=\"widget\" data-widget_type=\"button.default\">\n\t\t\t\t<div class=\"elementor-widget-container\">\n\t\t\t\t\t\t\t\t\t<div class=\"elementor-button-wrapper\">\n\t\t\t\t\t<a class=\"elementor-button elementor-button-link elementor-size-sm\" href=\"https:\/\/www.kvoev-actp.ch\/wp-content\/uploads\/2025\/04\/250408-Protokoll-Mitgliederverammlung-RG-Mitte-Jura-vom-08-apr-25.pdf\">\n\t\t\t\t\t\t<span class=\"elementor-button-content-wrapper\">\n\t\t\t\t\t\t\t\t\t<span class=\"elementor-button-text\">Proc\u00e8s-verbal (PDF)<\/span>\n\t\t\t\t\t<\/span>\n\t\t\t\t\t<\/a>\n\t\t\t\t<\/div>\n\t\t\t\t\t\t\t\t<\/div>\n\t\t\t\t<\/div>\n\t\t\t\t\t<\/div>\n\t\t<\/div>\n\t\t\t\t\t<\/div>\n\t\t<\/section>\n\t\t\t\t<section class=\"elementor-section elementor-top-section elementor-element elementor-element-c805633 elementor-section-boxed elementor-section-height-default elementor-section-height-default\" data-id=\"c805633\" data-element_type=\"section\" data-e-type=\"section\">\n\t\t\t\t\t\t<div class=\"elementor-container elementor-column-gap-default\">\n\t\t\t\t\t<div class=\"elementor-column elementor-col-100 elementor-top-column elementor-element elementor-element-9c4cadd\" data-id=\"9c4cadd\" data-element_type=\"column\" data-e-type=\"column\">\n\t\t\t<div class=\"elementor-widget-wrap elementor-element-populated\">\n\t\t\t\t\t\t<div class=\"elementor-element elementor-element-c39b9cd elementor-widget elementor-widget-gallery\" data-id=\"c39b9cd\" data-element_type=\"widget\" data-e-type=\"widget\" data-settings=\"{&quot;lazyload&quot;:&quot;yes&quot;,&quot;gallery_layout&quot;:&quot;grid&quot;,&quot;columns&quot;:4,&quot;columns_tablet&quot;:2,&quot;columns_mobile&quot;:1,&quot;gap&quot;:{&quot;unit&quot;:&quot;px&quot;,&quot;size&quot;:10,&quot;sizes&quot;:[]},&quot;gap_tablet&quot;:{&quot;unit&quot;:&quot;px&quot;,&quot;size&quot;:10,&quot;sizes&quot;:[]},&quot;gap_mobile&quot;:{&quot;unit&quot;:&quot;px&quot;,&quot;size&quot;:10,&quot;sizes&quot;:[]},&quot;link_to&quot;:&quot;file&quot;,&quot;aspect_ratio&quot;:&quot;3:2&quot;,&quot;overlay_background&quot;:&quot;yes&quot;,&quot;content_hover_animation&quot;:&quot;fade-in&quot;}\" data-widget_type=\"gallery.default\">\n\t\t\t\t<div class=\"elementor-widget-container\">\n\t\t\t\t\t\t\t<div class=\"elementor-gallery__container\">\n\t\t\t\t\t\t\t<a class=\"e-gallery-item elementor-gallery-item elementor-animated-content\" href=\"https:\/\/www.kvoev-actp.ch\/wp-content\/uploads\/2025\/04\/250408-MV-RG-Mitte-Jura-013-1000.jpg\" data-elementor-open-lightbox=\"yes\" data-elementor-lightbox-slideshow=\"c39b9cd\" data-e-action-hash=\"#elementor-action%3Aaction%3Dlightbox%26settings%3DeyJpZCI6MTg1NzYsInVybCI6Imh0dHBzOlwvXC93d3cua3ZvZXYtYWN0cC5jaFwvd3AtY29udGVudFwvdXBsb2Fkc1wvMjAyNVwvMDRcLzI1MDQwOC1NVi1SRy1NaXR0ZS1KdXJhLTAxMy0xMDAwLmpwZyIsInNsaWRlc2hvdyI6ImMzOWI5Y2QifQ%3D%3D\">\n\t\t\t\t\t<div class=\"e-gallery-image elementor-gallery-item__image\" data-thumbnail=\"https:\/\/www.kvoev-actp.ch\/wp-content\/uploads\/2025\/04\/250408-MV-RG-Mitte-Jura-013-1000-225x300.jpg\" data-width=\"225\" data-height=\"300\" aria-label=\"\" role=\"img\" ><\/div>\n\t\t\t\t\t\t\t\t\t\t\t<div class=\"elementor-gallery-item__overlay\"><\/div>\n\t\t\t\t\t\t\t\t\t\t\t\t\t\t<\/a>\n\t\t\t\t\t\t\t<a class=\"e-gallery-item elementor-gallery-item elementor-animated-content\" href=\"https:\/\/www.kvoev-actp.ch\/wp-content\/uploads\/2025\/04\/250408-MV-RG-Mitte-Jura-12-1000.jpg\" data-elementor-open-lightbox=\"yes\" data-elementor-lightbox-slideshow=\"c39b9cd\" data-e-action-hash=\"#elementor-action%3Aaction%3Dlightbox%26settings%3DeyJpZCI6MTg1NzQsInVybCI6Imh0dHBzOlwvXC93d3cua3ZvZXYtYWN0cC5jaFwvd3AtY29udGVudFwvdXBsb2Fkc1wvMjAyNVwvMDRcLzI1MDQwOC1NVi1SRy1NaXR0ZS1KdXJhLTEyLTEwMDAuanBnIiwic2xpZGVzaG93IjoiYzM5YjljZCJ9\">\n\t\t\t\t\t<div class=\"e-gallery-image elementor-gallery-item__image\" data-thumbnail=\"https:\/\/www.kvoev-actp.ch\/wp-content\/uploads\/2025\/04\/250408-MV-RG-Mitte-Jura-12-1000-225x300.jpg\" data-width=\"225\" data-height=\"300\" aria-label=\"\" role=\"img\" ><\/div>\n\t\t\t\t\t\t\t\t\t\t\t<div class=\"elementor-gallery-item__overlay\"><\/div>\n\t\t\t\t\t\t\t\t\t\t\t\t\t\t<\/a>\n\t\t\t\t\t\t\t<a class=\"e-gallery-item elementor-gallery-item elementor-animated-content\" href=\"https:\/\/www.kvoev-actp.ch\/wp-content\/uploads\/2025\/04\/250408-MV-RG-Mitte-Jura-011-1000.jpg\" data-elementor-open-lightbox=\"yes\" data-elementor-lightbox-slideshow=\"c39b9cd\" data-e-action-hash=\"#elementor-action%3Aaction%3Dlightbox%26settings%3DeyJpZCI6MTg1NzIsInVybCI6Imh0dHBzOlwvXC93d3cua3ZvZXYtYWN0cC5jaFwvd3AtY29udGVudFwvdXBsb2Fkc1wvMjAyNVwvMDRcLzI1MDQwOC1NVi1SRy1NaXR0ZS1KdXJhLTAxMS0xMDAwLmpwZyIsInNsaWRlc2hvdyI6ImMzOWI5Y2QifQ%3D%3D\">\n\t\t\t\t\t<div class=\"e-gallery-image elementor-gallery-item__image\" data-thumbnail=\"https:\/\/www.kvoev-actp.ch\/wp-content\/uploads\/2025\/04\/250408-MV-RG-Mitte-Jura-011-1000-225x300.jpg\" data-width=\"225\" data-height=\"300\" aria-label=\"\" role=\"img\" ><\/div>\n\t\t\t\t\t\t\t\t\t\t\t<div class=\"elementor-gallery-item__overlay\"><\/div>\n\t\t\t\t\t\t\t\t\t\t\t\t\t\t<\/a>\n\t\t\t\t\t\t\t<a class=\"e-gallery-item elementor-gallery-item elementor-animated-content\" href=\"https:\/\/www.kvoev-actp.ch\/wp-content\/uploads\/2025\/04\/250408-MV-RG-Mitte-Jura-10-1000.jpg\" data-elementor-open-lightbox=\"yes\" data-elementor-lightbox-slideshow=\"c39b9cd\" data-e-action-hash=\"#elementor-action%3Aaction%3Dlightbox%26settings%3DeyJpZCI6MTg1NzAsInVybCI6Imh0dHBzOlwvXC93d3cua3ZvZXYtYWN0cC5jaFwvd3AtY29udGVudFwvdXBsb2Fkc1wvMjAyNVwvMDRcLzI1MDQwOC1NVi1SRy1NaXR0ZS1KdXJhLTEwLTEwMDAuanBnIiwic2xpZGVzaG93IjoiYzM5YjljZCJ9\">\n\t\t\t\t\t<div class=\"e-gallery-image elementor-gallery-item__image\" data-thumbnail=\"https:\/\/www.kvoev-actp.ch\/wp-content\/uploads\/2025\/04\/250408-MV-RG-Mitte-Jura-10-1000-300x225.jpg\" data-width=\"300\" data-height=\"225\" aria-label=\"\" role=\"img\" ><\/div>\n\t\t\t\t\t\t\t\t\t\t\t<div class=\"elementor-gallery-item__overlay\"><\/div>\n\t\t\t\t\t\t\t\t\t\t\t\t\t\t<\/a>\n\t\t\t\t\t\t\t<a class=\"e-gallery-item elementor-gallery-item elementor-animated-content\" href=\"https:\/\/www.kvoev-actp.ch\/wp-content\/uploads\/2025\/04\/250408-MV-RG-Mitte-Jura-09-1000.jpg\" data-elementor-open-lightbox=\"yes\" data-elementor-lightbox-slideshow=\"c39b9cd\" data-e-action-hash=\"#elementor-action%3Aaction%3Dlightbox%26settings%3DeyJpZCI6MTg1NjgsInVybCI6Imh0dHBzOlwvXC93d3cua3ZvZXYtYWN0cC5jaFwvd3AtY29udGVudFwvdXBsb2Fkc1wvMjAyNVwvMDRcLzI1MDQwOC1NVi1SRy1NaXR0ZS1KdXJhLTA5LTEwMDAuanBnIiwic2xpZGVzaG93IjoiYzM5YjljZCJ9\">\n\t\t\t\t\t<div class=\"e-gallery-image elementor-gallery-item__image\" data-thumbnail=\"https:\/\/www.kvoev-actp.ch\/wp-content\/uploads\/2025\/04\/250408-MV-RG-Mitte-Jura-09-1000-300x225.jpg\" data-width=\"300\" data-height=\"225\" aria-label=\"\" role=\"img\" ><\/div>\n\t\t\t\t\t\t\t\t\t\t\t<div class=\"elementor-gallery-item__overlay\"><\/div>\n\t\t\t\t\t\t\t\t\t\t\t\t\t\t<\/a>\n\t\t\t\t\t\t\t<a class=\"e-gallery-item elementor-gallery-item elementor-animated-content\" href=\"https:\/\/www.kvoev-actp.ch\/wp-content\/uploads\/2025\/04\/250408-MV-RG-Mitte-Jura-08-1000.jpg\" data-elementor-open-lightbox=\"yes\" data-elementor-lightbox-slideshow=\"c39b9cd\" data-e-action-hash=\"#elementor-action%3Aaction%3Dlightbox%26settings%3DeyJpZCI6MTg1NjYsInVybCI6Imh0dHBzOlwvXC93d3cua3ZvZXYtYWN0cC5jaFwvd3AtY29udGVudFwvdXBsb2Fkc1wvMjAyNVwvMDRcLzI1MDQwOC1NVi1SRy1NaXR0ZS1KdXJhLTA4LTEwMDAuanBnIiwic2xpZGVzaG93IjoiYzM5YjljZCJ9\">\n\t\t\t\t\t<div class=\"e-gallery-image elementor-gallery-item__image\" data-thumbnail=\"https:\/\/www.kvoev-actp.ch\/wp-content\/uploads\/2025\/04\/250408-MV-RG-Mitte-Jura-08-1000-300x225.jpg\" data-width=\"300\" data-height=\"225\" aria-label=\"\" role=\"img\" ><\/div>\n\t\t\t\t\t\t\t\t\t\t\t<div class=\"elementor-gallery-item__overlay\"><\/div>\n\t\t\t\t\t\t\t\t\t\t\t\t\t\t<\/a>\n\t\t\t\t\t\t\t<a class=\"e-gallery-item elementor-gallery-item elementor-animated-content\" href=\"https:\/\/www.kvoev-actp.ch\/wp-content\/uploads\/2025\/04\/250408-MV-RG-Mitte-Jura-07-1000.jpg\" data-elementor-open-lightbox=\"yes\" data-elementor-lightbox-slideshow=\"c39b9cd\" data-e-action-hash=\"#elementor-action%3Aaction%3Dlightbox%26settings%3DeyJpZCI6MTg1NjQsInVybCI6Imh0dHBzOlwvXC93d3cua3ZvZXYtYWN0cC5jaFwvd3AtY29udGVudFwvdXBsb2Fkc1wvMjAyNVwvMDRcLzI1MDQwOC1NVi1SRy1NaXR0ZS1KdXJhLTA3LTEwMDAuanBnIiwic2xpZGVzaG93IjoiYzM5YjljZCJ9\">\n\t\t\t\t\t<div class=\"e-gallery-image elementor-gallery-item__image\" data-thumbnail=\"https:\/\/www.kvoev-actp.ch\/wp-content\/uploads\/2025\/04\/250408-MV-RG-Mitte-Jura-07-1000-300x225.jpg\" data-width=\"300\" data-height=\"225\" aria-label=\"\" role=\"img\" ><\/div>\n\t\t\t\t\t\t\t\t\t\t\t<div class=\"elementor-gallery-item__overlay\"><\/div>\n\t\t\t\t\t\t\t\t\t\t\t\t\t\t<\/a>\n\t\t\t\t\t\t\t<a class=\"e-gallery-item elementor-gallery-item elementor-animated-content\" href=\"https:\/\/www.kvoev-actp.ch\/wp-content\/uploads\/2025\/04\/250408-MV-RG-Mitte-Jura-06-1000.jpg\" data-elementor-open-lightbox=\"yes\" data-elementor-lightbox-slideshow=\"c39b9cd\" data-e-action-hash=\"#elementor-action%3Aaction%3Dlightbox%26settings%3DeyJpZCI6MTg1NjIsInVybCI6Imh0dHBzOlwvXC93d3cua3ZvZXYtYWN0cC5jaFwvd3AtY29udGVudFwvdXBsb2Fkc1wvMjAyNVwvMDRcLzI1MDQwOC1NVi1SRy1NaXR0ZS1KdXJhLTA2LTEwMDAuanBnIiwic2xpZGVzaG93IjoiYzM5YjljZCJ9\">\n\t\t\t\t\t<div class=\"e-gallery-image elementor-gallery-item__image\" data-thumbnail=\"https:\/\/www.kvoev-actp.ch\/wp-content\/uploads\/2025\/04\/250408-MV-RG-Mitte-Jura-06-1000-300x200.jpg\" data-width=\"300\" data-height=\"200\" aria-label=\"\" role=\"img\" ><\/div>\n\t\t\t\t\t\t\t\t\t\t\t<div class=\"elementor-gallery-item__overlay\"><\/div>\n\t\t\t\t\t\t\t\t\t\t\t\t\t\t<\/a>\n\t\t\t\t\t\t\t<a class=\"e-gallery-item elementor-gallery-item elementor-animated-content\" href=\"https:\/\/www.kvoev-actp.ch\/wp-content\/uploads\/2025\/04\/250408-MV-RG-Mitte-JUra-05-1000.jpg\" data-elementor-open-lightbox=\"yes\" data-elementor-lightbox-slideshow=\"c39b9cd\" data-e-action-hash=\"#elementor-action%3Aaction%3Dlightbox%26settings%3DeyJpZCI6MTg1NjAsInVybCI6Imh0dHBzOlwvXC93d3cua3ZvZXYtYWN0cC5jaFwvd3AtY29udGVudFwvdXBsb2Fkc1wvMjAyNVwvMDRcLzI1MDQwOC1NVi1SRy1NaXR0ZS1KVXJhLTA1LTEwMDAuanBnIiwic2xpZGVzaG93IjoiYzM5YjljZCJ9\">\n\t\t\t\t\t<div class=\"e-gallery-image elementor-gallery-item__image\" data-thumbnail=\"https:\/\/www.kvoev-actp.ch\/wp-content\/uploads\/2025\/04\/250408-MV-RG-Mitte-JUra-05-1000-240x300.jpg\" data-width=\"240\" data-height=\"300\" aria-label=\"\" role=\"img\" ><\/div>\n\t\t\t\t\t\t\t\t\t\t\t<div class=\"elementor-gallery-item__overlay\"><\/div>\n\t\t\t\t\t\t\t\t\t\t\t\t\t\t<\/a>\n\t\t\t\t\t\t\t<a class=\"e-gallery-item elementor-gallery-item elementor-animated-content\" href=\"https:\/\/www.kvoev-actp.ch\/wp-content\/uploads\/2025\/04\/250408-MV-RG-Mitte-Jura-04-1000.jpg\" data-elementor-open-lightbox=\"yes\" data-elementor-lightbox-slideshow=\"c39b9cd\" data-e-action-hash=\"#elementor-action%3Aaction%3Dlightbox%26settings%3DeyJpZCI6MTg1NTgsInVybCI6Imh0dHBzOlwvXC93d3cua3ZvZXYtYWN0cC5jaFwvd3AtY29udGVudFwvdXBsb2Fkc1wvMjAyNVwvMDRcLzI1MDQwOC1NVi1SRy1NaXR0ZS1KdXJhLTA0LTEwMDAuanBnIiwic2xpZGVzaG93IjoiYzM5YjljZCJ9\">\n\t\t\t\t\t<div class=\"e-gallery-image elementor-gallery-item__image\" data-thumbnail=\"https:\/\/www.kvoev-actp.ch\/wp-content\/uploads\/2025\/04\/250408-MV-RG-Mitte-Jura-04-1000-300x225.jpg\" data-width=\"300\" data-height=\"225\" aria-label=\"\" role=\"img\" ><\/div>\n\t\t\t\t\t\t\t\t\t\t\t<div class=\"elementor-gallery-item__overlay\"><\/div>\n\t\t\t\t\t\t\t\t\t\t\t\t\t\t<\/a>\n\t\t\t\t\t\t\t<a class=\"e-gallery-item elementor-gallery-item elementor-animated-content\" href=\"https:\/\/www.kvoev-actp.ch\/wp-content\/uploads\/2025\/04\/250408-MV-RG-Mitte-Jura-03-1000.jpg\" data-elementor-open-lightbox=\"yes\" data-elementor-lightbox-slideshow=\"c39b9cd\" data-e-action-hash=\"#elementor-action%3Aaction%3Dlightbox%26settings%3DeyJpZCI6MTg1NTYsInVybCI6Imh0dHBzOlwvXC93d3cua3ZvZXYtYWN0cC5jaFwvd3AtY29udGVudFwvdXBsb2Fkc1wvMjAyNVwvMDRcLzI1MDQwOC1NVi1SRy1NaXR0ZS1KdXJhLTAzLTEwMDAuanBnIiwic2xpZGVzaG93IjoiYzM5YjljZCJ9\">\n\t\t\t\t\t<div class=\"e-gallery-image elementor-gallery-item__image\" data-thumbnail=\"https:\/\/www.kvoev-actp.ch\/wp-content\/uploads\/2025\/04\/250408-MV-RG-Mitte-Jura-03-1000-243x300.jpg\" data-width=\"243\" data-height=\"300\" aria-label=\"\" role=\"img\" ><\/div>\n\t\t\t\t\t\t\t\t\t\t\t<div class=\"elementor-gallery-item__overlay\"><\/div>\n\t\t\t\t\t\t\t\t\t\t\t\t\t\t<\/a>\n\t\t\t\t\t\t\t<a class=\"e-gallery-item elementor-gallery-item elementor-animated-content\" href=\"https:\/\/www.kvoev-actp.ch\/wp-content\/uploads\/2025\/04\/250408-MV-RG-Mitte-Jura-01-1000.jpg\" data-elementor-open-lightbox=\"yes\" data-elementor-lightbox-slideshow=\"c39b9cd\" data-e-action-hash=\"#elementor-action%3Aaction%3Dlightbox%26settings%3DeyJpZCI6MTg1NTQsInVybCI6Imh0dHBzOlwvXC93d3cua3ZvZXYtYWN0cC5jaFwvd3AtY29udGVudFwvdXBsb2Fkc1wvMjAyNVwvMDRcLzI1MDQwOC1NVi1SRy1NaXR0ZS1KdXJhLTAxLTEwMDAuanBnIiwic2xpZGVzaG93IjoiYzM5YjljZCJ9\">\n\t\t\t\t\t<div class=\"e-gallery-image elementor-gallery-item__image\" data-thumbnail=\"https:\/\/www.kvoev-actp.ch\/wp-content\/uploads\/2025\/04\/250408-MV-RG-Mitte-Jura-01-1000-300x225.jpg\" data-width=\"300\" data-height=\"225\" aria-label=\"\" role=\"img\" ><\/div>\n\t\t\t\t\t\t\t\t\t\t\t<div class=\"elementor-gallery-item__overlay\"><\/div>\n\t\t\t\t\t\t\t\t\t\t\t\t\t\t<\/a>\n\t\t\t\t\t\t\t<a class=\"e-gallery-item elementor-gallery-item elementor-animated-content\" href=\"https:\/\/www.kvoev-actp.ch\/wp-content\/uploads\/2025\/04\/250408-MV-RG-Mitte-Jura-02-1000.jpg\" data-elementor-open-lightbox=\"yes\" data-elementor-lightbox-slideshow=\"c39b9cd\" data-e-action-hash=\"#elementor-action%3Aaction%3Dlightbox%26settings%3DeyJpZCI6MTg1NTIsInVybCI6Imh0dHBzOlwvXC93d3cua3ZvZXYtYWN0cC5jaFwvd3AtY29udGVudFwvdXBsb2Fkc1wvMjAyNVwvMDRcLzI1MDQwOC1NVi1SRy1NaXR0ZS1KdXJhLTAyLTEwMDAuanBnIiwic2xpZGVzaG93IjoiYzM5YjljZCJ9\">\n\t\t\t\t\t<div class=\"e-gallery-image elementor-gallery-item__image\" data-thumbnail=\"https:\/\/www.kvoev-actp.ch\/wp-content\/uploads\/2025\/04\/250408-MV-RG-Mitte-Jura-02-1000-191x300.jpg\" data-width=\"191\" data-height=\"300\" aria-label=\"\" role=\"img\" ><\/div>\n\t\t\t\t\t\t\t\t\t\t\t<div class=\"elementor-gallery-item__overlay\"><\/div>\n\t\t\t\t\t\t\t\t\t\t\t\t\t\t<\/a>\n\t\t\t\t\t<\/div>\n\t\t\t\t\t<\/div>\n\t\t\t\t<\/div>\n\t\t\t\t\t<\/div>\n\t\t<\/div>\n\t\t\t\t\t<\/div>\n\t\t<\/section>\n\t\t\t\t<section class=\"elementor-section elementor-top-section elementor-element elementor-element-57a6e36 elementor-section-boxed elementor-section-height-default elementor-section-height-default\" data-id=\"57a6e36\" data-element_type=\"section\" data-e-type=\"section\">\n\t\t\t\t\t\t<div class=\"elementor-container elementor-column-gap-default\">\n\t\t\t\t\t<div class=\"elementor-column elementor-col-100 elementor-top-column elementor-element elementor-element-c897e71\" data-id=\"c897e71\" data-element_type=\"column\" data-e-type=\"column\">\n\t\t\t<div class=\"elementor-widget-wrap elementor-element-populated\">\n\t\t\t\t\t\t<div class=\"elementor-element elementor-element-2fb4535 elementor-widget elementor-widget-spacer\" data-id=\"2fb4535\" data-element_type=\"widget\" data-e-type=\"widget\" data-widget_type=\"spacer.default\">\n\t\t\t\t<div class=\"elementor-widget-container\">\n\t\t\t\t\t\t\t<div class=\"elementor-spacer\">\n\t\t\t<div class=\"elementor-spacer-inner\"><\/div>\n\t\t<\/div>\n\t\t\t\t\t\t<\/div>\n\t\t\t\t<\/div>\n\t\t\t\t\t<\/div>\n\t\t<\/div>\n\t\t\t\t\t<\/div>\n\t\t<\/section>\n\t\t\t\t<\/div>\n\t\t","protected":false},"excerpt":{"rendered":"<p>R\u00e9trospective de l&#8217;assembl\u00e9e g\u00e9n\u00e9rale du groupe r\u00e9gional Plateau \/ Jura avec l&#8217;expos\u00e9 \u00ab Cyber-attaques \u00bb du 8 avril 2025 Proc\u00e8s-verbal (PDF)<\/p>\n","protected":false},"author":1,"featured_media":0,"parent":1717,"menu_order":0,"comment_status":"closed","ping_status":"closed","template":"","meta":{"footnotes":""},"categories":[61],"tags":[],"class_list":["post-18068","page","type-page","status-publish","hentry","category-regionalgruppe"],"_links":{"self":[{"href":"https:\/\/www.kvoev-actp.ch\/fr\/wp-json\/wp\/v2\/pages\/18068","targetHints":{"allow":["GET"]}}],"collection":[{"href":"https:\/\/www.kvoev-actp.ch\/fr\/wp-json\/wp\/v2\/pages"}],"about":[{"href":"https:\/\/www.kvoev-actp.ch\/fr\/wp-json\/wp\/v2\/types\/page"}],"author":[{"embeddable":true,"href":"https:\/\/www.kvoev-actp.ch\/fr\/wp-json\/wp\/v2\/users\/1"}],"replies":[{"embeddable":true,"href":"https:\/\/www.kvoev-actp.ch\/fr\/wp-json\/wp\/v2\/comments?post=18068"}],"version-history":[{"count":5,"href":"https:\/\/www.kvoev-actp.ch\/fr\/wp-json\/wp\/v2\/pages\/18068\/revisions"}],"predecessor-version":[{"id":18585,"href":"https:\/\/www.kvoev-actp.ch\/fr\/wp-json\/wp\/v2\/pages\/18068\/revisions\/18585"}],"up":[{"embeddable":true,"href":"https:\/\/www.kvoev-actp.ch\/fr\/wp-json\/wp\/v2\/pages\/1717"}],"wp:attachment":[{"href":"https:\/\/www.kvoev-actp.ch\/fr\/wp-json\/wp\/v2\/media?parent=18068"}],"wp:term":[{"taxonomy":"category","embeddable":true,"href":"https:\/\/www.kvoev-actp.ch\/fr\/wp-json\/wp\/v2\/categories?post=18068"},{"taxonomy":"post_tag","embeddable":true,"href":"https:\/\/www.kvoev-actp.ch\/fr\/wp-json\/wp\/v2\/tags?post=18068"}],"curies":[{"name":"wp","href":"https:\/\/api.w.org\/{rel}","templated":true}]}}