{"id":18795,"date":"2025-05-07T15:52:06","date_gmt":"2025-05-07T13:52:06","guid":{"rendered":"https:\/\/kvoev-actp.ch\/manifestations\/manifestation-dete-2025\/"},"modified":"2025-06-10T14:05:07","modified_gmt":"2025-06-10T12:05:07","slug":"manifestation-ad-2025","status":"publish","type":"page","link":"https:\/\/www.kvoev-actp.ch\/fr\/manifestations\/manifestation-ad-2025\/","title":{"rendered":"Manifestation AD 2025"},"content":{"rendered":"\t\t<div data-elementor-type=\"wp-page\" data-elementor-id=\"18795\" class=\"elementor elementor-18795 elementor-18785\" data-elementor-post-type=\"page\">\n\t\t\t\t\t\t<section class=\"elementor-section elementor-top-section elementor-element elementor-element-692a7aa elementor-section-boxed elementor-section-height-default elementor-section-height-default\" data-id=\"692a7aa\" data-element_type=\"section\" data-e-type=\"section\">\n\t\t\t\t\t\t<div class=\"elementor-container elementor-column-gap-default\">\n\t\t\t\t\t<div class=\"elementor-column elementor-col-100 elementor-top-column elementor-element elementor-element-4ce95e6\" data-id=\"4ce95e6\" data-element_type=\"column\" data-e-type=\"column\">\n\t\t\t<div class=\"elementor-widget-wrap elementor-element-populated\">\n\t\t\t\t\t\t<div class=\"elementor-element elementor-element-4c85422 elementor-widget elementor-widget-spacer\" data-id=\"4c85422\" data-element_type=\"widget\" data-e-type=\"widget\" data-widget_type=\"spacer.default\">\n\t\t\t\t<div class=\"elementor-widget-container\">\n\t\t\t\t\t\t\t<div class=\"elementor-spacer\">\n\t\t\t<div class=\"elementor-spacer-inner\"><\/div>\n\t\t<\/div>\n\t\t\t\t\t\t<\/div>\n\t\t\t\t<\/div>\n\t\t\t\t\t<\/div>\n\t\t<\/div>\n\t\t\t\t\t<\/div>\n\t\t<\/section>\n\t\t\t\t<section class=\"elementor-section elementor-top-section elementor-element elementor-element-cad4272 elementor-section-boxed elementor-section-height-default elementor-section-height-default\" data-id=\"cad4272\" data-element_type=\"section\" data-e-type=\"section\">\n\t\t\t\t\t\t<div class=\"elementor-container elementor-column-gap-default\">\n\t\t\t\t\t<div class=\"elementor-column elementor-col-100 elementor-top-column elementor-element elementor-element-4f12459\" data-id=\"4f12459\" data-element_type=\"column\" data-e-type=\"column\">\n\t\t\t<div class=\"elementor-widget-wrap elementor-element-populated\">\n\t\t\t\t\t\t<div class=\"elementor-element elementor-element-ee5a179 elementor-widget elementor-widget-heading\" data-id=\"ee5a179\" data-element_type=\"widget\" data-e-type=\"widget\" data-widget_type=\"heading.default\">\n\t\t\t\t<div class=\"elementor-widget-container\">\n\t\t\t\t\t<h1 class=\"elementor-heading-title elementor-size-default\">\u00ab Les d\u00e9fis de la gestion de la flotte de v\u00e9hicules ferroviaires de CFF Infrastructure \u00bb\n<\/h1>\t\t\t\t<\/div>\n\t\t\t\t<\/div>\n\t\t\t\t\t<\/div>\n\t\t<\/div>\n\t\t\t\t\t<\/div>\n\t\t<\/section>\n\t\t\t\t<section class=\"elementor-section elementor-top-section elementor-element elementor-element-f86014d elementor-section-boxed elementor-section-height-default elementor-section-height-default\" data-id=\"f86014d\" data-element_type=\"section\" data-e-type=\"section\">\n\t\t\t\t\t\t<div class=\"elementor-container elementor-column-gap-default\">\n\t\t\t\t\t<div class=\"elementor-column elementor-col-100 elementor-top-column elementor-element elementor-element-4a7e824\" data-id=\"4a7e824\" data-element_type=\"column\" data-e-type=\"column\">\n\t\t\t<div class=\"elementor-widget-wrap elementor-element-populated\">\n\t\t\t\t\t\t<div class=\"elementor-element elementor-element-8364422 elementor-widget elementor-widget-text-editor\" data-id=\"8364422\" data-element_type=\"widget\" data-e-type=\"widget\" data-widget_type=\"text-editor.default\">\n\t\t\t\t<div class=\"elementor-widget-container\">\n\t\t\t\t\t\t\t\t\t<h2><span style=\"color: #993300;\"><strong>Manifestation AD 2025<\/strong><\/span><\/h2><h2><span style=\"color: #993300;\"><strong>Intervenant : Michel Godinat, Chef du domaine d\u2019activit\u00e9s &#8220;Achats, supply chain et production&#8221; a.i. chez CFF Infrastructure<\/strong><\/span><\/h2>\t\t\t\t\t\t\t\t<\/div>\n\t\t\t\t<\/div>\n\t\t\t\t\t<\/div>\n\t\t<\/div>\n\t\t\t\t\t<\/div>\n\t\t<\/section>\n\t\t\t\t<section class=\"elementor-section elementor-top-section elementor-element elementor-element-22d960c elementor-section-boxed elementor-section-height-default elementor-section-height-default\" data-id=\"22d960c\" data-element_type=\"section\" data-e-type=\"section\">\n\t\t\t\t\t\t<div class=\"elementor-container elementor-column-gap-default\">\n\t\t\t\t\t<div class=\"elementor-column elementor-col-50 elementor-top-column elementor-element elementor-element-0802517\" data-id=\"0802517\" data-element_type=\"column\" data-e-type=\"column\">\n\t\t\t<div class=\"elementor-widget-wrap elementor-element-populated\">\n\t\t\t\t\t\t<div class=\"elementor-element elementor-element-d25a4ba elementor-widget elementor-widget-image\" data-id=\"d25a4ba\" data-element_type=\"widget\" data-e-type=\"widget\" data-widget_type=\"image.default\">\n\t\t\t\t<div class=\"elementor-widget-container\">\n\t\t\t\t\t\t\t\t\t\t\t\t\t\t\t<img fetchpriority=\"high\" decoding=\"async\" width=\"550\" height=\"360\" src=\"https:\/\/www.kvoev-actp.ch\/wp-content\/uploads\/2025\/02\/DV-Anlass-FR.jpg\" class=\"attachment-large size-large wp-image-17847\" alt=\"\" srcset=\"https:\/\/www.kvoev-actp.ch\/wp-content\/uploads\/2025\/02\/DV-Anlass-FR.jpg 550w, https:\/\/www.kvoev-actp.ch\/wp-content\/uploads\/2025\/02\/DV-Anlass-FR-300x196.jpg 300w\" sizes=\"(max-width: 550px) 100vw, 550px\" \/>\t\t\t\t\t\t\t\t\t\t\t\t\t\t\t<\/div>\n\t\t\t\t<\/div>\n\t\t\t\t\t<\/div>\n\t\t<\/div>\n\t\t\t\t<div class=\"elementor-column elementor-col-50 elementor-top-column elementor-element elementor-element-d437009\" data-id=\"d437009\" data-element_type=\"column\" data-e-type=\"column\">\n\t\t\t<div class=\"elementor-widget-wrap elementor-element-populated\">\n\t\t\t\t\t\t<div class=\"elementor-element elementor-element-23f9241 elementor-widget elementor-widget-text-editor\" data-id=\"23f9241\" data-element_type=\"widget\" data-e-type=\"widget\" data-widget_type=\"text-editor.default\">\n\t\t\t\t<div class=\"elementor-widget-container\">\n\t\t\t\t\t\t\t\t\t<p>Quel est le mandat d&#8217;acquisition de la flotte de CFF Infrastructure, \u00e0 quoi faut-il faire particuli\u00e8rement attention ? Quelle est la strat\u00e9gie d&#8217;acquisition, qu&#8217;en est-il de la neutralit\u00e9 climatique et o\u00f9 se situent les d\u00e9fis particuliers ?  <br><br>Michel Godinat, r\u00e9pondra \u00e0 ces questions lors de son expos\u00e9. Il est directeur de portefeuille certifi\u00e9 IPMA\u00ae niveau A avec une formation en ing\u00e9nierie m\u00e9canique EPFZ. Avant de rejoindre les CFF, il a travaill\u00e9 pour le D\u00e9partement f\u00e9d\u00e9ral de la d\u00e9fense, de la protection de la population et des sports (DDPS), o\u00f9 il a occup\u00e9 diff\u00e9rentes fonctions de gestion, notamment celle de chef du service de certification et de chef du domaine sp\u00e9cialis\u00e9 \u00ab Avions de combat \u00bb.   <\/p>\t\t\t\t\t\t\t\t<\/div>\n\t\t\t\t<\/div>\n\t\t\t\t\t<\/div>\n\t\t<\/div>\n\t\t\t\t\t<\/div>\n\t\t<\/section>\n\t\t\t\t<section class=\"elementor-section elementor-top-section elementor-element elementor-element-f30dae1 elementor-section-boxed elementor-section-height-default elementor-section-height-default\" data-id=\"f30dae1\" data-element_type=\"section\" data-e-type=\"section\">\n\t\t\t\t\t\t<div class=\"elementor-container elementor-column-gap-default\">\n\t\t\t\t\t<div class=\"elementor-column elementor-col-100 elementor-top-column elementor-element elementor-element-c5b40e3\" data-id=\"c5b40e3\" data-element_type=\"column\" data-e-type=\"column\">\n\t\t\t<div class=\"elementor-widget-wrap elementor-element-populated\">\n\t\t\t\t\t\t<div class=\"elementor-element elementor-element-e4fc875 elementor-widget elementor-widget-button\" data-id=\"e4fc875\" data-element_type=\"widget\" data-e-type=\"widget\" data-widget_type=\"button.default\">\n\t\t\t\t<div class=\"elementor-widget-container\">\n\t\t\t\t\t\t\t\t\t<div class=\"elementor-button-wrapper\">\n\t\t\t\t\t<a class=\"elementor-button elementor-button-link elementor-size-sm\" href=\"https:\/\/www.kvoev-actp.ch\/wp-content\/uploads\/2025\/06\/Herausforderungen-im-Flottenmanagment-der-Schienenfahrzeuge-von-SBB-Infrastruktur-2025.06.04-_-Netz.pdf\" target=\"_blank\">\n\t\t\t\t\t\t<span class=\"elementor-button-content-wrapper\">\n\t\t\t\t\t\t\t\t\t<span class=\"elementor-button-text\">Herausforderungen im Flottenmanagment der Schienenfahrzeuge von SBB-Infrastruktur (PDF<\/span>\n\t\t\t\t\t<\/span>\n\t\t\t\t\t<\/a>\n\t\t\t\t<\/div>\n\t\t\t\t\t\t\t\t<\/div>\n\t\t\t\t<\/div>\n\t\t\t\t\t<\/div>\n\t\t<\/div>\n\t\t\t\t\t<\/div>\n\t\t<\/section>\n\t\t\t\t<section class=\"elementor-section elementor-top-section elementor-element elementor-element-61dc1f5 elementor-section-boxed elementor-section-height-default elementor-section-height-default\" data-id=\"61dc1f5\" data-element_type=\"section\" data-e-type=\"section\">\n\t\t\t\t\t\t<div class=\"elementor-container elementor-column-gap-default\">\n\t\t\t\t\t<div class=\"elementor-column elementor-col-100 elementor-top-column elementor-element elementor-element-7b08f3f\" data-id=\"7b08f3f\" data-element_type=\"column\" data-e-type=\"column\">\n\t\t\t<div class=\"elementor-widget-wrap elementor-element-populated\">\n\t\t\t\t\t\t<div class=\"elementor-element elementor-element-484c7c7 elementor-widget elementor-widget-button\" data-id=\"484c7c7\" data-element_type=\"widget\" data-e-type=\"widget\" data-widget_type=\"button.default\">\n\t\t\t\t<div class=\"elementor-widget-container\">\n\t\t\t\t\t\t\t\t\t<div class=\"elementor-button-wrapper\">\n\t\t\t\t\t<a class=\"elementor-button elementor-button-link elementor-size-sm\" href=\"https:\/\/www.kvoev-actp.ch\/wp-content\/uploads\/2025\/06\/250604-Lexpose-de-Michel-GodinatJ-responsable-CFF-Infrastructure-I-ESPJ-en-synthese.pdf\" target=\"_blank\">\n\t\t\t\t\t\t<span class=\"elementor-button-content-wrapper\">\n\t\t\t\t\t\t\t\t\t<span class=\"elementor-button-text\">L'expos\u00e9 de Michel Godinat^J responsable CFF Infrastructure I-ESP^J en synth\u00e8se (PDF)<\/span>\n\t\t\t\t\t<\/span>\n\t\t\t\t\t<\/a>\n\t\t\t\t<\/div>\n\t\t\t\t\t\t\t\t<\/div>\n\t\t\t\t<\/div>\n\t\t\t\t\t<\/div>\n\t\t<\/div>\n\t\t\t\t\t<\/div>\n\t\t<\/section>\n\t\t\t\t<section class=\"elementor-section elementor-top-section elementor-element elementor-element-65fae7f elementor-section-boxed elementor-section-height-default elementor-section-height-default\" data-id=\"65fae7f\" data-element_type=\"section\" data-e-type=\"section\">\n\t\t\t\t\t\t<div class=\"elementor-container elementor-column-gap-default\">\n\t\t\t\t\t<div class=\"elementor-column elementor-col-100 elementor-top-column elementor-element elementor-element-f767afa\" data-id=\"f767afa\" data-element_type=\"column\" data-e-type=\"column\">\n\t\t\t<div class=\"elementor-widget-wrap elementor-element-populated\">\n\t\t\t\t\t\t<div class=\"elementor-element elementor-element-6a16c85 elementor-widget elementor-widget-gallery\" data-id=\"6a16c85\" data-element_type=\"widget\" data-e-type=\"widget\" data-settings=\"{&quot;lazyload&quot;:&quot;yes&quot;,&quot;gallery_layout&quot;:&quot;grid&quot;,&quot;columns&quot;:4,&quot;columns_tablet&quot;:2,&quot;columns_mobile&quot;:1,&quot;gap&quot;:{&quot;unit&quot;:&quot;px&quot;,&quot;size&quot;:10,&quot;sizes&quot;:[]},&quot;gap_tablet&quot;:{&quot;unit&quot;:&quot;px&quot;,&quot;size&quot;:10,&quot;sizes&quot;:[]},&quot;gap_mobile&quot;:{&quot;unit&quot;:&quot;px&quot;,&quot;size&quot;:10,&quot;sizes&quot;:[]},&quot;link_to&quot;:&quot;file&quot;,&quot;aspect_ratio&quot;:&quot;3:2&quot;,&quot;overlay_background&quot;:&quot;yes&quot;,&quot;content_hover_animation&quot;:&quot;fade-in&quot;}\" data-widget_type=\"gallery.default\">\n\t\t\t\t<div class=\"elementor-widget-container\">\n\t\t\t\t\t\t\t<div class=\"elementor-gallery__container\">\n\t\t\t\t\t\t\t<a class=\"e-gallery-item elementor-gallery-item elementor-animated-content\" href=\"https:\/\/www.kvoev-actp.ch\/wp-content\/uploads\/2025\/06\/DV-Anlass-2025-10-1000.jpg\" data-elementor-open-lightbox=\"yes\" data-elementor-lightbox-slideshow=\"6a16c85\" data-e-action-hash=\"#elementor-action%3Aaction%3Dlightbox%26settings%3DeyJpZCI6MTg5NTEsInVybCI6Imh0dHBzOlwvXC93d3cua3ZvZXYtYWN0cC5jaFwvd3AtY29udGVudFwvdXBsb2Fkc1wvMjAyNVwvMDZcL0RWLUFubGFzcy0yMDI1LTEwLTEwMDAuanBnIiwic2xpZGVzaG93IjoiNmExNmM4NSJ9\">\n\t\t\t\t\t<div class=\"e-gallery-image elementor-gallery-item__image\" data-thumbnail=\"https:\/\/www.kvoev-actp.ch\/wp-content\/uploads\/2025\/06\/DV-Anlass-2025-10-1000-166x300.jpg\" data-width=\"166\" data-height=\"300\" aria-label=\"\" role=\"img\" ><\/div>\n\t\t\t\t\t\t\t\t\t\t\t<div class=\"elementor-gallery-item__overlay\"><\/div>\n\t\t\t\t\t\t\t\t\t\t\t\t\t\t<\/a>\n\t\t\t\t\t\t\t<a class=\"e-gallery-item elementor-gallery-item elementor-animated-content\" href=\"https:\/\/www.kvoev-actp.ch\/wp-content\/uploads\/2025\/06\/DV-Anlass-2025-09-1000.jpg\" data-elementor-open-lightbox=\"yes\" data-elementor-lightbox-slideshow=\"6a16c85\" data-e-action-hash=\"#elementor-action%3Aaction%3Dlightbox%26settings%3DeyJpZCI6MTg5NDksInVybCI6Imh0dHBzOlwvXC93d3cua3ZvZXYtYWN0cC5jaFwvd3AtY29udGVudFwvdXBsb2Fkc1wvMjAyNVwvMDZcL0RWLUFubGFzcy0yMDI1LTA5LTEwMDAuanBnIiwic2xpZGVzaG93IjoiNmExNmM4NSJ9\">\n\t\t\t\t\t<div class=\"e-gallery-image elementor-gallery-item__image\" data-thumbnail=\"https:\/\/www.kvoev-actp.ch\/wp-content\/uploads\/2025\/06\/DV-Anlass-2025-09-1000-259x300.jpg\" data-width=\"259\" data-height=\"300\" aria-label=\"\" role=\"img\" ><\/div>\n\t\t\t\t\t\t\t\t\t\t\t<div class=\"elementor-gallery-item__overlay\"><\/div>\n\t\t\t\t\t\t\t\t\t\t\t\t\t\t<\/a>\n\t\t\t\t\t\t\t<a class=\"e-gallery-item elementor-gallery-item elementor-animated-content\" href=\"https:\/\/www.kvoev-actp.ch\/wp-content\/uploads\/2025\/06\/DV-Anlass-2025-08-1000.jpg\" data-elementor-open-lightbox=\"yes\" data-elementor-lightbox-slideshow=\"6a16c85\" data-e-action-hash=\"#elementor-action%3Aaction%3Dlightbox%26settings%3DeyJpZCI6MTg5NDcsInVybCI6Imh0dHBzOlwvXC93d3cua3ZvZXYtYWN0cC5jaFwvd3AtY29udGVudFwvdXBsb2Fkc1wvMjAyNVwvMDZcL0RWLUFubGFzcy0yMDI1LTA4LTEwMDAuanBnIiwic2xpZGVzaG93IjoiNmExNmM4NSJ9\">\n\t\t\t\t\t<div class=\"e-gallery-image elementor-gallery-item__image\" data-thumbnail=\"https:\/\/www.kvoev-actp.ch\/wp-content\/uploads\/2025\/06\/DV-Anlass-2025-08-1000-300x149.jpg\" data-width=\"300\" data-height=\"149\" aria-label=\"\" role=\"img\" ><\/div>\n\t\t\t\t\t\t\t\t\t\t\t<div class=\"elementor-gallery-item__overlay\"><\/div>\n\t\t\t\t\t\t\t\t\t\t\t\t\t\t<\/a>\n\t\t\t\t\t\t\t<a class=\"e-gallery-item elementor-gallery-item elementor-animated-content\" href=\"https:\/\/www.kvoev-actp.ch\/wp-content\/uploads\/2025\/06\/DV-Anlass-2025-07-1000.jpg\" data-elementor-open-lightbox=\"yes\" data-elementor-lightbox-slideshow=\"6a16c85\" data-e-action-hash=\"#elementor-action%3Aaction%3Dlightbox%26settings%3DeyJpZCI6MTg5NDUsInVybCI6Imh0dHBzOlwvXC93d3cua3ZvZXYtYWN0cC5jaFwvd3AtY29udGVudFwvdXBsb2Fkc1wvMjAyNVwvMDZcL0RWLUFubGFzcy0yMDI1LTA3LTEwMDAuanBnIiwic2xpZGVzaG93IjoiNmExNmM4NSJ9\">\n\t\t\t\t\t<div class=\"e-gallery-image elementor-gallery-item__image\" data-thumbnail=\"https:\/\/www.kvoev-actp.ch\/wp-content\/uploads\/2025\/06\/DV-Anlass-2025-07-1000-167x300.jpg\" data-width=\"167\" data-height=\"300\" aria-label=\"\" role=\"img\" ><\/div>\n\t\t\t\t\t\t\t\t\t\t\t<div class=\"elementor-gallery-item__overlay\"><\/div>\n\t\t\t\t\t\t\t\t\t\t\t\t\t\t<\/a>\n\t\t\t\t\t\t\t<a class=\"e-gallery-item elementor-gallery-item elementor-animated-content\" href=\"https:\/\/www.kvoev-actp.ch\/wp-content\/uploads\/2025\/06\/DV-Anlass-2025-06-1000.jpg\" data-elementor-open-lightbox=\"yes\" data-elementor-lightbox-slideshow=\"6a16c85\" data-e-action-hash=\"#elementor-action%3Aaction%3Dlightbox%26settings%3DeyJpZCI6MTg5NDMsInVybCI6Imh0dHBzOlwvXC93d3cua3ZvZXYtYWN0cC5jaFwvd3AtY29udGVudFwvdXBsb2Fkc1wvMjAyNVwvMDZcL0RWLUFubGFzcy0yMDI1LTA2LTEwMDAuanBnIiwic2xpZGVzaG93IjoiNmExNmM4NSJ9\">\n\t\t\t\t\t<div class=\"e-gallery-image elementor-gallery-item__image\" data-thumbnail=\"https:\/\/www.kvoev-actp.ch\/wp-content\/uploads\/2025\/06\/DV-Anlass-2025-06-1000-177x300.jpg\" data-width=\"177\" data-height=\"300\" aria-label=\"\" role=\"img\" ><\/div>\n\t\t\t\t\t\t\t\t\t\t\t<div class=\"elementor-gallery-item__overlay\"><\/div>\n\t\t\t\t\t\t\t\t\t\t\t\t\t\t<\/a>\n\t\t\t\t\t\t\t<a class=\"e-gallery-item elementor-gallery-item elementor-animated-content\" href=\"https:\/\/www.kvoev-actp.ch\/wp-content\/uploads\/2025\/06\/DV-Anlass-2025-05-1000.jpg\" data-elementor-open-lightbox=\"yes\" data-elementor-lightbox-slideshow=\"6a16c85\" data-e-action-hash=\"#elementor-action%3Aaction%3Dlightbox%26settings%3DeyJpZCI6MTg5NDEsInVybCI6Imh0dHBzOlwvXC93d3cua3ZvZXYtYWN0cC5jaFwvd3AtY29udGVudFwvdXBsb2Fkc1wvMjAyNVwvMDZcL0RWLUFubGFzcy0yMDI1LTA1LTEwMDAuanBnIiwic2xpZGVzaG93IjoiNmExNmM4NSJ9\">\n\t\t\t\t\t<div class=\"e-gallery-image elementor-gallery-item__image\" data-thumbnail=\"https:\/\/www.kvoev-actp.ch\/wp-content\/uploads\/2025\/06\/DV-Anlass-2025-05-1000-171x300.jpg\" data-width=\"171\" data-height=\"300\" aria-label=\"\" role=\"img\" ><\/div>\n\t\t\t\t\t\t\t\t\t\t\t<div class=\"elementor-gallery-item__overlay\"><\/div>\n\t\t\t\t\t\t\t\t\t\t\t\t\t\t<\/a>\n\t\t\t\t\t\t\t<a class=\"e-gallery-item elementor-gallery-item elementor-animated-content\" href=\"https:\/\/www.kvoev-actp.ch\/wp-content\/uploads\/2025\/06\/DV-Anlass-2025-04-1000.jpg\" data-elementor-open-lightbox=\"yes\" data-elementor-lightbox-slideshow=\"6a16c85\" data-e-action-hash=\"#elementor-action%3Aaction%3Dlightbox%26settings%3DeyJpZCI6MTg5MzksInVybCI6Imh0dHBzOlwvXC93d3cua3ZvZXYtYWN0cC5jaFwvd3AtY29udGVudFwvdXBsb2Fkc1wvMjAyNVwvMDZcL0RWLUFubGFzcy0yMDI1LTA0LTEwMDAuanBnIiwic2xpZGVzaG93IjoiNmExNmM4NSJ9\">\n\t\t\t\t\t<div class=\"e-gallery-image elementor-gallery-item__image\" data-thumbnail=\"https:\/\/www.kvoev-actp.ch\/wp-content\/uploads\/2025\/06\/DV-Anlass-2025-04-1000-284x300.jpg\" data-width=\"284\" data-height=\"300\" aria-label=\"\" role=\"img\" ><\/div>\n\t\t\t\t\t\t\t\t\t\t\t<div class=\"elementor-gallery-item__overlay\"><\/div>\n\t\t\t\t\t\t\t\t\t\t\t\t\t\t<\/a>\n\t\t\t\t\t\t\t<a class=\"e-gallery-item elementor-gallery-item elementor-animated-content\" href=\"https:\/\/www.kvoev-actp.ch\/wp-content\/uploads\/2025\/06\/DV-Anlass-2025-03-1000.jpg\" data-elementor-open-lightbox=\"yes\" data-elementor-lightbox-slideshow=\"6a16c85\" data-e-action-hash=\"#elementor-action%3Aaction%3Dlightbox%26settings%3DeyJpZCI6MTg5MzcsInVybCI6Imh0dHBzOlwvXC93d3cua3ZvZXYtYWN0cC5jaFwvd3AtY29udGVudFwvdXBsb2Fkc1wvMjAyNVwvMDZcL0RWLUFubGFzcy0yMDI1LTAzLTEwMDAuanBnIiwic2xpZGVzaG93IjoiNmExNmM4NSJ9\">\n\t\t\t\t\t<div class=\"e-gallery-image elementor-gallery-item__image\" data-thumbnail=\"https:\/\/www.kvoev-actp.ch\/wp-content\/uploads\/2025\/06\/DV-Anlass-2025-03-1000-192x300.jpg\" data-width=\"192\" data-height=\"300\" aria-label=\"\" role=\"img\" ><\/div>\n\t\t\t\t\t\t\t\t\t\t\t<div class=\"elementor-gallery-item__overlay\"><\/div>\n\t\t\t\t\t\t\t\t\t\t\t\t\t\t<\/a>\n\t\t\t\t\t<\/div>\n\t\t\t\t\t<\/div>\n\t\t\t\t<\/div>\n\t\t\t\t\t<\/div>\n\t\t<\/div>\n\t\t\t\t\t<\/div>\n\t\t<\/section>\n\t\t\t\t<section class=\"elementor-section elementor-top-section elementor-element elementor-element-10584be elementor-section-boxed elementor-section-height-default elementor-section-height-default\" data-id=\"10584be\" data-element_type=\"section\" data-e-type=\"section\">\n\t\t\t\t\t\t<div class=\"elementor-container elementor-column-gap-default\">\n\t\t\t\t\t<div class=\"elementor-column elementor-col-100 elementor-top-column elementor-element elementor-element-294ed05\" data-id=\"294ed05\" data-element_type=\"column\" data-e-type=\"column\">\n\t\t\t<div class=\"elementor-widget-wrap elementor-element-populated\">\n\t\t\t\t\t\t<div class=\"elementor-element elementor-element-a228bbc elementor-widget elementor-widget-spacer\" data-id=\"a228bbc\" data-element_type=\"widget\" data-e-type=\"widget\" data-widget_type=\"spacer.default\">\n\t\t\t\t<div class=\"elementor-widget-container\">\n\t\t\t\t\t\t\t<div class=\"elementor-spacer\">\n\t\t\t<div class=\"elementor-spacer-inner\"><\/div>\n\t\t<\/div>\n\t\t\t\t\t\t<\/div>\n\t\t\t\t<\/div>\n\t\t\t\t\t<\/div>\n\t\t<\/div>\n\t\t\t\t\t<\/div>\n\t\t<\/section>\n\t\t\t\t<\/div>\n\t\t","protected":false},"excerpt":{"rendered":"<p>\u00ab Les d\u00e9fis de la gestion de la flotte de v\u00e9hicules ferroviaires de CFF Infrastructure \u00bb Manifestation AD 2025 Intervenant : Michel Godinat, Chef du domaine d\u2019activit\u00e9s &#8220;Achats, supply chain et production&#8221; a.i. chez CFF Infrastructure Quel est le mandat d&#8217;acquisition de la flotte de CFF Infrastructure, \u00e0 quoi faut-il faire particuli\u00e8rement attention ? Quelle [&hellip;]<\/p>\n","protected":false},"author":1,"featured_media":0,"parent":1717,"menu_order":0,"comment_status":"closed","ping_status":"closed","template":"","meta":{"footnotes":""},"categories":[55],"tags":[],"class_list":["post-18795","page","type-page","status-publish","hentry","category-anlaesse"],"_links":{"self":[{"href":"https:\/\/www.kvoev-actp.ch\/fr\/wp-json\/wp\/v2\/pages\/18795","targetHints":{"allow":["GET"]}}],"collection":[{"href":"https:\/\/www.kvoev-actp.ch\/fr\/wp-json\/wp\/v2\/pages"}],"about":[{"href":"https:\/\/www.kvoev-actp.ch\/fr\/wp-json\/wp\/v2\/types\/page"}],"author":[{"embeddable":true,"href":"https:\/\/www.kvoev-actp.ch\/fr\/wp-json\/wp\/v2\/users\/1"}],"replies":[{"embeddable":true,"href":"https:\/\/www.kvoev-actp.ch\/fr\/wp-json\/wp\/v2\/comments?post=18795"}],"version-history":[{"count":5,"href":"https:\/\/www.kvoev-actp.ch\/fr\/wp-json\/wp\/v2\/pages\/18795\/revisions"}],"predecessor-version":[{"id":18966,"href":"https:\/\/www.kvoev-actp.ch\/fr\/wp-json\/wp\/v2\/pages\/18795\/revisions\/18966"}],"up":[{"embeddable":true,"href":"https:\/\/www.kvoev-actp.ch\/fr\/wp-json\/wp\/v2\/pages\/1717"}],"wp:attachment":[{"href":"https:\/\/www.kvoev-actp.ch\/fr\/wp-json\/wp\/v2\/media?parent=18795"}],"wp:term":[{"taxonomy":"category","embeddable":true,"href":"https:\/\/www.kvoev-actp.ch\/fr\/wp-json\/wp\/v2\/categories?post=18795"},{"taxonomy":"post_tag","embeddable":true,"href":"https:\/\/www.kvoev-actp.ch\/fr\/wp-json\/wp\/v2\/tags?post=18795"}],"curies":[{"name":"wp","href":"https:\/\/api.w.org\/{rel}","templated":true}]}}