{"id":20746,"date":"2026-01-06T08:04:16","date_gmt":"2026-01-06T07:04:16","guid":{"rendered":"https:\/\/kvoev-actp.ch\/?page_id=20746"},"modified":"2026-01-06T08:12:53","modified_gmt":"2026-01-06T07:12:53","slug":"von-den-2-achsern-ueber-den-starren-fahrplan-zu-bahn-und-bus-2000-neat","status":"publish","type":"page","link":"https:\/\/www.kvoev-actp.ch\/fr\/manifestations\/von-den-2-achsern-ueber-den-starren-fahrplan-zu-bahn-und-bus-2000-neat\/","title":{"rendered":"\u00abVon den 2-Achsern \u00fcber den starren Fahrplan zu Bahn und Bus 2000 +NEAT\u00bb"},"content":{"rendered":"\t\t<div data-elementor-type=\"wp-page\" data-elementor-id=\"20746\" class=\"elementor elementor-20746\" data-elementor-post-type=\"page\">\n\t\t\t\t\t\t<section class=\"elementor-section elementor-top-section elementor-element elementor-element-692a7aa elementor-section-boxed elementor-section-height-default elementor-section-height-default\" data-id=\"692a7aa\" data-element_type=\"section\" data-e-type=\"section\">\n\t\t\t\t\t\t<div class=\"elementor-container elementor-column-gap-default\">\n\t\t\t\t\t<div class=\"elementor-column elementor-col-100 elementor-top-column elementor-element elementor-element-4ce95e6\" data-id=\"4ce95e6\" data-element_type=\"column\" data-e-type=\"column\">\n\t\t\t<div class=\"elementor-widget-wrap elementor-element-populated\">\n\t\t\t\t\t\t<div class=\"elementor-element elementor-element-4c85422 elementor-widget elementor-widget-spacer\" data-id=\"4c85422\" data-element_type=\"widget\" data-e-type=\"widget\" data-widget_type=\"spacer.default\">\n\t\t\t\t<div class=\"elementor-widget-container\">\n\t\t\t\t\t\t\t<div class=\"elementor-spacer\">\n\t\t\t<div class=\"elementor-spacer-inner\"><\/div>\n\t\t<\/div>\n\t\t\t\t\t\t<\/div>\n\t\t\t\t<\/div>\n\t\t\t\t\t<\/div>\n\t\t<\/div>\n\t\t\t\t\t<\/div>\n\t\t<\/section>\n\t\t\t\t<section class=\"elementor-section elementor-top-section elementor-element elementor-element-cad4272 elementor-section-boxed elementor-section-height-default elementor-section-height-default\" data-id=\"cad4272\" data-element_type=\"section\" data-e-type=\"section\">\n\t\t\t\t\t\t<div class=\"elementor-container elementor-column-gap-default\">\n\t\t\t\t\t<div class=\"elementor-column elementor-col-100 elementor-top-column elementor-element elementor-element-4f12459\" data-id=\"4f12459\" data-element_type=\"column\" data-e-type=\"column\">\n\t\t\t<div class=\"elementor-widget-wrap elementor-element-populated\">\n\t\t\t\t\t\t<div class=\"elementor-element elementor-element-ee5a179 elementor-widget elementor-widget-heading\" data-id=\"ee5a179\" data-element_type=\"widget\" data-e-type=\"widget\" data-widget_type=\"heading.default\">\n\t\t\t\t<div class=\"elementor-widget-container\">\n\t\t\t\t\t<h1 class=\"elementor-heading-title elementor-size-default\">\u00abVon den 2-Achsern \u00fcber den starren Fahrplan zu Bahn und Bus 2000 +NEAT\u00bb\n<\/h1>\t\t\t\t<\/div>\n\t\t\t\t<\/div>\n\t\t\t\t\t<\/div>\n\t\t<\/div>\n\t\t\t\t\t<\/div>\n\t\t<\/section>\n\t\t\t\t<section class=\"elementor-section elementor-top-section elementor-element elementor-element-f86014d elementor-section-boxed elementor-section-height-default elementor-section-height-default\" data-id=\"f86014d\" data-element_type=\"section\" data-e-type=\"section\">\n\t\t\t\t\t\t<div class=\"elementor-container elementor-column-gap-default\">\n\t\t\t\t\t<div class=\"elementor-column elementor-col-100 elementor-top-column elementor-element elementor-element-4a7e824\" data-id=\"4a7e824\" data-element_type=\"column\" data-e-type=\"column\">\n\t\t\t<div class=\"elementor-widget-wrap elementor-element-populated\">\n\t\t\t\t\t\t<div class=\"elementor-element elementor-element-8364422 elementor-widget elementor-widget-text-editor\" data-id=\"8364422\" data-element_type=\"widget\" data-e-type=\"widget\" data-widget_type=\"text-editor.default\">\n\t\t\t\t<div class=\"elementor-widget-container\">\n\t\t\t\t\t\t\t\t\t<h2><span style=\"color: #993300;\"><strong> Einladung zum Anlass der Regionalgruppe Z\u00fcrich \/ Ostschweiz aus der Reihe \u00abKV\u00f6V im Dialog\u00bb vom 4. Februar 2026 mit Referat<br \/><\/strong><\/span><\/h2>\t\t\t\t\t\t\t\t<\/div>\n\t\t\t\t<\/div>\n\t\t\t\t\t<\/div>\n\t\t<\/div>\n\t\t\t\t\t<\/div>\n\t\t<\/section>\n\t\t\t\t<section class=\"elementor-section elementor-top-section elementor-element elementor-element-532639a elementor-section-boxed elementor-section-height-default elementor-section-height-default\" data-id=\"532639a\" data-element_type=\"section\" data-e-type=\"section\">\n\t\t\t\t\t\t<div class=\"elementor-container elementor-column-gap-default\">\n\t\t\t\t\t<div class=\"elementor-column elementor-col-100 elementor-top-column elementor-element elementor-element-ffd5722\" data-id=\"ffd5722\" data-element_type=\"column\" data-e-type=\"column\">\n\t\t\t<div class=\"elementor-widget-wrap elementor-element-populated\">\n\t\t\t\t\t\t<div class=\"elementor-element elementor-element-8fa60bb elementor-widget__width-initial elementor-widget elementor-widget-text-editor\" data-id=\"8fa60bb\" data-element_type=\"widget\" data-e-type=\"widget\" data-widget_type=\"text-editor.default\">\n\t\t\t\t<div class=\"elementor-widget-container\">\n\t\t\t\t\t\t\t\t\t<p>Liebe Kolleginnen und Kollegen<\/p><p>Wir freuen uns, euch zum ersten Anlass im Jahr 2026 aus der Reihe \u00abKV\u00f6V im Dialog\u00bb der KV\u00f6V-Regionalgruppe Z\u00fcrich \/ Ostschweiz einzuladen. Walter G. Finkbohner, Hans Meiner und Felix L\u00f6ffel erz\u00e4hlen \u00fcber die Geschichte \u00abVon den Zweiachsern \u00fcber den \u201estarren Fahrplan\u201c, die S-Bahn Z\u00fcrich zu \u201eBahn und Bus 2000\u201c und die NEAT\u00bb.<\/p><p><strong>Ort<\/strong> <br \/>Auditorium, Z\u00fcrich Altstetten, SBB Dienstgeb\u00e4ude Westlink, Vulkanplatz 11.<br \/>Treffpunkt im 1. Stock \u2013 Treppe hoch beim Empfang.<br \/><br \/>Hast du keinen Geb\u00e4udezutritt in den Westlink? Dann melde dich bitte unter 079 474 22 11, sobald du vor dem Eingang beim Empfang stehst.<\/p><p><strong>Datum<\/strong> <br \/>Mittwoch, 4. Februar 2026, 17.30 \u2013 20.30 Uhr.<\/p><p><strong>Programm<\/strong> <br \/>17:30 &#8211; Eintreffen und Ap\u00e9ro.<br \/>18:00 \u2013 19:00 &#8211; Gespr\u00e4ch am Runden Tisch mit <strong>Walter G. Finkbohner, Hans Meiner und Felix L\u00f6ffel<\/strong> \u00fcber <strong>\u00abDie Entwicklung eines der besten \u00d6V-Angebote \u2013 von den 1960er Jahre bis in die Neuzeit\u00bb<\/strong> mit anschliessender Fragerunde und Diskussion.<br \/>19:00 \u2013 20:30 &#8211; Ausklang mit Netzwerk-Ap\u00e9ro.<\/p><p>Bitte melde dich bis Mittwoch, 28. Januar 2026, \u00fcber das Anmeldetool an. Die Platzzahl ist beschr\u00e4nkt.<\/p><p>Du bist (noch) nicht Mitglied beim KV\u00f6V? Dann melde deinen Wunsch, einen Platz zu bekommen, per Mail an <span style=\"color: #993300;\"><strong><a style=\"color: #993300;\" href=\"mailto:thomas.wieland@sbb.ch\" target=\"_blank\" rel=\"noopener\">thomas.wieland@sbb.ch<\/a><\/strong><\/span> \u2013 es stehen nur wenige Pl\u00e4tze zur Verf\u00fcgung.<\/p><p>Wir freuen uns auf euch und w\u00fcnschen schon im Voraus viel Spass. Herzlich laden ein,<\/p><p><span style=\"color: #993300;\"><strong>Kaderverband des \u00f6ffentlichen Verkehrs KV\u00f6V<\/strong><\/span><\/p>\t\t\t\t\t\t\t\t<\/div>\n\t\t\t\t<\/div>\n\t\t\t\t\t<\/div>\n\t\t<\/div>\n\t\t\t\t\t<\/div>\n\t\t<\/section>\n\t\t\t\t<section class=\"elementor-section elementor-top-section elementor-element elementor-element-8814564 elementor-section-boxed elementor-section-height-default elementor-section-height-default\" data-id=\"8814564\" data-element_type=\"section\" data-e-type=\"section\">\n\t\t\t\t\t\t<div class=\"elementor-container elementor-column-gap-default\">\n\t\t\t\t\t<div class=\"elementor-column elementor-col-50 elementor-top-column elementor-element elementor-element-815afbc\" data-id=\"815afbc\" data-element_type=\"column\" data-e-type=\"column\">\n\t\t\t<div class=\"elementor-widget-wrap elementor-element-populated\">\n\t\t\t\t\t\t<div class=\"elementor-element elementor-element-acbe404 elementor-widget elementor-widget-text-editor\" data-id=\"acbe404\" data-element_type=\"widget\" data-e-type=\"widget\" data-widget_type=\"text-editor.default\">\n\t\t\t\t<div class=\"elementor-widget-container\">\n\t\t\t\t\t\t\t\t\t<p><strong>Thomas Wieland<\/strong><br \/>Pr\u00e4sident<br \/>KV\u00f6V Regionalgruppe Z\u00fcrich \/ Ostschweiz<\/p>\t\t\t\t\t\t\t\t<\/div>\n\t\t\t\t<\/div>\n\t\t\t\t\t<\/div>\n\t\t<\/div>\n\t\t\t\t<div class=\"elementor-column elementor-col-50 elementor-top-column elementor-element elementor-element-4d5e484\" data-id=\"4d5e484\" data-element_type=\"column\" data-e-type=\"column\">\n\t\t\t<div class=\"elementor-widget-wrap elementor-element-populated\">\n\t\t\t\t\t\t<div class=\"elementor-element elementor-element-0560093 elementor-widget elementor-widget-text-editor\" data-id=\"0560093\" data-element_type=\"widget\" data-e-type=\"widget\" data-widget_type=\"text-editor.default\">\n\t\t\t\t<div class=\"elementor-widget-container\">\n\t\t\t\t\t\t\t\t\t<p><strong>Melissa White<\/strong><br \/>Vizepr\u00e4sidentin<br \/><br \/><\/p>\t\t\t\t\t\t\t\t<\/div>\n\t\t\t\t<\/div>\n\t\t\t\t\t<\/div>\n\t\t<\/div>\n\t\t\t\t\t<\/div>\n\t\t<\/section>\n\t\t\t\t<section class=\"elementor-section elementor-top-section elementor-element elementor-element-029a9c5 elementor-section-boxed elementor-section-height-default elementor-section-height-default\" data-id=\"029a9c5\" data-element_type=\"section\" data-e-type=\"section\">\n\t\t\t\t\t\t<div class=\"elementor-container elementor-column-gap-default\">\n\t\t\t\t\t<div class=\"elementor-column elementor-col-100 elementor-top-column elementor-element elementor-element-5dd30e9\" data-id=\"5dd30e9\" data-element_type=\"column\" data-e-type=\"column\">\n\t\t\t<div class=\"elementor-widget-wrap elementor-element-populated\">\n\t\t\t\t\t\t<div class=\"elementor-element elementor-element-1bf275a elementor-widget elementor-widget-button\" data-id=\"1bf275a\" data-element_type=\"widget\" data-e-type=\"widget\" data-widget_type=\"button.default\">\n\t\t\t\t<div class=\"elementor-widget-container\">\n\t\t\t\t\t\t\t\t\t<div class=\"elementor-button-wrapper\">\n\t\t\t\t\t<a class=\"elementor-button elementor-button-link elementor-size-sm\" href=\"https:\/\/www.kvoev-actp.ch\/wp-content\/uploads\/2026\/01\/260204-Einladung-zum-Anlass-RG-Zuee-Ost-EntwicklungTaktfahrplan-04-feb-26.pdf\" target=\"_blank\">\n\t\t\t\t\t\t<span class=\"elementor-button-content-wrapper\">\n\t\t\t\t\t\t\t\t\t<span class=\"elementor-button-text\">Einladung<\/span>\n\t\t\t\t\t<\/span>\n\t\t\t\t\t<\/a>\n\t\t\t\t<\/div>\n\t\t\t\t\t\t\t\t<\/div>\n\t\t\t\t<\/div>\n\t\t\t\t\t<\/div>\n\t\t<\/div>\n\t\t\t\t\t<\/div>\n\t\t<\/section>\n\t\t\t\t<section class=\"elementor-section elementor-top-section elementor-element elementor-element-4e51565 elementor-section-boxed elementor-section-height-default elementor-section-height-default\" data-id=\"4e51565\" data-element_type=\"section\" data-e-type=\"section\">\n\t\t\t\t\t\t<div class=\"elementor-container elementor-column-gap-default\">\n\t\t\t\t\t<div class=\"elementor-column elementor-col-100 elementor-top-column elementor-element elementor-element-1874caa\" data-id=\"1874caa\" data-element_type=\"column\" data-e-type=\"column\">\n\t\t\t<div class=\"elementor-widget-wrap elementor-element-populated\">\n\t\t\t\t\t\t<div class=\"elementor-element elementor-element-70c44cb elementor-widget elementor-widget-spacer\" data-id=\"70c44cb\" data-element_type=\"widget\" data-e-type=\"widget\" data-widget_type=\"spacer.default\">\n\t\t\t\t<div class=\"elementor-widget-container\">\n\t\t\t\t\t\t\t<div class=\"elementor-spacer\">\n\t\t\t<div class=\"elementor-spacer-inner\"><\/div>\n\t\t<\/div>\n\t\t\t\t\t\t<\/div>\n\t\t\t\t<\/div>\n\t\t\t\t\t<\/div>\n\t\t<\/div>\n\t\t\t\t\t<\/div>\n\t\t<\/section>\n\t\t\t\t<section class=\"elementor-section elementor-top-section elementor-element elementor-element-d33b90f elementor-section-boxed elementor-section-height-default elementor-section-height-default\" data-id=\"d33b90f\" data-element_type=\"section\" data-e-type=\"section\">\n\t\t\t\t\t\t<div class=\"elementor-container elementor-column-gap-default\">\n\t\t\t\t\t<div class=\"elementor-column elementor-col-100 elementor-top-column elementor-element elementor-element-e91db62\" data-id=\"e91db62\" data-element_type=\"column\" data-e-type=\"column\">\n\t\t\t<div class=\"elementor-widget-wrap elementor-element-populated\">\n\t\t\t\t\t\t<div class=\"elementor-element elementor-element-869d522 elementor-widget elementor-widget-text-editor\" data-id=\"869d522\" data-element_type=\"widget\" data-e-type=\"widget\" data-widget_type=\"text-editor.default\">\n\t\t\t\t<div class=\"elementor-widget-container\">\n\t\t\t\t\t\t\t\t\t<h2><span style=\"color: #993300;\"><strong>Hinweise zum Anlass\u00a0<\/strong><\/span><\/h2>\t\t\t\t\t\t\t\t<\/div>\n\t\t\t\t<\/div>\n\t\t\t\t\t<\/div>\n\t\t<\/div>\n\t\t\t\t\t<\/div>\n\t\t<\/section>\n\t\t\t\t<section class=\"elementor-section elementor-top-section elementor-element elementor-element-7ef280d elementor-section-boxed elementor-section-height-default elementor-section-height-default\" data-id=\"7ef280d\" data-element_type=\"section\" data-e-type=\"section\">\n\t\t\t\t\t\t<div class=\"elementor-container elementor-column-gap-default\">\n\t\t\t\t\t<div class=\"elementor-column elementor-col-100 elementor-top-column elementor-element elementor-element-f913f1e\" data-id=\"f913f1e\" data-element_type=\"column\" data-e-type=\"column\">\n\t\t\t<div class=\"elementor-widget-wrap elementor-element-populated\">\n\t\t\t\t\t\t<div class=\"elementor-element elementor-element-c4baf08 elementor-widget elementor-widget-text-editor\" data-id=\"c4baf08\" data-element_type=\"widget\" data-e-type=\"widget\" data-widget_type=\"text-editor.default\">\n\t\t\t\t<div class=\"elementor-widget-container\">\n\t\t\t\t\t\t\t\t\t<p><span style=\"color: #993300;\"><strong>Letzter Anmeldetermin<\/strong> <\/span><br \/><strong>Mittwoch, 28. Januar 2026<\/strong><br \/>Beschr\u00e4nkte Platzzahl \u2013 <br \/>De Gschwinder isch de Schneller.<\/p><p><span style=\"color: #993300;\"><strong>Wichtig bei Verhinderung<\/strong> <\/span><br \/>Nach bereits erfolgter Anmeldung sind nachtr\u00e4gliche Abmeldungen bitte per Mail an <span style=\"color: #993300;\"><strong><a style=\"color: #993300;\" href=\"mailto:alain.schoepfer@sbb.ch\" target=\"_blank\" rel=\"noopener\">alain.schoepfer@sbb.ch<\/a><\/strong><\/span> zu senden.<\/p><p><span style=\"color: #993300;\"><strong>Save the date: Mitgliederversammlung 2026<\/strong> <\/span><br \/>Die Mitgliederversammlung 2026 KV\u00f6V Regionalgruppe Z\u00fcrich und Ostschweiz findet am Dienstag, 7. April 2026, im Westlink statt. Details folgen zu einem sp\u00e4teren Zeitpunkt.<\/p>\t\t\t\t\t\t\t\t<\/div>\n\t\t\t\t<\/div>\n\t\t\t\t\t<\/div>\n\t\t<\/div>\n\t\t\t\t\t<\/div>\n\t\t<\/section>\n\t\t\t\t<section class=\"elementor-section elementor-top-section elementor-element elementor-element-e49e4c0 elementor-section-boxed elementor-section-height-default elementor-section-height-default\" data-id=\"e49e4c0\" data-element_type=\"section\" data-e-type=\"section\">\n\t\t\t\t\t\t<div class=\"elementor-container elementor-column-gap-default\">\n\t\t\t\t\t<div class=\"elementor-column elementor-col-100 elementor-top-column elementor-element elementor-element-ab4df69\" data-id=\"ab4df69\" data-element_type=\"column\" data-e-type=\"column\">\n\t\t\t<div class=\"elementor-widget-wrap elementor-element-populated\">\n\t\t\t\t\t\t<div class=\"elementor-element elementor-element-efb44de elementor-widget elementor-widget-spacer\" data-id=\"efb44de\" data-element_type=\"widget\" data-e-type=\"widget\" data-widget_type=\"spacer.default\">\n\t\t\t\t<div class=\"elementor-widget-container\">\n\t\t\t\t\t\t\t<div class=\"elementor-spacer\">\n\t\t\t<div class=\"elementor-spacer-inner\"><\/div>\n\t\t<\/div>\n\t\t\t\t\t\t<\/div>\n\t\t\t\t<\/div>\n\t\t\t\t\t<\/div>\n\t\t<\/div>\n\t\t\t\t\t<\/div>\n\t\t<\/section>\n\t\t\t\t<section class=\"elementor-section elementor-top-section elementor-element elementor-element-3823ffb elementor-section-boxed elementor-section-height-default elementor-section-height-default\" data-id=\"3823ffb\" data-element_type=\"section\" data-e-type=\"section\">\n\t\t\t\t\t\t<div class=\"elementor-container elementor-column-gap-default\">\n\t\t\t\t\t<div class=\"elementor-column elementor-col-100 elementor-top-column elementor-element elementor-element-bbc806a\" data-id=\"bbc806a\" data-element_type=\"column\" data-e-type=\"column\">\n\t\t\t<div class=\"elementor-widget-wrap elementor-element-populated\">\n\t\t\t\t\t\t<div class=\"elementor-element elementor-element-a10eb9d elementor-widget elementor-widget-text-editor\" data-id=\"a10eb9d\" data-element_type=\"widget\" data-e-type=\"widget\" data-widget_type=\"text-editor.default\">\n\t\t\t\t<div class=\"elementor-widget-container\">\n\t\t\t\t\t\t\t\t\t<h2><span style=\"color: #993300;\"><strong>Anmeldung\u00a0<\/strong><\/span><\/h2>\t\t\t\t\t\t\t\t<\/div>\n\t\t\t\t<\/div>\n\t\t\t\t\t<\/div>\n\t\t<\/div>\n\t\t\t\t\t<\/div>\n\t\t<\/section>\n\t\t\t\t<section class=\"elementor-section elementor-top-section elementor-element elementor-element-ce505c3 elementor-section-boxed elementor-section-height-default elementor-section-height-default\" data-id=\"ce505c3\" data-element_type=\"section\" data-e-type=\"section\">\n\t\t\t\t\t\t<div class=\"elementor-container elementor-column-gap-default\">\n\t\t\t\t\t<div class=\"elementor-column elementor-col-100 elementor-top-column elementor-element elementor-element-0997742\" data-id=\"0997742\" data-element_type=\"column\" data-e-type=\"column\">\n\t\t\t<div class=\"elementor-widget-wrap elementor-element-populated\">\n\t\t\t\t\t\t<div class=\"elementor-element elementor-element-be85724 elementor-widget elementor-widget-wpforms\" data-id=\"be85724\" data-element_type=\"widget\" data-e-type=\"widget\" data-widget_type=\"wpforms.default\">\n\t\t\t\t<div class=\"elementor-widget-container\">\n\t\t\t\t\t<div class=\"wpforms-container wpforms-container-full\" id=\"wpforms-20742\"><div class=\"wpforms-entry_limit-locked\" id=\"wpforms-locked-20742\"><div class=\"form-locked-message\"><p>Der Anlass ist ausgebucht.<\/p>\n<\/div><\/div><\/div>  <!-- .wpforms-container -->\t\t\t\t<\/div>\n\t\t\t\t<\/div>\n\t\t\t\t\t<\/div>\n\t\t<\/div>\n\t\t\t\t\t<\/div>\n\t\t<\/section>\n\t\t\t\t<section class=\"elementor-section elementor-top-section elementor-element elementor-element-c74a09a elementor-section-boxed elementor-section-height-default elementor-section-height-default\" data-id=\"c74a09a\" data-element_type=\"section\" data-e-type=\"section\">\n\t\t\t\t\t\t<div class=\"elementor-container elementor-column-gap-default\">\n\t\t\t\t\t<div class=\"elementor-column elementor-col-100 elementor-top-column elementor-element elementor-element-70907dc\" data-id=\"70907dc\" data-element_type=\"column\" data-e-type=\"column\">\n\t\t\t<div class=\"elementor-widget-wrap elementor-element-populated\">\n\t\t\t\t\t\t<div class=\"elementor-element elementor-element-68bb663 elementor-widget elementor-widget-spacer\" data-id=\"68bb663\" data-element_type=\"widget\" data-e-type=\"widget\" data-widget_type=\"spacer.default\">\n\t\t\t\t<div class=\"elementor-widget-container\">\n\t\t\t\t\t\t\t<div class=\"elementor-spacer\">\n\t\t\t<div class=\"elementor-spacer-inner\"><\/div>\n\t\t<\/div>\n\t\t\t\t\t\t<\/div>\n\t\t\t\t<\/div>\n\t\t\t\t\t<\/div>\n\t\t<\/div>\n\t\t\t\t\t<\/div>\n\t\t<\/section>\n\t\t\t\t<\/div>\n\t\t","protected":false},"excerpt":{"rendered":"<p>\u00abVon den 2-Achsern \u00fcber den starren Fahrplan zu Bahn und Bus 2000 +NEAT\u00bb Einladung zum Anlass der Regionalgruppe Z\u00fcrich \/ Ostschweiz aus der Reihe \u00abKV\u00f6V im Dialog\u00bb vom 4. Februar 2026 mit Referat Liebe Kolleginnen und Kollegen Wir freuen uns, euch zum ersten Anlass im Jahr 2026 aus der Reihe \u00abKV\u00f6V im Dialog\u00bb der KV\u00f6V-Regionalgruppe [&hellip;]<\/p>\n","protected":false},"author":1,"featured_media":0,"parent":1717,"menu_order":0,"comment_status":"closed","ping_status":"closed","template":"","meta":{"footnotes":""},"categories":[],"tags":[],"class_list":["post-20746","page","type-page","status-publish","hentry"],"_links":{"self":[{"href":"https:\/\/www.kvoev-actp.ch\/fr\/wp-json\/wp\/v2\/pages\/20746","targetHints":{"allow":["GET"]}}],"collection":[{"href":"https:\/\/www.kvoev-actp.ch\/fr\/wp-json\/wp\/v2\/pages"}],"about":[{"href":"https:\/\/www.kvoev-actp.ch\/fr\/wp-json\/wp\/v2\/types\/page"}],"author":[{"embeddable":true,"href":"https:\/\/www.kvoev-actp.ch\/fr\/wp-json\/wp\/v2\/users\/1"}],"replies":[{"embeddable":true,"href":"https:\/\/www.kvoev-actp.ch\/fr\/wp-json\/wp\/v2\/comments?post=20746"}],"version-history":[{"count":5,"href":"https:\/\/www.kvoev-actp.ch\/fr\/wp-json\/wp\/v2\/pages\/20746\/revisions"}],"predecessor-version":[{"id":20755,"href":"https:\/\/www.kvoev-actp.ch\/fr\/wp-json\/wp\/v2\/pages\/20746\/revisions\/20755"}],"up":[{"embeddable":true,"href":"https:\/\/www.kvoev-actp.ch\/fr\/wp-json\/wp\/v2\/pages\/1717"}],"wp:attachment":[{"href":"https:\/\/www.kvoev-actp.ch\/fr\/wp-json\/wp\/v2\/media?parent=20746"}],"wp:term":[{"taxonomy":"category","embeddable":true,"href":"https:\/\/www.kvoev-actp.ch\/fr\/wp-json\/wp\/v2\/categories?post=20746"},{"taxonomy":"post_tag","embeddable":true,"href":"https:\/\/www.kvoev-actp.ch\/fr\/wp-json\/wp\/v2\/tags?post=20746"}],"curies":[{"name":"wp","href":"https:\/\/api.w.org\/{rel}","templated":true}]}}