{"id":20899,"date":"2026-02-06T16:17:57","date_gmt":"2026-02-06T15:17:57","guid":{"rendered":"https:\/\/kvoev-actp.ch\/manifestations\/manifestation-ch-1-2026-le-transport-international-de-marchandises-quo-vadis\/"},"modified":"2026-02-26T08:31:35","modified_gmt":"2026-02-26T07:31:35","slug":"manifestation-ch-1-2026-le-transport-international-de-marchandises-quo-vadis","status":"publish","type":"page","link":"https:\/\/www.kvoev-actp.ch\/fr\/manifestations\/manifestation-ch-1-2026-le-transport-international-de-marchandises-quo-vadis\/","title":{"rendered":"Manifestation CH 1\/2026 \u00ab Le transport international de marchandises \u2013 quo vadis ? \u00bb"},"content":{"rendered":"\t\t<div data-elementor-type=\"wp-page\" data-elementor-id=\"20899\" class=\"elementor elementor-20899 elementor-20886\" data-elementor-post-type=\"page\">\n\t\t\t\t\t\t<section class=\"elementor-section elementor-top-section elementor-element elementor-element-692a7aa elementor-section-boxed elementor-section-height-default elementor-section-height-default\" data-id=\"692a7aa\" data-element_type=\"section\" data-e-type=\"section\">\n\t\t\t\t\t\t<div class=\"elementor-container elementor-column-gap-default\">\n\t\t\t\t\t<div class=\"elementor-column elementor-col-100 elementor-top-column elementor-element elementor-element-4ce95e6\" data-id=\"4ce95e6\" data-element_type=\"column\" data-e-type=\"column\">\n\t\t\t<div class=\"elementor-widget-wrap elementor-element-populated\">\n\t\t\t\t\t\t<div class=\"elementor-element elementor-element-4c85422 elementor-widget elementor-widget-spacer\" data-id=\"4c85422\" data-element_type=\"widget\" data-e-type=\"widget\" data-widget_type=\"spacer.default\">\n\t\t\t\t<div class=\"elementor-widget-container\">\n\t\t\t\t\t\t\t<div class=\"elementor-spacer\">\n\t\t\t<div class=\"elementor-spacer-inner\"><\/div>\n\t\t<\/div>\n\t\t\t\t\t\t<\/div>\n\t\t\t\t<\/div>\n\t\t\t\t\t<\/div>\n\t\t<\/div>\n\t\t\t\t\t<\/div>\n\t\t<\/section>\n\t\t\t\t<section class=\"elementor-section elementor-top-section elementor-element elementor-element-cad4272 elementor-section-boxed elementor-section-height-default elementor-section-height-default\" data-id=\"cad4272\" data-element_type=\"section\" data-e-type=\"section\">\n\t\t\t\t\t\t<div class=\"elementor-container elementor-column-gap-default\">\n\t\t\t\t\t<div class=\"elementor-column elementor-col-100 elementor-top-column elementor-element elementor-element-4f12459\" data-id=\"4f12459\" data-element_type=\"column\" data-e-type=\"column\">\n\t\t\t<div class=\"elementor-widget-wrap elementor-element-populated\">\n\t\t\t\t\t\t<div class=\"elementor-element elementor-element-ee5a179 elementor-widget elementor-widget-heading\" data-id=\"ee5a179\" data-element_type=\"widget\" data-e-type=\"widget\" data-widget_type=\"heading.default\">\n\t\t\t\t<div class=\"elementor-widget-container\">\n\t\t\t\t\t<h1 class=\"elementor-heading-title elementor-size-default\">Manifestation CH 1\/2026 \u00ab Le transport international de marchandises \u2013 quo vadis ? \u00bb\n<\/h1>\t\t\t\t<\/div>\n\t\t\t\t<\/div>\n\t\t\t\t\t<\/div>\n\t\t<\/div>\n\t\t\t\t\t<\/div>\n\t\t<\/section>\n\t\t\t\t<section class=\"elementor-section elementor-top-section elementor-element elementor-element-f86014d elementor-section-boxed elementor-section-height-default elementor-section-height-default\" data-id=\"f86014d\" data-element_type=\"section\" data-e-type=\"section\">\n\t\t\t\t\t\t<div class=\"elementor-container elementor-column-gap-default\">\n\t\t\t\t\t<div class=\"elementor-column elementor-col-100 elementor-top-column elementor-element elementor-element-4a7e824\" data-id=\"4a7e824\" data-element_type=\"column\" data-e-type=\"column\">\n\t\t\t<div class=\"elementor-widget-wrap elementor-element-populated\">\n\t\t\t\t\t\t<div class=\"elementor-element elementor-element-8364422 elementor-widget elementor-widget-text-editor\" data-id=\"8364422\" data-element_type=\"widget\" data-e-type=\"widget\" data-widget_type=\"text-editor.default\">\n\t\t\t\t<div class=\"elementor-widget-container\">\n\t\t\t\t\t\t\t\t\t<h2><span style=\"color: #993300;\"><strong>\u00c9valuation du point de vue de Dirk Stahl, PDG de BLS Cargo<\/strong><\/span><\/h2>\t\t\t\t\t\t\t\t<\/div>\n\t\t\t\t<\/div>\n\t\t\t\t\t<\/div>\n\t\t<\/div>\n\t\t\t\t\t<\/div>\n\t\t<\/section>\n\t\t\t\t<section class=\"elementor-section elementor-top-section elementor-element elementor-element-b5336d3 elementor-section-boxed elementor-section-height-default elementor-section-height-default\" data-id=\"b5336d3\" data-element_type=\"section\" data-e-type=\"section\">\n\t\t\t\t\t\t<div class=\"elementor-container elementor-column-gap-default\">\n\t\t\t\t\t<div class=\"elementor-column elementor-col-33 elementor-top-column elementor-element elementor-element-3261ac0\" data-id=\"3261ac0\" data-element_type=\"column\" data-e-type=\"column\">\n\t\t\t<div class=\"elementor-widget-wrap elementor-element-populated\">\n\t\t\t\t\t\t<div class=\"elementor-element elementor-element-d971ee8 elementor-widget elementor-widget-image\" data-id=\"d971ee8\" data-element_type=\"widget\" data-e-type=\"widget\" data-widget_type=\"image.default\">\n\t\t\t\t<div class=\"elementor-widget-container\">\n\t\t\t\t\t\t\t\t\t\t\t\t\t\t\t<img fetchpriority=\"high\" decoding=\"async\" width=\"426\" height=\"373\" src=\"https:\/\/www.kvoev-actp.ch\/wp-content\/uploads\/2026\/02\/dirk-stahl.jpg\" class=\"attachment-large size-large wp-image-20889\" alt=\"Dr. rer. pol. Dirk Stahl\" srcset=\"https:\/\/www.kvoev-actp.ch\/wp-content\/uploads\/2026\/02\/dirk-stahl.jpg 426w, https:\/\/www.kvoev-actp.ch\/wp-content\/uploads\/2026\/02\/dirk-stahl-300x263.jpg 300w\" sizes=\"(max-width: 426px) 100vw, 426px\" \/>\t\t\t\t\t\t\t\t\t\t\t\t\t\t\t<\/div>\n\t\t\t\t<\/div>\n\t\t\t\t\t<\/div>\n\t\t<\/div>\n\t\t\t\t<div class=\"elementor-column elementor-col-66 elementor-top-column elementor-element elementor-element-e393b26\" data-id=\"e393b26\" data-element_type=\"column\" data-e-type=\"column\">\n\t\t\t<div class=\"elementor-widget-wrap elementor-element-populated\">\n\t\t\t\t\t\t<div class=\"elementor-element elementor-element-dd7d5d4 elementor-widget__width-initial elementor-widget elementor-widget-text-editor\" data-id=\"dd7d5d4\" data-element_type=\"widget\" data-e-type=\"widget\" data-widget_type=\"text-editor.default\">\n\t\t\t\t<div class=\"elementor-widget-container\">\n\t\t\t\t\t\t\t\t\t<p>Dr. Dirk Stahl dirige le transport de marchandises de la BLS depuis le 1er juin 2000 en tant que responsable Cargo, puis en tant que CEO de BLS Cargo. Auparavant, il \u00e9tait assistant de direction et responsable des relations internationales et des projets strat\u00e9giques au sein de DB Cargo.   <br><br>Il est titulaire d&#8217;un dipl\u00f4me en \u00e9conomie et d&#8217;un doctorat en sciences politiques de l&#8217;universit\u00e9 Wilhelms de M\u00fcnster en Westphalie.   <br><br>Dans son expos\u00e9, il pr\u00e9sente la situation actuelle du transport ferroviaire de marchandises en Europe, et plus particuli\u00e8rement la politique suisse de transfert modal, les conditions n\u00e9cessaires \u00e0 un regain d&#8217;int\u00e9r\u00eat pour le transport ferroviaire de marchandises et la mani\u00e8re dont BLS Cargo s&#8217;y prend pour s&#8217;imposer face aux graves probl\u00e8mes d&#8217;infrastructure et \u00e0 la faiblesse conjoncturelle actuels. <\/p>\t\t\t\t\t\t\t\t<\/div>\n\t\t\t\t<\/div>\n\t\t\t\t\t<\/div>\n\t\t<\/div>\n\t\t\t\t\t<\/div>\n\t\t<\/section>\n\t\t\t\t<section class=\"elementor-section elementor-top-section elementor-element elementor-element-532639a elementor-section-boxed elementor-section-height-default elementor-section-height-default\" data-id=\"532639a\" data-element_type=\"section\" data-e-type=\"section\">\n\t\t\t\t\t\t<div class=\"elementor-container elementor-column-gap-default\">\n\t\t\t\t\t<div class=\"elementor-column elementor-col-100 elementor-top-column elementor-element elementor-element-ffd5722\" data-id=\"ffd5722\" data-element_type=\"column\" data-e-type=\"column\">\n\t\t\t<div class=\"elementor-widget-wrap elementor-element-populated\">\n\t\t\t\t\t\t<div class=\"elementor-element elementor-element-8fa60bb elementor-widget__width-initial elementor-widget elementor-widget-text-editor\" data-id=\"8fa60bb\" data-element_type=\"widget\" data-e-type=\"widget\" data-widget_type=\"text-editor.default\">\n\t\t\t\t<div class=\"elementor-widget-container\">\n\t\t\t\t\t\t\t\t\t<p><span style=\"color: #993300;\"><strong>Site<\/strong> <\/span><br \/><strong>WylerPark CFF, Wylerstrasse 125, Berne<\/strong>. (Bus n\u00b020 de la gare, arr\u00eat Wyleregg)<\/p><p><span style=\"color: #993300;\"><strong>Date<\/strong> <\/span><br \/><strong>Mardi, 3 mars 2026<\/strong>, de 18 h \u00e0 20 h 30, avec agape pour soigner votre r\u00e9seau<\/p><p><strong><span style=\"color: #993300;\">Programme<\/span> <\/strong><br \/>D\u00e8s 18 h 00 &#8211; Accueil \/ Enregistrement des participant:es<br \/>18 h 30 &#8211; Mot d\u2019introduction par le pr\u00e9sident de l\u2019ACTP,<br \/>pr\u00e9sentation de l&#8217;intervenant<br \/>18 h 40 &#8211; <strong>Expos\u00e9 par Dr. Dirk Stahl<\/strong> (en allemand)<br \/>Env. 19 h 15 &#8211; <strong>Forum des questions et discussion<\/strong><br \/>Env. 19 h 40 &#8211; <strong>Agape en guise de plateforme d\u2019\u00e9change, offert par l\u2019ACTP <\/strong><br \/>Env. 20 h 30 &#8211; Fin de la manifestation<\/p><p>Nous nous r\u00e9jouissons de vous voir nombreux \u00e0 l\u2019occasion de cette int\u00e9ressante manifestation sur un sujet d\u2019actualit\u00e9.<\/p><p><span style=\"color: #000000;\"><strong>Association des cadres des transports publics ACTP<\/strong><\/span><\/p>\t\t\t\t\t\t\t\t<\/div>\n\t\t\t\t<\/div>\n\t\t\t\t\t<\/div>\n\t\t<\/div>\n\t\t\t\t\t<\/div>\n\t\t<\/section>\n\t\t\t\t<section class=\"elementor-section elementor-top-section elementor-element elementor-element-a84efad elementor-section-boxed elementor-section-height-default elementor-section-height-default\" data-id=\"a84efad\" data-element_type=\"section\" data-e-type=\"section\">\n\t\t\t\t\t\t<div class=\"elementor-container elementor-column-gap-default\">\n\t\t\t\t\t<div class=\"elementor-column elementor-col-50 elementor-top-column elementor-element elementor-element-ef9312a\" data-id=\"ef9312a\" data-element_type=\"column\" data-e-type=\"column\">\n\t\t\t<div class=\"elementor-widget-wrap elementor-element-populated\">\n\t\t\t\t\t\t<div class=\"elementor-element elementor-element-c6393a5 elementor-widget elementor-widget-text-editor\" data-id=\"c6393a5\" data-element_type=\"widget\" data-e-type=\"widget\" data-widget_type=\"text-editor.default\">\n\t\t\t\t<div class=\"elementor-widget-container\">\n\t\t\t\t\t\t\t\t\t<p><strong>Markus Sp\u00fchler<\/strong><br>Pr\u00e9sident  <br><br><\/p>\t\t\t\t\t\t\t\t<\/div>\n\t\t\t\t<\/div>\n\t\t\t\t\t<\/div>\n\t\t<\/div>\n\t\t\t\t<div class=\"elementor-column elementor-col-50 elementor-top-column elementor-element elementor-element-d79184f\" data-id=\"d79184f\" data-element_type=\"column\" data-e-type=\"column\">\n\t\t\t<div class=\"elementor-widget-wrap elementor-element-populated\">\n\t\t\t\t\t\t<div class=\"elementor-element elementor-element-598f024 elementor-widget elementor-widget-text-editor\" data-id=\"598f024\" data-element_type=\"widget\" data-e-type=\"widget\" data-widget_type=\"text-editor.default\">\n\t\t\t\t<div class=\"elementor-widget-container\">\n\t\t\t\t\t\t\t\t\t<p><strong>Heinz Wiggenhauser<br><\/strong>Marketing et communication<\/p>\t\t\t\t\t\t\t\t<\/div>\n\t\t\t\t<\/div>\n\t\t\t\t\t<\/div>\n\t\t<\/div>\n\t\t\t\t\t<\/div>\n\t\t<\/section>\n\t\t\t\t<section class=\"elementor-section elementor-top-section elementor-element elementor-element-f30dae1 elementor-section-boxed elementor-section-height-default elementor-section-height-default\" data-id=\"f30dae1\" data-element_type=\"section\" data-e-type=\"section\">\n\t\t\t\t\t\t<div class=\"elementor-container elementor-column-gap-default\">\n\t\t\t\t\t<div class=\"elementor-column elementor-col-100 elementor-top-column elementor-element elementor-element-c5b40e3\" data-id=\"c5b40e3\" data-element_type=\"column\" data-e-type=\"column\">\n\t\t\t<div class=\"elementor-widget-wrap\">\n\t\t\t\t\t\t\t<\/div>\n\t\t<\/div>\n\t\t\t\t\t<\/div>\n\t\t<\/section>\n\t\t\t\t<section class=\"elementor-section elementor-top-section elementor-element elementor-element-4e51565 elementor-section-boxed elementor-section-height-default elementor-section-height-default\" data-id=\"4e51565\" data-element_type=\"section\" data-e-type=\"section\">\n\t\t\t\t\t\t<div class=\"elementor-container elementor-column-gap-default\">\n\t\t\t\t\t<div class=\"elementor-column elementor-col-100 elementor-top-column elementor-element elementor-element-1874caa\" data-id=\"1874caa\" data-element_type=\"column\" data-e-type=\"column\">\n\t\t\t<div class=\"elementor-widget-wrap elementor-element-populated\">\n\t\t\t\t\t\t<div class=\"elementor-element elementor-element-e4fc875 elementor-widget elementor-widget-button\" data-id=\"e4fc875\" data-element_type=\"widget\" data-e-type=\"widget\" data-widget_type=\"button.default\">\n\t\t\t\t<div class=\"elementor-widget-container\">\n\t\t\t\t\t\t\t\t\t<div class=\"elementor-button-wrapper\">\n\t\t\t\t\t<a class=\"elementor-button elementor-button-link elementor-size-sm\" href=\"https:\/\/www.kvoev-actp.ch\/wp-content\/uploads\/2026\/02\/260303-Inviation-a-la-manifestation-nationale-CH-1-2026-avec-Dirkk-Stahl-CEO-de-BLS-Cargo-le-03-mar-26-1.pdf\" target=\"_blank\">\n\t\t\t\t\t\t<span class=\"elementor-button-content-wrapper\">\n\t\t\t\t\t\t\t\t\t<span class=\"elementor-button-text\">Invitation manifestation CH 1-2026<\/span>\n\t\t\t\t\t<\/span>\n\t\t\t\t\t<\/a>\n\t\t\t\t<\/div>\n\t\t\t\t\t\t\t\t<\/div>\n\t\t\t\t<\/div>\n\t\t\t\t<div class=\"elementor-element elementor-element-70c44cb elementor-widget elementor-widget-spacer\" data-id=\"70c44cb\" data-element_type=\"widget\" data-e-type=\"widget\" data-widget_type=\"spacer.default\">\n\t\t\t\t<div class=\"elementor-widget-container\">\n\t\t\t\t\t\t\t<div class=\"elementor-spacer\">\n\t\t\t<div class=\"elementor-spacer-inner\"><\/div>\n\t\t<\/div>\n\t\t\t\t\t\t<\/div>\n\t\t\t\t<\/div>\n\t\t\t\t\t<\/div>\n\t\t<\/div>\n\t\t\t\t\t<\/div>\n\t\t<\/section>\n\t\t\t\t<section class=\"elementor-section elementor-top-section elementor-element elementor-element-33ffae6 elementor-section-boxed elementor-section-height-default elementor-section-height-default\" data-id=\"33ffae6\" data-element_type=\"section\" data-e-type=\"section\">\n\t\t\t\t\t\t<div class=\"elementor-container elementor-column-gap-default\">\n\t\t\t\t\t<div class=\"elementor-column elementor-col-100 elementor-top-column elementor-element elementor-element-5532711\" data-id=\"5532711\" data-element_type=\"column\" data-e-type=\"column\">\n\t\t\t<div class=\"elementor-widget-wrap elementor-element-populated\">\n\t\t\t\t\t\t<div class=\"elementor-element elementor-element-c538ef0 elementor-widget elementor-widget-text-editor\" data-id=\"c538ef0\" data-element_type=\"widget\" data-e-type=\"widget\" data-widget_type=\"text-editor.default\">\n\t\t\t\t<div class=\"elementor-widget-container\">\n\t\t\t\t\t\t\t\t\t<h2><span style=\"color: #993300;\"><strong>Informations importantes<\/strong><\/span><\/h2><p><span style=\"color: #993300;\"><strong>Cl\u00f4ture des inscriptions<\/strong><\/span><br \/>Au soir du<strong> Mercredi, 25<\/strong><strong>. F\u00e9vrier 2026<\/strong><\/p><p><span style=\"color: #993300;\"><strong>Young Talents Community CFF<\/strong><\/span><br \/>Nous avons le plaisir d&#8217;inviter \u00e0 nouveau les membres de CFF Young Talents. Soyez les bienvenus !<\/p><p><span style=\"color: #993300;\"><strong>Enregistrement vid\u00e9o \/ photos<\/strong><\/span><br \/>Des photos et des vid\u00e9os peuvent \u00eatre prises pendant la manifestation. En vous inscrivant, vous donnez votre accord \u00e0 ce sujet.<\/p><p><strong><span style=\"color: #993300;\">En cas d\u2019emp\u00eachement<\/span><\/strong><br \/>Si vous avez un emp\u00eachement de derni\u00e8re minute le jour de la manifestation, nous vous prions d&#8217;annuler votre participation \u00e0 temps par SMS \u00e0 +41 079 223 05 25 (Markus Sp\u00fchler).<\/p><p>Pour vous d\u00e9sinscrire au pr\u00e9alable, pri\u00e8re d\u2019envoyer un courriel \u00e0 <span style=\"color: #993300;\"><strong><a style=\"color: #993300;\" href=\"mailto:info@kvoev-actp.ch\" target=\"_blank\" rel=\"noopener\">info@kvoev-actp.ch<\/a><\/strong><\/span><\/p><p><span style=\"color: #993300;\"><strong> Invitez un(e) coll\u00e8gue !<\/strong><\/span><br \/>Nos \u00e9v\u00e9nements sont l&#8217;occasion id\u00e9ale de pr\u00e9senter le ACTP \u00e0 un coll\u00e8gue de travail.<br \/>Nous allons bient\u00f4t relancer notre campagne de parrainage, qui permet aux parrains de gagner des primes.<\/p>\t\t\t\t\t\t\t\t<\/div>\n\t\t\t\t<\/div>\n\t\t\t\t\t<\/div>\n\t\t<\/div>\n\t\t\t\t\t<\/div>\n\t\t<\/section>\n\t\t\t\t<\/div>\n\t\t","protected":false},"excerpt":{"rendered":"<p>Manifestation CH 1\/2026 \u00ab Le transport international de marchandises \u2013 quo vadis ? \u00bb \u00c9valuation du point de vue de Dirk Stahl, PDG de BLS Cargo Dr. Dirk Stahl dirige le transport de marchandises de la BLS depuis le 1er juin 2000 en tant que responsable Cargo, puis en tant que CEO de BLS Cargo. [&hellip;]<\/p>\n","protected":false},"author":1,"featured_media":0,"parent":1717,"menu_order":0,"comment_status":"closed","ping_status":"closed","template":"","meta":{"footnotes":""},"categories":[55,79],"tags":[],"class_list":["post-20899","page","type-page","status-publish","hentry","category-anlaesse","category-ch-anlass"],"_links":{"self":[{"href":"https:\/\/www.kvoev-actp.ch\/fr\/wp-json\/wp\/v2\/pages\/20899","targetHints":{"allow":["GET"]}}],"collection":[{"href":"https:\/\/www.kvoev-actp.ch\/fr\/wp-json\/wp\/v2\/pages"}],"about":[{"href":"https:\/\/www.kvoev-actp.ch\/fr\/wp-json\/wp\/v2\/types\/page"}],"author":[{"embeddable":true,"href":"https:\/\/www.kvoev-actp.ch\/fr\/wp-json\/wp\/v2\/users\/1"}],"replies":[{"embeddable":true,"href":"https:\/\/www.kvoev-actp.ch\/fr\/wp-json\/wp\/v2\/comments?post=20899"}],"version-history":[{"count":5,"href":"https:\/\/www.kvoev-actp.ch\/fr\/wp-json\/wp\/v2\/pages\/20899\/revisions"}],"predecessor-version":[{"id":21138,"href":"https:\/\/www.kvoev-actp.ch\/fr\/wp-json\/wp\/v2\/pages\/20899\/revisions\/21138"}],"up":[{"embeddable":true,"href":"https:\/\/www.kvoev-actp.ch\/fr\/wp-json\/wp\/v2\/pages\/1717"}],"wp:attachment":[{"href":"https:\/\/www.kvoev-actp.ch\/fr\/wp-json\/wp\/v2\/media?parent=20899"}],"wp:term":[{"taxonomy":"category","embeddable":true,"href":"https:\/\/www.kvoev-actp.ch\/fr\/wp-json\/wp\/v2\/categories?post=20899"},{"taxonomy":"post_tag","embeddable":true,"href":"https:\/\/www.kvoev-actp.ch\/fr\/wp-json\/wp\/v2\/tags?post=20899"}],"curies":[{"name":"wp","href":"https:\/\/api.w.org\/{rel}","templated":true}]}}