{"id":4051,"date":"2021-03-01T10:05:51","date_gmt":"2021-03-01T09:05:51","guid":{"rendered":"http:\/\/kvoev-actp.ch\/manifestations\/retransmission-en-direct-l7-mars-2021\/"},"modified":"2021-03-04T10:02:42","modified_gmt":"2021-03-04T09:02:42","slug":"retransmission-en-direct-l7-mars-2021","status":"publish","type":"page","link":"https:\/\/www.kvoev-actp.ch\/fr\/manifestations\/retransmission-en-direct-l7-mars-2021\/","title":{"rendered":"Retransmission en direct l7 mars 2021"},"content":{"rendered":"\t\t<div data-elementor-type=\"wp-page\" data-elementor-id=\"4051\" class=\"elementor elementor-4051 elementor-270\" data-elementor-post-type=\"page\">\n\t\t\t\t\t\t<section class=\"elementor-section elementor-top-section elementor-element elementor-element-28a739e elementor-section-boxed elementor-section-height-default elementor-section-height-default\" data-id=\"28a739e\" data-element_type=\"section\" data-e-type=\"section\">\n\t\t\t\t\t\t<div class=\"elementor-container elementor-column-gap-default\">\n\t\t\t\t\t<div class=\"elementor-column elementor-col-100 elementor-top-column elementor-element elementor-element-2d6c954\" data-id=\"2d6c954\" data-element_type=\"column\" data-e-type=\"column\">\n\t\t\t<div class=\"elementor-widget-wrap elementor-element-populated\">\n\t\t\t\t\t\t<div class=\"elementor-element elementor-element-6c67475 elementor-widget elementor-widget-spacer\" data-id=\"6c67475\" data-element_type=\"widget\" data-e-type=\"widget\" data-widget_type=\"spacer.default\">\n\t\t\t\t<div class=\"elementor-widget-container\">\n\t\t\t\t\t\t\t<div class=\"elementor-spacer\">\n\t\t\t<div class=\"elementor-spacer-inner\"><\/div>\n\t\t<\/div>\n\t\t\t\t\t\t<\/div>\n\t\t\t\t<\/div>\n\t\t\t\t<div class=\"elementor-element elementor-element-fc55205 elementor-widget elementor-widget-heading\" data-id=\"fc55205\" data-element_type=\"widget\" data-e-type=\"widget\" data-widget_type=\"heading.default\">\n\t\t\t\t<div class=\"elementor-widget-container\">\n\t\t\t\t\t<h1 class=\"elementor-heading-title elementor-size-default\">Retransmission en direct<\/h1>\t\t\t\t<\/div>\n\t\t\t\t<\/div>\n\t\t\t\t<div class=\"elementor-element elementor-element-c3d9d69 elementor-widget elementor-widget-text-editor\" data-id=\"c3d9d69\" data-element_type=\"widget\" data-e-type=\"widget\" data-widget_type=\"text-editor.default\">\n\t\t\t\t<div class=\"elementor-widget-container\">\n\t\t\t\t\t\t\t\t\t<p><span style=\"font-size: 14pt;\">Mercredi, 17 mars 2021<\/span><\/p>\t\t\t\t\t\t\t\t<\/div>\n\t\t\t\t<\/div>\n\t\t\t\t<div class=\"elementor-element elementor-element-120ac06 elementor-widget elementor-widget-heading\" data-id=\"120ac06\" data-element_type=\"widget\" data-e-type=\"widget\" data-widget_type=\"heading.default\">\n\t\t\t\t<div class=\"elementor-widget-container\">\n\t\t\t\t\t<h2 class=\"elementor-heading-title elementor-size-default\">\u00ab Justice climatique, vendredi pour l'avenir et les transports publics -    comment la justice climatique peut-elle s'appliquer aux TP \u00e0 l'avenir? \u00bb<\/h2>\t\t\t\t<\/div>\n\t\t\t\t<\/div>\n\t\t\t\t<div class=\"elementor-element elementor-element-43305ea elementor-widget elementor-widget-heading\" data-id=\"43305ea\" data-element_type=\"widget\" data-e-type=\"widget\" data-widget_type=\"heading.default\">\n\t\t\t\t<div class=\"elementor-widget-container\">\n\t\t\t\t\t<h4 class=\"elementor-heading-title elementor-size-default\">Les intervenants:<br>- Christian K\u00f6nig, directeur des ventes de Stadler Rail <br> - Ueli St\u00fcckelberger, directeur de l'Union des transports publics (UTP)<br>- Julia K\u00fcng, copr\u00e9sidente des Jeunes Verts Suisse<\/h4>\t\t\t\t<\/div>\n\t\t\t\t<\/div>\n\t\t\t\t\t<\/div>\n\t\t<\/div>\n\t\t\t\t\t<\/div>\n\t\t<\/section>\n\t\t\t\t<section class=\"elementor-section elementor-top-section elementor-element elementor-element-61505e3 elementor-section-boxed elementor-section-height-default elementor-section-height-default\" data-id=\"61505e3\" data-element_type=\"section\" data-e-type=\"section\">\n\t\t\t\t\t\t<div class=\"elementor-container elementor-column-gap-default\">\n\t\t\t\t\t<div class=\"elementor-column elementor-col-66 elementor-top-column elementor-element elementor-element-7de7c71\" data-id=\"7de7c71\" data-element_type=\"column\" data-e-type=\"column\">\n\t\t\t<div class=\"elementor-widget-wrap elementor-element-populated\">\n\t\t\t\t\t\t<div class=\"elementor-element elementor-element-cbefdbc elementor-widget elementor-widget-image\" data-id=\"cbefdbc\" data-element_type=\"widget\" data-e-type=\"widget\" data-widget_type=\"image.default\">\n\t\t\t\t<div class=\"elementor-widget-container\">\n\t\t\t\t\t\t\t\t\t\t\t\t\t\t\t<img fetchpriority=\"high\" decoding=\"async\" width=\"420\" height=\"250\" src=\"https:\/\/www.kvoev-actp.ch\/wp-content\/uploads\/2021\/03\/klimaerwaermung-420.jpg\" class=\"attachment-large size-large wp-image-4021\" alt=\"\" srcset=\"https:\/\/www.kvoev-actp.ch\/wp-content\/uploads\/2021\/03\/klimaerwaermung-420.jpg 420w, https:\/\/www.kvoev-actp.ch\/wp-content\/uploads\/2021\/03\/klimaerwaermung-420-300x179.jpg 300w, https:\/\/www.kvoev-actp.ch\/wp-content\/uploads\/2021\/03\/klimaerwaermung-420-285x171.jpg 285w\" sizes=\"(max-width: 420px) 100vw, 420px\" \/>\t\t\t\t\t\t\t\t\t\t\t\t\t\t\t<\/div>\n\t\t\t\t<\/div>\n\t\t\t\t\t<\/div>\n\t\t<\/div>\n\t\t\t\t<div class=\"elementor-column elementor-col-33 elementor-top-column elementor-element elementor-element-02d2e07\" data-id=\"02d2e07\" data-element_type=\"column\" data-e-type=\"column\">\n\t\t\t<div class=\"elementor-widget-wrap elementor-element-populated\">\n\t\t\t\t\t\t<div class=\"elementor-element elementor-element-4da5771 elementor-widget elementor-widget-text-editor\" data-id=\"4da5771\" data-element_type=\"widget\" data-e-type=\"widget\" data-widget_type=\"text-editor.default\">\n\t\t\t\t<div class=\"elementor-widget-container\">\n\t\t\t\t\t\t\t\t\t<p><span style=\"font-size: 14pt;\">En coop\u00e9ration avec la Communaut\u00e9 des jeunes talents des CFF et le TraineeAlumniClub des CFF, l&#8217;Association des cadres organise une discussion sur ce sujet passionnant en direct via MS Teams avec les intervenants suivants :<br \/>&#8211; Christian K\u00f6nig, directeur des ventes de Stadler Rail <br \/>&#8211; Ueli St\u00fcckelberger, directeur de l&#8217;Union des transports publics (UTP)<br \/>&#8211; Julia K\u00fcng, copr\u00e9sidente des Jeunes Verts Suisse <\/span><\/p><p><span style=\"font-size: 14pt;\">Les \u00e9t\u00e9s secs, les vagues de chaleur, les fortes pr\u00e9cipitations intenses et les hivers peu enneig\u00e9s deviennent la norme, en partie \u00e0 cause du r\u00e9chauffement climatique.<br \/>Les \u00e9missions de CO2 sont l&#8217;une des raisons de cette situation. En Suisse, les transports repr\u00e9sentent 33 % des \u00e9missions de CO2. C&#8217;est pourquoi les transports publics respectueux du climat constituent une partie importante de la solution au probl\u00e8me. <\/span><\/p>\t\t\t\t\t\t\t\t<\/div>\n\t\t\t\t<\/div>\n\t\t\t\t\t<\/div>\n\t\t<\/div>\n\t\t\t\t\t<\/div>\n\t\t<\/section>\n\t\t\t\t<section class=\"elementor-section elementor-top-section elementor-element elementor-element-303260b elementor-section-boxed elementor-section-height-default elementor-section-height-default\" data-id=\"303260b\" data-element_type=\"section\" data-e-type=\"section\">\n\t\t\t\t\t\t<div class=\"elementor-container elementor-column-gap-default\">\n\t\t\t\t\t<div class=\"elementor-column elementor-col-100 elementor-top-column elementor-element elementor-element-9e6f5c2\" data-id=\"9e6f5c2\" data-element_type=\"column\" data-e-type=\"column\">\n\t\t\t<div class=\"elementor-widget-wrap elementor-element-populated\">\n\t\t\t\t\t\t<div class=\"elementor-element elementor-element-d56a8c0 elementor-widget-divider--view-line elementor-widget elementor-widget-divider\" data-id=\"d56a8c0\" data-element_type=\"widget\" data-e-type=\"widget\" data-widget_type=\"divider.default\">\n\t\t\t\t<div class=\"elementor-widget-container\">\n\t\t\t\t\t\t\t<div class=\"elementor-divider\">\n\t\t\t<span class=\"elementor-divider-separator\">\n\t\t\t\t\t\t<\/span>\n\t\t<\/div>\n\t\t\t\t\t\t<\/div>\n\t\t\t\t<\/div>\n\t\t\t\t\t<\/div>\n\t\t<\/div>\n\t\t\t\t\t<\/div>\n\t\t<\/section>\n\t\t\t\t<section class=\"elementor-section elementor-top-section elementor-element elementor-element-f9ed0bc elementor-section-boxed elementor-section-height-default elementor-section-height-default\" data-id=\"f9ed0bc\" data-element_type=\"section\" data-e-type=\"section\">\n\t\t\t\t\t\t<div class=\"elementor-container elementor-column-gap-default\">\n\t\t\t\t\t<div class=\"elementor-column elementor-col-50 elementor-top-column elementor-element elementor-element-4eea745\" data-id=\"4eea745\" data-element_type=\"column\" data-e-type=\"column\">\n\t\t\t<div class=\"elementor-widget-wrap elementor-element-populated\">\n\t\t\t\t\t\t<div class=\"elementor-element elementor-element-bd87428 elementor-widget elementor-widget-text-editor\" data-id=\"bd87428\" data-element_type=\"widget\" data-e-type=\"widget\" data-widget_type=\"text-editor.default\">\n\t\t\t\t<div class=\"elementor-widget-container\">\n\t\t\t\t\t\t\t\t\t<p><span style=\"font-size: 14pt;\"><strong>Lieu:<\/strong><\/span><br \/><span style=\"font-size: 14pt;\">Retransmission en direct via MS Teams, en allemand<\/span><\/p><p><span style=\"font-size: 14pt;\"><strong>Date:<\/strong><\/span><br \/><span style=\"font-size: 14pt;\">Mercredi 17 mars 21, d\u00e8s 16.45 heures \u00e0 18.30 heures env.<\/span><\/p>\t\t\t\t\t\t\t\t<\/div>\n\t\t\t\t<\/div>\n\t\t\t\t\t<\/div>\n\t\t<\/div>\n\t\t\t\t<div class=\"elementor-column elementor-col-50 elementor-top-column elementor-element elementor-element-778c664\" data-id=\"778c664\" data-element_type=\"column\" data-e-type=\"column\">\n\t\t\t<div class=\"elementor-widget-wrap elementor-element-populated\">\n\t\t\t\t\t\t<div class=\"elementor-element elementor-element-9e9c177 elementor-widget elementor-widget-text-editor\" data-id=\"9e9c177\" data-element_type=\"widget\" data-e-type=\"widget\" data-widget_type=\"text-editor.default\">\n\t\t\t\t<div class=\"elementor-widget-container\">\n\t\t\t\t\t\t\t\t\t<p><span style=\"font-size: 14pt;\"><strong>Programme:<\/strong><\/span><br \/><span style=\"font-size: 14pt;\">Le lien Teams et le programme d\u00e9taill\u00e9 suivront ult\u00e9rieurement par \u00e9mail<\/span><\/p><p><span style=\"font-size: 14pt;\"><strong>Inscription:<\/strong><\/span><br \/><span style=\"font-size: 14pt;\"><a href=\"https:\/\/events.sbb.ch\/Zukunft-Klima-Event\/anmeldung\" target=\"_blank\" rel=\"noopener\">https:\/\/events.sbb.ch\/Zukunft-Klima-Event\/anmeldung<\/a><\/span><\/p>\t\t\t\t\t\t\t\t<\/div>\n\t\t\t\t<\/div>\n\t\t\t\t\t<\/div>\n\t\t<\/div>\n\t\t\t\t\t<\/div>\n\t\t<\/section>\n\t\t\t\t<section class=\"elementor-section elementor-top-section elementor-element elementor-element-a477bfd elementor-section-boxed elementor-section-height-default elementor-section-height-default\" data-id=\"a477bfd\" data-element_type=\"section\" data-e-type=\"section\">\n\t\t\t\t\t\t<div class=\"elementor-container elementor-column-gap-default\">\n\t\t\t\t\t<div class=\"elementor-column elementor-col-100 elementor-top-column elementor-element elementor-element-39747ae\" data-id=\"39747ae\" data-element_type=\"column\" data-e-type=\"column\">\n\t\t\t<div class=\"elementor-widget-wrap elementor-element-populated\">\n\t\t\t\t\t\t<div class=\"elementor-element elementor-element-5bbdf1a elementor-widget-divider--view-line elementor-widget elementor-widget-divider\" data-id=\"5bbdf1a\" data-element_type=\"widget\" data-e-type=\"widget\" data-widget_type=\"divider.default\">\n\t\t\t\t<div class=\"elementor-widget-container\">\n\t\t\t\t\t\t\t<div class=\"elementor-divider\">\n\t\t\t<span class=\"elementor-divider-separator\">\n\t\t\t\t\t\t<\/span>\n\t\t<\/div>\n\t\t\t\t\t\t<\/div>\n\t\t\t\t<\/div>\n\t\t\t\t<div class=\"elementor-element elementor-element-7ecd7be elementor-widget elementor-widget-text-editor\" data-id=\"7ecd7be\" data-element_type=\"widget\" data-e-type=\"widget\" data-widget_type=\"text-editor.default\">\n\t\t\t\t<div class=\"elementor-widget-container\">\n\t\t\t\t\t\t\t\t\t<p><span style=\"font-size: 14pt;\">Malgr\u00e9 la situation difficile, nous sommes heureux de pouvoir vous inviter \u00e0 un \u00e9v\u00e9nement passionnant en coop\u00e9ration avec les deux partenaires, et nous nous r\u00e9jouissons d&#8217;accueillir un grand nombre de participants.<\/span><\/p><p><span style=\"font-size: 14pt;\">Meilleures salutations<\/span><\/p><p>\u00a0<\/p><p><span style=\"font-size: 14pt;\"><strong>Association des cadres des transports publics ACTP<\/strong><\/span><\/p>\t\t\t\t\t\t\t\t<\/div>\n\t\t\t\t<\/div>\n\t\t\t\t\t<\/div>\n\t\t<\/div>\n\t\t\t\t\t<\/div>\n\t\t<\/section>\n\t\t\t\t<section class=\"elementor-section elementor-top-section elementor-element elementor-element-762a195 elementor-section-boxed elementor-section-height-default elementor-section-height-default\" data-id=\"762a195\" data-element_type=\"section\" data-e-type=\"section\">\n\t\t\t\t\t\t<div class=\"elementor-container elementor-column-gap-default\">\n\t\t\t\t\t<div class=\"elementor-column elementor-col-100 elementor-top-column elementor-element elementor-element-bc4fce4\" data-id=\"bc4fce4\" data-element_type=\"column\" data-e-type=\"column\">\n\t\t\t<div class=\"elementor-widget-wrap elementor-element-populated\">\n\t\t\t\t\t\t<section class=\"elementor-section elementor-inner-section elementor-element elementor-element-153b332 elementor-section-boxed elementor-section-height-default elementor-section-height-default\" data-id=\"153b332\" data-element_type=\"section\" data-e-type=\"section\">\n\t\t\t\t\t\t<div class=\"elementor-container elementor-column-gap-default\">\n\t\t\t\t\t<div class=\"elementor-column elementor-col-50 elementor-inner-column elementor-element elementor-element-d166ae0\" data-id=\"d166ae0\" data-element_type=\"column\" data-e-type=\"column\">\n\t\t\t<div class=\"elementor-widget-wrap elementor-element-populated\">\n\t\t\t\t\t\t<div class=\"elementor-element elementor-element-7e47d42 elementor-widget elementor-widget-text-editor\" data-id=\"7e47d42\" data-element_type=\"widget\" data-e-type=\"widget\" data-widget_type=\"text-editor.default\">\n\t\t\t\t<div class=\"elementor-widget-container\">\n\t\t\t\t\t\t\t\t\t<p><span style=\"font-size: 14pt;\">Markus Sp\u00fchler <\/span><br \/><span style=\"font-size: 14pt;\">Pr\u00e9sident<\/span><\/p>\t\t\t\t\t\t\t\t<\/div>\n\t\t\t\t<\/div>\n\t\t\t\t\t<\/div>\n\t\t<\/div>\n\t\t\t\t<div class=\"elementor-column elementor-col-50 elementor-inner-column elementor-element elementor-element-27c0e38\" data-id=\"27c0e38\" data-element_type=\"column\" data-e-type=\"column\">\n\t\t\t<div class=\"elementor-widget-wrap elementor-element-populated\">\n\t\t\t\t\t\t<div class=\"elementor-element elementor-element-d9a68d2 elementor-widget elementor-widget-text-editor\" data-id=\"d9a68d2\" data-element_type=\"widget\" data-e-type=\"widget\" data-widget_type=\"text-editor.default\">\n\t\t\t\t<div class=\"elementor-widget-container\">\n\t\t\t\t\t\t\t\t\t<p><span style=\"font-size: 14pt;\">Michel Mermoud<\/span><br \/><span style=\"font-size: 14pt;\">Pr\u00e9sident du groupe r\u00e9gional Suisse romande \/ Valais<\/span> <\/p>\t\t\t\t\t\t\t\t<\/div>\n\t\t\t\t<\/div>\n\t\t\t\t\t<\/div>\n\t\t<\/div>\n\t\t\t\t\t<\/div>\n\t\t<\/section>\n\t\t\t\t\t<\/div>\n\t\t<\/div>\n\t\t\t\t\t<\/div>\n\t\t<\/section>\n\t\t\t\t<section class=\"elementor-section elementor-top-section elementor-element elementor-element-c7f38cd elementor-section-boxed elementor-section-height-default elementor-section-height-default\" data-id=\"c7f38cd\" data-element_type=\"section\" data-e-type=\"section\">\n\t\t\t\t\t\t<div class=\"elementor-container elementor-column-gap-default\">\n\t\t\t\t\t<div class=\"elementor-column elementor-col-100 elementor-top-column elementor-element elementor-element-3618e1d\" data-id=\"3618e1d\" data-element_type=\"column\" data-e-type=\"column\">\n\t\t\t<div class=\"elementor-widget-wrap elementor-element-populated\">\n\t\t\t\t\t\t<div class=\"elementor-element elementor-element-88f21bc elementor-widget elementor-widget-text-editor\" data-id=\"88f21bc\" data-element_type=\"widget\" data-e-type=\"widget\" data-widget_type=\"text-editor.default\">\n\t\t\t\t<div class=\"elementor-widget-container\">\n\t\t\t\t\t\t\t\t\t<p><strong><span style=\"font-size: 14pt;\"><img decoding=\"async\" class=\"alignnone wp-image-4053\" src=\"https:\/\/www.kvoev-actp.ch\/wp-content\/uploads\/2019\/11\/pdf-128.png\" alt=\"\" width=\"50\" height=\"50\" \/><a href=\"https:\/\/www.kvoev-actp.ch\/wp-content\/uploads\/2021\/03\/210317-Invitation-manif-Climat-Vendredi-pour-lavenir-et-TP-17-mar-21-1.pdf\" target=\"_blank\" rel=\"noopener\">Invitation retransmission en directe 17 mars 2021<\/a><br \/><\/span><\/strong><\/p>\t\t\t\t\t\t\t\t<\/div>\n\t\t\t\t<\/div>\n\t\t\t\t\t<\/div>\n\t\t<\/div>\n\t\t\t\t\t<\/div>\n\t\t<\/section>\n\t\t\t\t<section class=\"elementor-section elementor-top-section elementor-element elementor-element-80af2b3 elementor-section-boxed elementor-section-height-default elementor-section-height-default\" data-id=\"80af2b3\" data-element_type=\"section\" data-e-type=\"section\">\n\t\t\t\t\t\t<div class=\"elementor-container elementor-column-gap-default\">\n\t\t\t\t\t<div class=\"elementor-column elementor-col-100 elementor-top-column elementor-element elementor-element-e37e194\" data-id=\"e37e194\" data-element_type=\"column\" data-e-type=\"column\">\n\t\t\t<div class=\"elementor-widget-wrap elementor-element-populated\">\n\t\t\t\t\t\t<div class=\"elementor-element elementor-element-b70cb3a elementor-widget elementor-widget-spacer\" data-id=\"b70cb3a\" data-element_type=\"widget\" data-e-type=\"widget\" data-widget_type=\"spacer.default\">\n\t\t\t\t<div class=\"elementor-widget-container\">\n\t\t\t\t\t\t\t<div class=\"elementor-spacer\">\n\t\t\t<div class=\"elementor-spacer-inner\"><\/div>\n\t\t<\/div>\n\t\t\t\t\t\t<\/div>\n\t\t\t\t<\/div>\n\t\t\t\t\t<\/div>\n\t\t<\/div>\n\t\t\t\t\t<\/div>\n\t\t<\/section>\n\t\t\t\t<\/div>\n\t\t","protected":false},"excerpt":{"rendered":"<p>Retransmission en direct Mercredi, 17 mars 2021 \u00ab Justice climatique, vendredi pour l&#8217;avenir et les transports publics &#8211; comment la justice climatique peut-elle s&#8217;appliquer aux TP \u00e0 l&#8217;avenir? \u00bb Les intervenants:&#8211; Christian K\u00f6nig, directeur des ventes de Stadler Rail &#8211; Ueli St\u00fcckelberger, directeur de l&#8217;Union des transports publics (UTP)&#8211; Julia K\u00fcng, copr\u00e9sidente des Jeunes Verts [&hellip;]<\/p>\n","protected":false},"author":1,"featured_media":0,"parent":1717,"menu_order":0,"comment_status":"closed","ping_status":"closed","template":"","meta":{"footnotes":""},"categories":[],"tags":[],"class_list":["post-4051","page","type-page","status-publish","hentry"],"_links":{"self":[{"href":"https:\/\/www.kvoev-actp.ch\/fr\/wp-json\/wp\/v2\/pages\/4051","targetHints":{"allow":["GET"]}}],"collection":[{"href":"https:\/\/www.kvoev-actp.ch\/fr\/wp-json\/wp\/v2\/pages"}],"about":[{"href":"https:\/\/www.kvoev-actp.ch\/fr\/wp-json\/wp\/v2\/types\/page"}],"author":[{"embeddable":true,"href":"https:\/\/www.kvoev-actp.ch\/fr\/wp-json\/wp\/v2\/users\/1"}],"replies":[{"embeddable":true,"href":"https:\/\/www.kvoev-actp.ch\/fr\/wp-json\/wp\/v2\/comments?post=4051"}],"version-history":[{"count":5,"href":"https:\/\/www.kvoev-actp.ch\/fr\/wp-json\/wp\/v2\/pages\/4051\/revisions"}],"predecessor-version":[{"id":4187,"href":"https:\/\/www.kvoev-actp.ch\/fr\/wp-json\/wp\/v2\/pages\/4051\/revisions\/4187"}],"up":[{"embeddable":true,"href":"https:\/\/www.kvoev-actp.ch\/fr\/wp-json\/wp\/v2\/pages\/1717"}],"wp:attachment":[{"href":"https:\/\/www.kvoev-actp.ch\/fr\/wp-json\/wp\/v2\/media?parent=4051"}],"wp:term":[{"taxonomy":"category","embeddable":true,"href":"https:\/\/www.kvoev-actp.ch\/fr\/wp-json\/wp\/v2\/categories?post=4051"},{"taxonomy":"post_tag","embeddable":true,"href":"https:\/\/www.kvoev-actp.ch\/fr\/wp-json\/wp\/v2\/tags?post=4051"}],"curies":[{"name":"wp","href":"https:\/\/api.w.org\/{rel}","templated":true}]}}