{"id":4474,"date":"2021-03-30T09:28:17","date_gmt":"2021-03-30T07:28:17","guid":{"rendered":"https:\/\/kvoev-actp.ch\/prestations\/audi\/"},"modified":"2026-02-12T09:03:06","modified_gmt":"2026-02-12T08:03:06","slug":"audi","status":"publish","type":"page","link":"https:\/\/www.kvoev-actp.ch\/fr\/prestations\/voitures\/audi\/","title":{"rendered":"Audi"},"content":{"rendered":"\t\t<div data-elementor-type=\"wp-page\" data-elementor-id=\"4474\" class=\"elementor elementor-4474 elementor-4460\" data-elementor-post-type=\"page\">\n\t\t\t\t\t\t<section class=\"elementor-section elementor-top-section elementor-element elementor-element-7f352a1 elementor-section-boxed elementor-section-height-default elementor-section-height-default\" data-id=\"7f352a1\" data-element_type=\"section\" data-e-type=\"section\">\n\t\t\t\t\t\t<div class=\"elementor-container elementor-column-gap-default\">\n\t\t\t\t\t<div class=\"elementor-column elementor-col-100 elementor-top-column elementor-element elementor-element-9e828cf\" data-id=\"9e828cf\" data-element_type=\"column\" data-e-type=\"column\">\n\t\t\t<div class=\"elementor-widget-wrap elementor-element-populated\">\n\t\t\t\t\t\t<div class=\"elementor-element elementor-element-51b63fe elementor-widget elementor-widget-spacer\" data-id=\"51b63fe\" data-element_type=\"widget\" data-e-type=\"widget\" data-widget_type=\"spacer.default\">\n\t\t\t\t<div class=\"elementor-widget-container\">\n\t\t\t\t\t\t\t<div class=\"elementor-spacer\">\n\t\t\t<div class=\"elementor-spacer-inner\"><\/div>\n\t\t<\/div>\n\t\t\t\t\t\t<\/div>\n\t\t\t\t<\/div>\n\t\t\t\t\t<\/div>\n\t\t<\/div>\n\t\t\t\t\t<\/div>\n\t\t<\/section>\n\t\t\t\t<section class=\"elementor-section elementor-top-section elementor-element elementor-element-2b8ccac elementor-section-boxed elementor-section-height-default elementor-section-height-default\" data-id=\"2b8ccac\" data-element_type=\"section\" data-e-type=\"section\">\n\t\t\t\t\t\t<div class=\"elementor-container elementor-column-gap-default\">\n\t\t\t\t\t<div class=\"elementor-column elementor-col-100 elementor-top-column elementor-element elementor-element-e0cd8eb\" data-id=\"e0cd8eb\" data-element_type=\"column\" data-e-type=\"column\">\n\t\t\t<div class=\"elementor-widget-wrap elementor-element-populated\">\n\t\t\t\t\t\t<div class=\"elementor-element elementor-element-4bc69b2 elementor-widget elementor-widget-heading\" data-id=\"4bc69b2\" data-element_type=\"widget\" data-e-type=\"widget\" data-widget_type=\"heading.default\">\n\t\t\t\t<div class=\"elementor-widget-container\">\n\t\t\t\t\t<h1 class=\"elementor-heading-title elementor-size-default\">Audi et l\u2019ACTP -  Rabais et conditions sp\u00e9ciales d'Audi Suisse<\/h1>\t\t\t\t<\/div>\n\t\t\t\t<\/div>\n\t\t\t\t\t<\/div>\n\t\t<\/div>\n\t\t\t\t\t<\/div>\n\t\t<\/section>\n\t\t\t\t<section class=\"elementor-section elementor-top-section elementor-element elementor-element-0436407 elementor-section-boxed elementor-section-height-default elementor-section-height-default\" data-id=\"0436407\" data-element_type=\"section\" data-e-type=\"section\">\n\t\t\t\t\t\t<div class=\"elementor-container elementor-column-gap-default\">\n\t\t\t\t\t<div class=\"elementor-column elementor-col-100 elementor-top-column elementor-element elementor-element-955cde3\" data-id=\"955cde3\" data-element_type=\"column\" data-e-type=\"column\">\n\t\t\t<div class=\"elementor-widget-wrap elementor-element-populated\">\n\t\t\t\t\t\t<div class=\"elementor-element elementor-element-ce4dbaf elementor-widget elementor-widget-image\" data-id=\"ce4dbaf\" data-element_type=\"widget\" data-e-type=\"widget\" data-widget_type=\"image.default\">\n\t\t\t\t<div class=\"elementor-widget-container\">\n\t\t\t\t\t\t\t\t\t\t\t\t\t\t\t<img fetchpriority=\"high\" decoding=\"async\" width=\"1600\" height=\"900\" src=\"https:\/\/www.kvoev-actp.ch\/wp-content\/uploads\/2026\/02\/Audi-Promotion-2026-FR.jpg\" class=\"attachment-full size-full wp-image-21069\" alt=\"Promotion Audi 2026\" srcset=\"https:\/\/www.kvoev-actp.ch\/wp-content\/uploads\/2026\/02\/Audi-Promotion-2026-FR.jpg 1600w, https:\/\/www.kvoev-actp.ch\/wp-content\/uploads\/2026\/02\/Audi-Promotion-2026-FR-300x169.jpg 300w, https:\/\/www.kvoev-actp.ch\/wp-content\/uploads\/2026\/02\/Audi-Promotion-2026-FR-1024x576.jpg 1024w, https:\/\/www.kvoev-actp.ch\/wp-content\/uploads\/2026\/02\/Audi-Promotion-2026-FR-768x432.jpg 768w, https:\/\/www.kvoev-actp.ch\/wp-content\/uploads\/2026\/02\/Audi-Promotion-2026-FR-1536x864.jpg 1536w\" sizes=\"(max-width: 1600px) 100vw, 1600px\" \/>\t\t\t\t\t\t\t\t\t\t\t\t\t\t\t<\/div>\n\t\t\t\t<\/div>\n\t\t\t\t\t<\/div>\n\t\t<\/div>\n\t\t\t\t\t<\/div>\n\t\t<\/section>\n\t\t\t\t<section class=\"elementor-section elementor-top-section elementor-element elementor-element-bed5c6e elementor-section-boxed elementor-section-height-default elementor-section-height-default\" data-id=\"bed5c6e\" data-element_type=\"section\" data-e-type=\"section\">\n\t\t\t\t\t\t<div class=\"elementor-container elementor-column-gap-default\">\n\t\t\t\t\t<div class=\"elementor-column elementor-col-50 elementor-top-column elementor-element elementor-element-51e83ea\" data-id=\"51e83ea\" data-element_type=\"column\" data-e-type=\"column\">\n\t\t\t<div class=\"elementor-widget-wrap elementor-element-populated\">\n\t\t\t\t\t\t<div class=\"elementor-element elementor-element-bb393f5 elementor-widget elementor-widget-text-editor\" data-id=\"bb393f5\" data-element_type=\"widget\" data-e-type=\"widget\" data-widget_type=\"text-editor.default\">\n\t\t\t\t<div class=\"elementor-widget-container\">\n\t\t\t\t\t\t\t\t\t<h2><span style=\"color: #800000;\"><strong><span style=\"color: #800000;\">Portrait Audi<\/span><\/strong><\/span><\/h2>\nAudi est synonyme de v\u00e9hicules sportifs, de fabrication de haute qualit\u00e9 et de design progressif \u2013 \u00ab Le futur na\u00eet de bonnes id\u00e9es \u00bb.\n\nLe premier mod\u00e8le de s\u00e9rie purement \u00e9lectrique Audi e-tron sort officiellement de la cha\u00eene de production chez Audi Bruxelles depuis septembre 2018. Pour Audi, l&#8217;action durable commence par l&#8217;approvisionnement et s&#8217;\u00e9tend jusqu&#8217;au recyclage des v\u00e9hicules. Audi Suisse fait partie du groupe AMAG.\n<h2><span style=\"color: #800000;\"><strong><span style=\"color: #800000;\">L&#8217;offre pour les membres de l&#8217;association des cadres du transport public<\/span><\/strong><\/span><\/h2>\nAudi Suisse accorde aux membres de l\u2019Association des cadres une offre de flotte exclusive Audi MemberPlus, comprenant le Audi Swiss Service Package+ pendant 10 ans ou 100\u2019000 km.\n<br><br>\n<span style=\"background-color: rgba(116,42,46,0.25); padding:4px px;\"><strong>Vous trouverez les offres Audi et plus encore sur le nouveau\u00a0 <a href=\"https:\/\/memberplus.audi.ch\/de.html\/98790334-120e-4df5-bbf3-242820a8b124\" target=\"_blank\" rel=\"noopener\"><span style=\"color: #993300;\">site Audi MemberPlus<\/span><\/a> exclusivement pour les membres de l&#8217;ACTP.<\/strong>\n<\/span><br><br>\n<ul>\n \t<li>Aper\u00e7u des conditions sp\u00e9ciales Audi attrayantes et des avantages de prix pour les membres de l&#8217;ACTP<\/li>\n \t<li>En tant que membre, vous b\u00e9n\u00e9ficiez d&#8217;une compensation de 4.2% et d&#8217;une r\u00e9duction MemberPlus de 11% apr\u00e8s compensation *.\n*<span style=\"font-size: 10pt;\"> Combinable avec le leasing pr\u00e9f\u00e9rentiel et des primes individuelles suppl\u00e9mentaires\/avantages package.<\/span><\/li>\n \t<li>Les offres indiquent toujours aussi le taux de leasing actuel<\/li>\n \t<li>Calculateur de taux de leasing personnalisable directement int\u00e9gr\u00e9<\/li>\n \t<li>Recherche de concessionnaire, demande d&#8217;essai et d&#8217;offre accessibles en un clic.<\/li>\n<\/ul>\t\t\t\t\t\t\t\t<\/div>\n\t\t\t\t<\/div>\n\t\t\t\t\t<\/div>\n\t\t<\/div>\n\t\t\t\t<div class=\"elementor-column elementor-col-50 elementor-top-column elementor-element elementor-element-5c53f37\" data-id=\"5c53f37\" data-element_type=\"column\" data-e-type=\"column\">\n\t\t\t<div class=\"elementor-widget-wrap elementor-element-populated\">\n\t\t\t\t\t\t<div class=\"elementor-element elementor-element-c60b0a4 elementor-widget elementor-widget-text-editor\" data-id=\"c60b0a4\" data-element_type=\"widget\" data-e-type=\"widget\" data-widget_type=\"text-editor.default\">\n\t\t\t\t<div class=\"elementor-widget-container\">\n\t\t\t\t\t\t\t\t\t<h2><span style=\"color: #800000;\"><strong>Comment b\u00e9n\u00e9ficier de la r\u00e9duction pour les membres<\/strong><\/span><\/h2><ul><li>Si vous souhaitez b\u00e9n\u00e9ficier de la r\u00e9duction accord\u00e9e aux membres de l\u2019Association des cadres sur une nouvelle voiture Audi, envoyez un courriel avec le mot cl\u00e9 &#8220;Audi discount&#8221; \u00e0 <strong><span style=\"color: #993300;\"><a style=\"color: #993300;\" href=\"mailto:info@kvoev-actp.ch\" target=\"_blank\" rel=\"noopener\">info@kvoev-actp.ch<\/a><\/span><\/strong>, avec votre nom et votre adresse \u00e9lectronique.<\/li><li>Nous vous enverrons ensuite un courriel confirmant votre adh\u00e9sion \u00e0 l\u2019Association des cadres des transports, que vous pourrez pr\u00e9senter \u00e0 votre concessionnaire Audi &#8211; c&#8217;est tout.<\/li><\/ul><h2><span style=\"color: #800000;\"><strong>Les r\u00e8gles<\/strong><\/span><\/h2><ul><li>La remise est calcul\u00e9e \u00e0 partir du prix catalogue brut du v\u00e9hicule neuf, y compris les options d&#8217;usine. Seuls les prix, conditions et d\u00e9lais de livraison convenus par le partenaire Audi sont applicables. Audi Suisse se r\u00e9serve le droit de modifier ou de r\u00e9voquer l&#8217;offre \u00e0 tout moment et sans pr\u00e9avis.<\/li><li>Pr\u00e9sentez le formulaire sign\u00e9 par l\u2019Association des cadres lors de votre premier contact avec le partenaire Audi de votre choix. Cela vous permettra de recevoir la meilleure offre.<\/li><li>Le v\u00e9hicule ne sera livr\u00e9 que par un partenaire officiel d&#8217;Audi en Suisse.<\/li><li>Les v\u00e9hicules doivent \u00eatre immatricul\u00e9s au moins six mois au nom du membre \u00e9ligible de l\u2019Association des cadres.<\/li><\/ul><p>Si vous avez d&#8217;autres questions, n&#8217;h\u00e9sitez pas \u00e0 nous contacter. Il suffit d&#8217;envoyer un courriel \u00e0 <a href=\"mailto:info@kvoev-actp.ch\" target=\"_blank\" rel=\"noopener\"><strong><span style=\"color: #993300;\">info@kvoev-actp.ch<\/span><\/strong><\/a>.<\/p>\t\t\t\t\t\t\t\t<\/div>\n\t\t\t\t<\/div>\n\t\t\t\t\t<\/div>\n\t\t<\/div>\n\t\t\t\t\t<\/div>\n\t\t<\/section>\n\t\t\t\t<section class=\"elementor-section elementor-top-section elementor-element elementor-element-468e58e elementor-section-boxed elementor-section-height-default elementor-section-height-default\" data-id=\"468e58e\" data-element_type=\"section\" data-e-type=\"section\">\n\t\t\t\t\t\t<div class=\"elementor-container elementor-column-gap-default\">\n\t\t\t\t\t<div class=\"elementor-column elementor-col-100 elementor-top-column elementor-element elementor-element-58cf6b3\" data-id=\"58cf6b3\" data-element_type=\"column\" data-e-type=\"column\">\n\t\t\t<div class=\"elementor-widget-wrap elementor-element-populated\">\n\t\t\t\t\t\t<div class=\"elementor-element elementor-element-c661187 elementor-widget elementor-widget-spacer\" data-id=\"c661187\" data-element_type=\"widget\" data-e-type=\"widget\" data-widget_type=\"spacer.default\">\n\t\t\t\t<div class=\"elementor-widget-container\">\n\t\t\t\t\t\t\t<div class=\"elementor-spacer\">\n\t\t\t<div class=\"elementor-spacer-inner\"><\/div>\n\t\t<\/div>\n\t\t\t\t\t\t<\/div>\n\t\t\t\t<\/div>\n\t\t\t\t\t<\/div>\n\t\t<\/div>\n\t\t\t\t\t<\/div>\n\t\t<\/section>\n\t\t\t\t<section class=\"elementor-section elementor-top-section elementor-element elementor-element-b8fc88b elementor-section-boxed elementor-section-height-default elementor-section-height-default\" data-id=\"b8fc88b\" data-element_type=\"section\" data-e-type=\"section\">\n\t\t\t\t\t\t<div class=\"elementor-container elementor-column-gap-default\">\n\t\t\t\t\t<div class=\"elementor-column elementor-col-33 elementor-top-column elementor-element elementor-element-12a45e4\" data-id=\"12a45e4\" data-element_type=\"column\" data-e-type=\"column\">\n\t\t\t<div class=\"elementor-widget-wrap elementor-element-populated\">\n\t\t\t\t\t\t<div class=\"elementor-element elementor-element-f91a30a elementor-widget elementor-widget-image\" data-id=\"f91a30a\" data-element_type=\"widget\" data-e-type=\"widget\" data-widget_type=\"image.default\">\n\t\t\t\t<div class=\"elementor-widget-container\">\n\t\t\t\t\t\t\t\t\t\t\t\t\t\t\t<img decoding=\"async\" width=\"400\" height=\"387\" src=\"https:\/\/www.kvoev-actp.ch\/wp-content\/uploads\/2026\/02\/Promotion.jpg\" class=\"attachment-large size-large wp-image-21071\" alt=\"Promotion Audi 2026\" srcset=\"https:\/\/www.kvoev-actp.ch\/wp-content\/uploads\/2026\/02\/Promotion.jpg 400w, https:\/\/www.kvoev-actp.ch\/wp-content\/uploads\/2026\/02\/Promotion-300x290.jpg 300w\" sizes=\"(max-width: 400px) 100vw, 400px\" \/>\t\t\t\t\t\t\t\t\t\t\t\t\t\t\t<\/div>\n\t\t\t\t<\/div>\n\t\t\t\t\t<\/div>\n\t\t<\/div>\n\t\t\t\t<div class=\"elementor-column elementor-col-66 elementor-top-column elementor-element elementor-element-1214b9c\" data-id=\"1214b9c\" data-element_type=\"column\" data-e-type=\"column\">\n\t\t\t<div class=\"elementor-widget-wrap elementor-element-populated\">\n\t\t\t\t\t\t<div class=\"elementor-element elementor-element-355390e elementor-widget elementor-widget-text-editor\" data-id=\"355390e\" data-element_type=\"widget\" data-e-type=\"widget\" data-widget_type=\"text-editor.default\">\n\t\t\t\t<div class=\"elementor-widget-container\">\n\t\t\t\t\t\t\t\t\t<h2><span style=\"color: #993300;\"><strong>Promotion sp\u00e9ciale<\/strong><\/span><\/h2><p>Jusqu\u2019\u00e0 fin juin 2026 (ou jusqu\u2019\u00e0 nouvel ordre), Audi pr\u00e9sentera ses mod\u00e8les tout \u00e9lectriques best-sellers<\/p><ul><li><strong>Audi A6 e-tron<\/strong><\/li><li><strong>Audi Q4 e-tron<\/strong><\/li><li><strong>Audi Q6 e-tron<\/strong><\/li><\/ul><p>et les propose avec une remise d\u2019au moins 17.3%.<\/p><p><span style=\"color: #993300;\"><strong><a style=\"color: #993300;\" href=\"https:\/\/memberplus.audi.ch\/fr\/audi.html\/98790334-120e-4df5-bbf3-242820a8b124\" target=\"_blank\" rel=\"noopener\">Pour plus d\u2019informations, cliquez ici.<\/a><\/strong><\/span><\/p><p>.<\/p>\t\t\t\t\t\t\t\t<\/div>\n\t\t\t\t<\/div>\n\t\t\t\t\t<\/div>\n\t\t<\/div>\n\t\t\t\t\t<\/div>\n\t\t<\/section>\n\t\t\t\t<section class=\"elementor-section elementor-top-section elementor-element elementor-element-d676917 elementor-section-boxed elementor-section-height-default elementor-section-height-default\" data-id=\"d676917\" data-element_type=\"section\" data-e-type=\"section\">\n\t\t\t\t\t\t<div class=\"elementor-container elementor-column-gap-default\">\n\t\t\t\t\t<div class=\"elementor-column elementor-col-100 elementor-top-column elementor-element elementor-element-19c0072\" data-id=\"19c0072\" data-element_type=\"column\" data-e-type=\"column\">\n\t\t\t<div class=\"elementor-widget-wrap elementor-element-populated\">\n\t\t\t\t\t\t<div class=\"elementor-element elementor-element-a16633a elementor-widget elementor-widget-spacer\" data-id=\"a16633a\" data-element_type=\"widget\" data-e-type=\"widget\" data-widget_type=\"spacer.default\">\n\t\t\t\t<div class=\"elementor-widget-container\">\n\t\t\t\t\t\t\t<div class=\"elementor-spacer\">\n\t\t\t<div class=\"elementor-spacer-inner\"><\/div>\n\t\t<\/div>\n\t\t\t\t\t\t<\/div>\n\t\t\t\t<\/div>\n\t\t\t\t\t<\/div>\n\t\t<\/div>\n\t\t\t\t\t<\/div>\n\t\t<\/section>\n\t\t\t\t<\/div>\n\t\t","protected":false},"excerpt":{"rendered":"<p>Audi et l\u2019ACTP &#8211; Rabais et conditions sp\u00e9ciales d&#8217;Audi Suisse Portrait Audi Audi est synonyme de v\u00e9hicules sportifs, de fabrication de haute qualit\u00e9 et de design progressif \u2013 \u00ab Le futur na\u00eet de bonnes id\u00e9es \u00bb. Le premier mod\u00e8le de s\u00e9rie purement \u00e9lectrique Audi e-tron sort officiellement de la cha\u00eene de production chez Audi Bruxelles [&hellip;]<\/p>\n","protected":false},"author":1,"featured_media":0,"parent":5855,"menu_order":0,"comment_status":"closed","ping_status":"closed","template":"","meta":{"footnotes":""},"categories":[],"tags":[],"class_list":["post-4474","page","type-page","status-publish","hentry"],"_links":{"self":[{"href":"https:\/\/www.kvoev-actp.ch\/fr\/wp-json\/wp\/v2\/pages\/4474","targetHints":{"allow":["GET"]}}],"collection":[{"href":"https:\/\/www.kvoev-actp.ch\/fr\/wp-json\/wp\/v2\/pages"}],"about":[{"href":"https:\/\/www.kvoev-actp.ch\/fr\/wp-json\/wp\/v2\/types\/page"}],"author":[{"embeddable":true,"href":"https:\/\/www.kvoev-actp.ch\/fr\/wp-json\/wp\/v2\/users\/1"}],"replies":[{"embeddable":true,"href":"https:\/\/www.kvoev-actp.ch\/fr\/wp-json\/wp\/v2\/comments?post=4474"}],"version-history":[{"count":5,"href":"https:\/\/www.kvoev-actp.ch\/fr\/wp-json\/wp\/v2\/pages\/4474\/revisions"}],"predecessor-version":[{"id":21077,"href":"https:\/\/www.kvoev-actp.ch\/fr\/wp-json\/wp\/v2\/pages\/4474\/revisions\/21077"}],"up":[{"embeddable":true,"href":"https:\/\/www.kvoev-actp.ch\/fr\/wp-json\/wp\/v2\/pages\/5855"}],"wp:attachment":[{"href":"https:\/\/www.kvoev-actp.ch\/fr\/wp-json\/wp\/v2\/media?parent=4474"}],"wp:term":[{"taxonomy":"category","embeddable":true,"href":"https:\/\/www.kvoev-actp.ch\/fr\/wp-json\/wp\/v2\/categories?post=4474"},{"taxonomy":"post_tag","embeddable":true,"href":"https:\/\/www.kvoev-actp.ch\/fr\/wp-json\/wp\/v2\/tags?post=4474"}],"curies":[{"name":"wp","href":"https:\/\/api.w.org\/{rel}","templated":true}]}}